{"id":7369,"date":"2024-10-24T15:57:06","date_gmt":"2024-10-24T15:57:06","guid":{"rendered":"https:\/\/yohannaa.com\/product\/albaso-habesha-hair-style-cornrows\/"},"modified":"2024-10-24T15:57:06","modified_gmt":"2024-10-24T15:57:06","slug":"albaso-habesha-hair-style-cornrows","status":"publish","type":"product","link":"https:\/\/yohannaa.com\/no\/shop\/harforlengelser\/flette-harforlengelser\/spetra-fletter\/albaso-habesha-hair-style-cornrows\/","title":{"rendered":"Albaso Habesha Hair Style Cornrows"},"content":{"rendered":"<p dir=\"ltr\">Albaso er en beskyttende frisyre. I disse dager er det s\u00e5 mange m\u00e5ter \u00e5 style h\u00e5ret ditt p\u00e5. Albaso-frisyren er basert p\u00e5 en naturlig stil, eller gi litt holdning med en edgy up do.  <\/p>\n<p dir=\"ltr\">H\u00e5rforlengelser er laget av fibre som f\u00f8les som menneskeh\u00e5r. Ideer for \u00e5 lage freestyle Albaso. <\/p>\n<p dir=\"ltr\">H\u00e5rtype: Syntetisk<\/p>\n<ul>\n<li dir=\"ltr\">Lett \u00e5 jobbe med<\/li>\n<\/ul>\n<p dir=\"ltr\">For et helt hode trenger du i gjennomsnitt minst to pakker av v\u00e5re fletteh\u00e5rforlengelser, avhengig av hvilken stil du \u00f8nsker.<\/p>\n","protected":false},"excerpt":{"rendered":"<p>H\u00e5rextensions er laget av fiber som f\u00f8les som menneskeh\u00e5r. Ideer for \u00e5 lage freestyle albaso. <\/p>\n","protected":false},"featured_media":6923,"comment_status":"open","ping_status":"closed","template":"","meta":[],"product_brand":[1251],"product_cat":[1554,1553,1557,1658],"product_tag":[1670,1558],"class_list":{"0":"post-7369","1":"product","2":"type-product","3":"status-publish","4":"has-post-thumbnail","6":"product_brand-olivia","7":"product_cat-flette-harforlengelser","8":"product_cat-harforlengelser","9":"product_cat-spetra-fletter","10":"product_cat-x-presjonsfletter","11":"product_tag-albaso-no","12":"product_tag-harforlengelser","14":"first","15":"instock","16":"featured","17":"shipping-taxable","18":"purchasable","19":"product-type-variable"},"_links":{"self":[{"href":"https:\/\/yohannaa.com\/no\/wp-json\/wp\/v2\/product\/7369","targetHints":{"allow":["GET"]}}],"collection":[{"href":"https:\/\/yohannaa.com\/no\/wp-json\/wp\/v2\/product"}],"about":[{"href":"https:\/\/yohannaa.com\/no\/wp-json\/wp\/v2\/types\/product"}],"replies":[{"embeddable":true,"href":"https:\/\/yohannaa.com\/no\/wp-json\/wp\/v2\/comments?post=7369"}],"wp:featuredmedia":[{"embeddable":true,"href":"https:\/\/yohannaa.com\/no\/wp-json\/wp\/v2\/media\/6923"}],"wp:attachment":[{"href":"https:\/\/yohannaa.com\/no\/wp-json\/wp\/v2\/media?parent=7369"}],"wp:term":[{"taxonomy":"product_brand","embeddable":true,"href":"https:\/\/yohannaa.com\/no\/wp-json\/wp\/v2\/product_brand?post=7369"},{"taxonomy":"product_cat","embeddable":true,"href":"https:\/\/yohannaa.com\/no\/wp-json\/wp\/v2\/product_cat?post=7369"},{"taxonomy":"product_tag","embeddable":true,"href":"https:\/\/yohannaa.com\/no\/wp-json\/wp\/v2\/product_tag?post=7369"}],"curies":[{"name":"wp","href":"https:\/\/api.w.org\/{rel}","templated":true}]}}