{"id":7368,"date":"2024-10-24T12:57:34","date_gmt":"2024-10-24T12:57:34","guid":{"rendered":"https:\/\/yohannaa.com\/product\/wonder-edge-cherry-scent-strong-hold-vannbasert-pomade-med-sterk-hold\/"},"modified":"2024-10-24T12:57:34","modified_gmt":"2024-10-24T12:57:34","slug":"wonder-edge-cherry-scent-strong-hold-vannbasert-pomade-med-sterk-hold","status":"publish","type":"product","link":"https:\/\/yohannaa.com\/no\/shop\/harpleie\/harstyling\/stylingpomade\/wonder-edge-cherry-scent-strong-hold-vannbasert-pomade-med-sterk-hold\/","title":{"rendered":"Wonder Edge Cherry Scent Strong Hold vannbasert pomade med sterk hold"},"content":{"rendered":"<p>Kaniz Wonder Edge Cherry Scent Strong Hold vannbasert pomade<\/p>\n<p><b>Hva det er:<\/b><\/p>\n<p>En behagelig duftende, vannbasert pomade med sterkt hold og naturlige ingredienser som forbedrer, pleier og legger de sarte babyh\u00e5rene og de glatte kantene.<\/p>\n<p><b>Hvorfor det er spesielt :<\/b><\/p>\n<p>WONDEREDGE er testet av profesjonelle stylister og er utviklet for \u00e5 v\u00e6re flakfri, ikke-fettete og holde i opptil 24 timer Formelen v\u00e5r er tilsatt naturlig arganolje og inneholder kraftige antioksidanter og n\u00e6rende fettsyrer som holder h\u00e5ret fuktig og beskyttet mot stylingskader Elegant duftende av verdens beste parfym\u00f8rer for \u00e5 fremkalle en harmoni av aromaer som har kraften til \u00e5 fylle dagen din med glede, WONDEREDGE vannbasert pomade med naturlig arganolje gir h\u00f8y glans for et fuktig og strukturert utseende Styler h\u00e5ret med et sterkt og langvarig hold.<\/p>\n<p><b>Retning :<\/b><\/p>\n<p>Gni en liten mengde p\u00e5 hendene, fordel jevnt i h\u00e5ret, og style deretter som \u00f8nsket.<\/p>\n","protected":false},"excerpt":{"rendered":"<p><strong>WONDEREDGE<\/strong>: Vannbasert pomade med naturlig arganolje Skaper h\u00f8y glans for en fuktig og strukturert look. Styler h\u00e5ret med et sterkt og langvarig hold. <\/p>\n","protected":false},"featured_media":6728,"comment_status":"open","ping_status":"closed","template":"","meta":[],"product_brand":[1252],"product_cat":[1488,1469,1470],"product_tag":[1467,1471,1474,1667],"class_list":{"0":"post-7368","1":"product","2":"type-product","3":"status-publish","4":"has-post-thumbnail","6":"product_brand-kaniz","7":"product_cat-harpleie","8":"product_cat-harstyling","9":"product_cat-stylingpomade","10":"product_tag-harpleie","11":"product_tag-harstyling","12":"product_tag-kaniz-no","13":"product_tag-super-hold-og-glatte-kanter","15":"first","16":"instock","17":"shipping-taxable","18":"purchasable","19":"product-type-simple"},"_links":{"self":[{"href":"https:\/\/yohannaa.com\/no\/wp-json\/wp\/v2\/product\/7368","targetHints":{"allow":["GET"]}}],"collection":[{"href":"https:\/\/yohannaa.com\/no\/wp-json\/wp\/v2\/product"}],"about":[{"href":"https:\/\/yohannaa.com\/no\/wp-json\/wp\/v2\/types\/product"}],"replies":[{"embeddable":true,"href":"https:\/\/yohannaa.com\/no\/wp-json\/wp\/v2\/comments?post=7368"}],"wp:featuredmedia":[{"embeddable":true,"href":"https:\/\/yohannaa.com\/no\/wp-json\/wp\/v2\/media\/6728"}],"wp:attachment":[{"href":"https:\/\/yohannaa.com\/no\/wp-json\/wp\/v2\/media?parent=7368"}],"wp:term":[{"taxonomy":"product_brand","embeddable":true,"href":"https:\/\/yohannaa.com\/no\/wp-json\/wp\/v2\/product_brand?post=7368"},{"taxonomy":"product_cat","embeddable":true,"href":"https:\/\/yohannaa.com\/no\/wp-json\/wp\/v2\/product_cat?post=7368"},{"taxonomy":"product_tag","embeddable":true,"href":"https:\/\/yohannaa.com\/no\/wp-json\/wp\/v2\/product_tag?post=7368"}],"curies":[{"name":"wp","href":"https:\/\/api.w.org\/{rel}","templated":true}]}}