{"id":7367,"date":"2024-10-23T23:58:38","date_gmt":"2024-10-23T23:58:38","guid":{"rendered":"https:\/\/yohannaa.com\/product\/ors-fortifying-creme-harkjole\/"},"modified":"2024-10-23T23:58:38","modified_gmt":"2024-10-23T23:58:38","slug":"ors-fortifying-creme-harkjole","status":"publish","type":"product","link":"https:\/\/yohannaa.com\/no\/shop\/harpleie\/fuktighetskremer-for-haret\/fuktighetsgivende-krem-og-lotion\/ors-fortifying-creme-harkjole\/","title":{"rendered":"ORS FORTIFYING CREME H\u00c5RKJOLE"},"content":{"rendered":"<p>Olivenoljekremen er perfekt for t\u00f8rt, tretti h\u00e5r. Rik p\u00e5 essensielle fettsyrer, tilf\u00f8rer denne frisyren eller kremen fuktighet direkte inn i h\u00e5rstr\u00e5et. Tilf\u00f8rer fuktighet direkte inn i skjellaget. \u00d8ker h\u00e5rets elastisitet. Tilf\u00f8rer dypere, mer varig glans til h\u00e5ret.    <\/p>\n<p><strong>Viktige funksjoner<\/strong><\/p>\n<p>Forbedrer h\u00e5rets elastisitet<br \/>\nTilf\u00f8rer dypere, mer langvarig glans og fuktighet til h\u00e5ret<br \/>\nGir h\u00e5ret skinnende mykhet<br \/>\nKan brukes som en behandling over natten<\/p>\n<p><strong>Perfekt for<\/strong><\/p>\n<p>Alle som trenger intens fuktighet, elastisitet og langvarig glans<\/p>\n<p>&nbsp;<\/p>\n<p><strong>Anbefalt bruk<\/strong><\/p>\n<p>Som en daglig behandling styler. Som behandling over natten<br \/>\nForbedrer h\u00e5rets elastisitet<br \/>\nTilf\u00f8rer dypere, langvarig glans og fuktighet til h\u00e5ret.<br \/>\nBidrar til \u00e5 styrke h\u00e5ret<br \/>\ngir glansfull mykhet til h\u00e5ret<br \/>\nKan brukes som en behandling over natten. <\/p>\n","protected":false},"excerpt":{"rendered":"<p>Olivenoljekremen er perfekt for t\u00f8rt, tretti h\u00e5r. Rik p\u00e5 essensielle fettsyrer, tilf\u00f8rer denne frisyren eller kremen fuktighet direkte inn i h\u00e5rstr\u00e5et. Tilf\u00f8rer fuktighet direkte inn i skjellaget. \u00d8ker h\u00e5rets elastisitet. Tilf\u00f8rer dypere, mer varig glans til h\u00e5ret.    <\/p>\n","protected":false},"featured_media":6688,"comment_status":"open","ping_status":"closed","template":"","meta":[],"product_brand":[1225],"product_cat":[1521,1520,1488],"product_tag":[1467],"class_list":{"0":"post-7367","1":"product","2":"type-product","3":"status-publish","4":"has-post-thumbnail","6":"product_brand-ors","7":"product_cat-fuktighetsgivende-krem-og-lotion","8":"product_cat-fuktighetskremer-for-haret","9":"product_cat-harpleie","10":"product_tag-harpleie","12":"first","13":"instock","14":"shipping-taxable","15":"purchasable","16":"product-type-simple"},"_links":{"self":[{"href":"https:\/\/yohannaa.com\/no\/wp-json\/wp\/v2\/product\/7367","targetHints":{"allow":["GET"]}}],"collection":[{"href":"https:\/\/yohannaa.com\/no\/wp-json\/wp\/v2\/product"}],"about":[{"href":"https:\/\/yohannaa.com\/no\/wp-json\/wp\/v2\/types\/product"}],"replies":[{"embeddable":true,"href":"https:\/\/yohannaa.com\/no\/wp-json\/wp\/v2\/comments?post=7367"}],"wp:featuredmedia":[{"embeddable":true,"href":"https:\/\/yohannaa.com\/no\/wp-json\/wp\/v2\/media\/6688"}],"wp:attachment":[{"href":"https:\/\/yohannaa.com\/no\/wp-json\/wp\/v2\/media?parent=7367"}],"wp:term":[{"taxonomy":"product_brand","embeddable":true,"href":"https:\/\/yohannaa.com\/no\/wp-json\/wp\/v2\/product_brand?post=7367"},{"taxonomy":"product_cat","embeddable":true,"href":"https:\/\/yohannaa.com\/no\/wp-json\/wp\/v2\/product_cat?post=7367"},{"taxonomy":"product_tag","embeddable":true,"href":"https:\/\/yohannaa.com\/no\/wp-json\/wp\/v2\/product_tag?post=7367"}],"curies":[{"name":"wp","href":"https:\/\/api.w.org\/{rel}","templated":true}]}}