{"id":7366,"date":"2024-10-23T17:14:55","date_gmt":"2024-10-23T17:14:55","guid":{"rendered":"https:\/\/yohannaa.com\/product\/shea-moisture-extra-moisture-detangler-med-ra-sheasmor\/"},"modified":"2024-10-23T17:14:55","modified_gmt":"2024-10-23T17:14:55","slug":"shea-moisture-extra-moisture-detangler-med-ra-sheasmor","status":"publish","type":"product","link":"https:\/\/yohannaa.com\/no\/shop\/harpleie\/balsam\/detangling-conditioner-no\/shea-moisture-extra-moisture-detangler-med-ra-sheasmor\/","title":{"rendered":"Shea Moisture Extra Moisture Detangler med r\u00e5 sheasm\u00f8r"},"content":{"rendered":"<p>L\u00f8s opp gjenstridige knuter og floker med Raw Shea Moisture Detangler. Denne detangleren er kjent for sine fuktighetsgivende og n\u00e6rende egenskaper, og kommer med Shea Moisture&#8217;s signaturformel med sheasm\u00f8r. Shea Moisture Detangler er laget for t\u00f8rt og skadet h\u00e5r, og er perfekt for naturlig kr\u00f8llete afroh\u00e5r og bidrar til \u00e5 minimere brudd n\u00e5r du b\u00f8rster h\u00e5ret. Hvis du er lei av \u00e5 slite med kjedelig, krusete og skadet h\u00e5r, kan denne detangleren bidra til \u00e5 glatte ut t\u00f8rt h\u00e5r med sine naturlig helende botaniske ingredienser. Ved \u00e5 l\u00f8se opp knuter og floker blir stylingen mye enklere og h\u00e5ret mer h\u00e5ndterbart. Gjenopprett h\u00e5rets fylde og glans med litt hjelp fra Shea Moisture. Handle viktige <a href=\"https:\/\/www.pakcosmetics.com\/brand\/shea-moisture\" target=\"_blank\" rel=\"noopener\">Shea Moisture <\/a>. skj\u00f8nnhetsprodukter online p\u00e5 Paks i dag .     <\/p>\n<p><b>Hvordan bruke Shea Moisture Detangler?<\/b><\/p>\n<p>Denne allsidige detangleren kan sprayes p\u00e5 h\u00e5ret f\u00f8r eller etter h\u00e5rvask, og kan brukes i b\u00e5de v\u00e5tt og t\u00f8rt h\u00e5r. Kam gjennom h\u00e5ret fra spissene og ut mot r\u00f8ttene. Du trenger ikke \u00e5 skylle hvis du p\u00e5f\u00f8rer etter h\u00e5rvask.  <\/p>\n","protected":false},"excerpt":{"rendered":"<p>L\u00f8s opp gjenstridige knuter og floker med Raw Shea Moisture Detangler. Denne detangleren er kjent for sine fuktighetsgivende og n\u00e6rende egenskaper, og kommer med Shea Moistures signaturformel med sheasm\u00f8r. <\/p>\n","protected":false},"featured_media":6523,"comment_status":"open","ping_status":"closed","template":"","meta":[],"product_brand":[1247,1246],"product_cat":[1489,1600,1488],"product_tag":[],"class_list":{"0":"post-7366","1":"product","2":"type-product","3":"status-publish","4":"has-post-thumbnail","6":"product_brand-raw-shea-butter","7":"product_brand-shea-moisture","8":"product_cat-balsam","9":"product_cat-detangling-conditioner-no","10":"product_cat-harpleie","12":"first","13":"instock","14":"shipping-taxable","15":"purchasable","16":"product-type-simple"},"_links":{"self":[{"href":"https:\/\/yohannaa.com\/no\/wp-json\/wp\/v2\/product\/7366","targetHints":{"allow":["GET"]}}],"collection":[{"href":"https:\/\/yohannaa.com\/no\/wp-json\/wp\/v2\/product"}],"about":[{"href":"https:\/\/yohannaa.com\/no\/wp-json\/wp\/v2\/types\/product"}],"replies":[{"embeddable":true,"href":"https:\/\/yohannaa.com\/no\/wp-json\/wp\/v2\/comments?post=7366"}],"wp:featuredmedia":[{"embeddable":true,"href":"https:\/\/yohannaa.com\/no\/wp-json\/wp\/v2\/media\/6523"}],"wp:attachment":[{"href":"https:\/\/yohannaa.com\/no\/wp-json\/wp\/v2\/media?parent=7366"}],"wp:term":[{"taxonomy":"product_brand","embeddable":true,"href":"https:\/\/yohannaa.com\/no\/wp-json\/wp\/v2\/product_brand?post=7366"},{"taxonomy":"product_cat","embeddable":true,"href":"https:\/\/yohannaa.com\/no\/wp-json\/wp\/v2\/product_cat?post=7366"},{"taxonomy":"product_tag","embeddable":true,"href":"https:\/\/yohannaa.com\/no\/wp-json\/wp\/v2\/product_tag?post=7366"}],"curies":[{"name":"wp","href":"https:\/\/api.w.org\/{rel}","templated":true}]}}