{"id":7363,"date":"2024-10-23T23:58:39","date_gmt":"2024-10-23T23:58:39","guid":{"rendered":"https:\/\/yohannaa.com\/product\/ors-curls-unleashed-shea-butter-and-honey-curly-coil-rich-style-creme\/"},"modified":"2024-10-23T23:58:39","modified_gmt":"2024-10-23T23:58:39","slug":"ors-curls-unleashed-shea-butter-and-honey-curly-coil-rich-style-creme","status":"publish","type":"product","link":"https:\/\/yohannaa.com\/no\/shop\/harpleie\/harstyling\/styling-cream-n-lotion-no\/ors-curls-unleashed-shea-butter-and-honey-curly-coil-rich-style-creme\/","title":{"rendered":"ORS Curls Unleashed Shea Butter and Honey Curly Coil Rich Style Creme"},"content":{"rendered":"<p><span data-sheets-value=\"{\"1\":2,\"2\":\"ORS Curls Unleashed Shea Butter and Honey Curly Coil Rich Style Creme 16oz | Beautizone UK\"}\" data-sheets-userformat=\"{\"2\":14849,\"3\":{\"1\":0},\"12\":0,\"14\":{\"1\":2,\"2\":0},\"15\":\"Calibri\",\"16\":10}\">ORS Curls Unleashed Shea Butter and Honey Curly Coil Rich Style Creme 16 oz<\/span><\/p>\n<p>Definer kr\u00f8llene dine med denne naturlig tilf\u00f8rte formelen fra ORS. Formelen er spesielt laget for kr\u00f8llete, kinky og coily teksturer, og er designet for \u00e5 strekke og forlenge kr\u00f8llm\u00f8nsteret, og bekjempe krymping for et fyldigere utseende. Formelen er tilsatt n\u00e6rende sheasm\u00f8r som helbreder og reparerer spr\u00f8 h\u00e5rstr\u00e5 og mykgj\u00f8r lokkene slik at h\u00e5ret ser friskere ut. Honning, et naturlig forekommende fuktighetsbevarende middel, tilf\u00f8rer dessuten viktig fuktighet direkte inn i h\u00e5rsekken, slik at h\u00e5ret forvandles fra t\u00f8rt og kjedelig til mykt og silkeaktig. Kremen er lett, men rikholdig, og gir hold uten \u00e5 tynge h\u00e5ret eller etterlate flassende eller klissete rester. Denne definerende kremen brukes med fordel sammen med en leave-in-balsam eller kr\u00f8llesm\u00f8r, og er den siste finpussen h\u00e5rrutinen din har savnet. Den holder kr\u00f8llene fri for krus i lengre tid, og den nyvunne definisjonen vil gi enhver frisyre et mer polert utseende.    <\/p>\n<p><em>Cruelty-free.<\/em><\/p>\n","protected":false},"excerpt":{"rendered":"<p>ORS Curls Unleashed Shea Butter &amp; Honey Curl Defining Crme er ideell for kr\u00f8llete og kinky teksturer og er laget med kokosn\u00f8tt, s\u00f8te mandel- og safloroljer. Denne kr\u00f8lldefinerende kremen fukter, definerer og forlenger tett opprullede kr\u00f8ller, og gj\u00f8r det uten flak eller krymping. <\/p>\n","protected":false},"featured_media":6697,"comment_status":"open","ping_status":"closed","template":"","meta":[],"product_brand":[1225],"product_cat":[1469,1635],"product_tag":[1467,1471],"class_list":{"0":"post-7363","1":"product","2":"type-product","3":"status-publish","4":"has-post-thumbnail","6":"product_brand-ors","7":"product_cat-harstyling","8":"product_cat-styling-cream-n-lotion-no","9":"product_tag-harpleie","10":"product_tag-harstyling","12":"first","13":"instock","14":"featured","15":"shipping-taxable","16":"purchasable","17":"product-type-simple"},"_links":{"self":[{"href":"https:\/\/yohannaa.com\/no\/wp-json\/wp\/v2\/product\/7363","targetHints":{"allow":["GET"]}}],"collection":[{"href":"https:\/\/yohannaa.com\/no\/wp-json\/wp\/v2\/product"}],"about":[{"href":"https:\/\/yohannaa.com\/no\/wp-json\/wp\/v2\/types\/product"}],"replies":[{"embeddable":true,"href":"https:\/\/yohannaa.com\/no\/wp-json\/wp\/v2\/comments?post=7363"}],"wp:featuredmedia":[{"embeddable":true,"href":"https:\/\/yohannaa.com\/no\/wp-json\/wp\/v2\/media\/6697"}],"wp:attachment":[{"href":"https:\/\/yohannaa.com\/no\/wp-json\/wp\/v2\/media?parent=7363"}],"wp:term":[{"taxonomy":"product_brand","embeddable":true,"href":"https:\/\/yohannaa.com\/no\/wp-json\/wp\/v2\/product_brand?post=7363"},{"taxonomy":"product_cat","embeddable":true,"href":"https:\/\/yohannaa.com\/no\/wp-json\/wp\/v2\/product_cat?post=7363"},{"taxonomy":"product_tag","embeddable":true,"href":"https:\/\/yohannaa.com\/no\/wp-json\/wp\/v2\/product_tag?post=7363"}],"curies":[{"name":"wp","href":"https:\/\/api.w.org\/{rel}","templated":true}]}}