{"id":7362,"date":"2024-10-23T17:14:55","date_gmt":"2024-10-23T17:14:55","guid":{"rendered":"https:\/\/yohannaa.com\/product\/txtr-by-cantu-treat-hydrating-conditioner\/"},"modified":"2024-10-23T17:14:55","modified_gmt":"2024-10-23T17:14:55","slug":"txtr-by-cantu-treat-hydrating-conditioner","status":"publish","type":"product","link":"https:\/\/yohannaa.com\/no\/shop\/harpleie\/balsam\/strengthening-n-thickening-conditioner-no\/txtr-by-cantu-treat-hydrating-conditioner\/","title":{"rendered":"TXTR By Cantu Treat Hydrating Conditioner"},"content":{"rendered":"<p>TXTR Treat Hydrating Conditioner inneholder verken silikon, mineralolje eller parabener for \u00e5 v\u00e6re sk\u00e5nsom mot h\u00e5ret og gi maksimal vekst og styrke. Bruk som en leave-in balsam ved \u00e5 fordele en sjener\u00f8s mengde produkt i endene og mot roten. Kam gjennom for jevn fordeling. Ikke skyll ut.   <\/p>\n","protected":false},"excerpt":{"rendered":"<p>TXTR Treat Hydrating Conditioner inneholder verken silikon, mineralolje eller parabener for \u00e5 v\u00e6re sk\u00e5nsom mot h\u00e5ret og gi maksimal vekst og styrke. Bruk som en leave-in-balsam ved \u00e5 fordele en sjener\u00f8s mengde produkt i endene og jobbe mot roten. <\/p>\n","protected":false},"featured_media":6530,"comment_status":"closed","ping_status":"closed","template":"","meta":[],"product_brand":[1220,1248],"product_cat":[1489,1488,1544],"product_tag":[1548,1467],"class_list":{"0":"post-7362","1":"product","2":"type-product","3":"status-publish","4":"has-post-thumbnail","6":"product_brand-cantu","7":"product_brand-txtr","8":"product_cat-balsam","9":"product_cat-harpleie","10":"product_cat-strengthening-n-thickening-conditioner-no","11":"product_tag-harbalsam-no","12":"product_tag-harpleie","14":"first","15":"instock","16":"shipping-taxable","17":"purchasable","18":"product-type-simple"},"_links":{"self":[{"href":"https:\/\/yohannaa.com\/no\/wp-json\/wp\/v2\/product\/7362","targetHints":{"allow":["GET"]}}],"collection":[{"href":"https:\/\/yohannaa.com\/no\/wp-json\/wp\/v2\/product"}],"about":[{"href":"https:\/\/yohannaa.com\/no\/wp-json\/wp\/v2\/types\/product"}],"replies":[{"embeddable":true,"href":"https:\/\/yohannaa.com\/no\/wp-json\/wp\/v2\/comments?post=7362"}],"wp:featuredmedia":[{"embeddable":true,"href":"https:\/\/yohannaa.com\/no\/wp-json\/wp\/v2\/media\/6530"}],"wp:attachment":[{"href":"https:\/\/yohannaa.com\/no\/wp-json\/wp\/v2\/media?parent=7362"}],"wp:term":[{"taxonomy":"product_brand","embeddable":true,"href":"https:\/\/yohannaa.com\/no\/wp-json\/wp\/v2\/product_brand?post=7362"},{"taxonomy":"product_cat","embeddable":true,"href":"https:\/\/yohannaa.com\/no\/wp-json\/wp\/v2\/product_cat?post=7362"},{"taxonomy":"product_tag","embeddable":true,"href":"https:\/\/yohannaa.com\/no\/wp-json\/wp\/v2\/product_tag?post=7362"}],"curies":[{"name":"wp","href":"https:\/\/api.w.org\/{rel}","templated":true}]}}