{"id":7361,"date":"2024-10-23T23:58:39","date_gmt":"2024-10-23T23:58:39","guid":{"rendered":"https:\/\/yohannaa.com\/product\/ors-olive-oil-coconut-oil-nourishing-sheen-spray\/"},"modified":"2024-12-25T21:06:33","modified_gmt":"2024-12-25T21:06:33","slug":"ors-olive-oil-coconut-oil-nourishing-sheen-spray","status":"publish","type":"product","link":"https:\/\/yohannaa.com\/no\/shop\/harpleie\/sprayer-serum-og-oljer\/glansspray\/ors-olive-oil-coconut-oil-nourishing-sheen-spray\/","title":{"rendered":"ORS Olive Oil Coconut Oil Nourishing Sheen Spray"},"content":{"rendered":"<p><span data-sheets-value=\"{\"1\":2,\"2\":\"ORS Olive Oil Coconut Oil Nourishing Sheen Spray 481ml\"}\" data-sheets-userformat=\"{\"2\":513,\"3\":{\"1\":0},\"12\":0}\">ORS Olive Oil Coconut Oil Nourishing Sheen Spray 481 ml<\/span><\/p>\n<p>ORS Olive Oil Nourishing Sheen Spray gir en vakker glans uten \u00e5 tynge h\u00e5ret. Den gir en ikke-fettete glans samtidig som den gjenoppretter h\u00e5rets naturlige fuktighetsbalanse. <\/p>\n<article>\n<h3 class=\"pdp-details__sub-title\">Advarsler eller restriksjoner<\/h3>\n<p>Unng\u00e5 kontakt med \u00f8yne og \u00e5pen\/irritert hud. Hvis kontakt oppst\u00e5r, skyll med vann. <\/p>\n<\/article>\n<article>\n<h3 class=\"pdp-details__sub-title\">Produktspesifikasjon<\/h3>\n<p>Ingredienser: Paraffinum Liquidum, isobutan, isopropylmyristat, Olea Europaea (oliven) fruktolje, lanolinolje, tokoferylacetat, Aloe Barbadensis bladjuice, Equisetum Arvense (hestehov) ekstrakt, Anthemis Nobilis (kamille) ekstrakt, Urtica Dioica (brennesle) ekstrakt, Peg-12 dimetikon, parfyme, alfa-isometyl-ionon, benzylalkohol, benzylsalicylat, butylfenylmetylpropional, geraniol, heksylkinnamal, hydroksyisoheksyl-3-sykloheksenkarboksaldehyd, limonen, linalool.<\/p>\n<\/article>\n","protected":false},"excerpt":{"rendered":"<p>ORS Olive Oil Nourishing Sheen Spray gir en vakker glans uten \u00e5 tynge h\u00e5ret. Den gir en ikke-fettete glans samtidig som den gjenoppretter h\u00e5rets naturlige fuktighetsbalanse. <\/p>\n","protected":false},"featured_media":9600,"comment_status":"open","ping_status":"closed","template":"","meta":[],"product_brand":[1225],"product_cat":[1664,1511],"product_tag":[],"class_list":{"0":"post-7361","1":"product","2":"type-product","3":"status-publish","4":"has-post-thumbnail","6":"product_brand-ors","7":"product_cat-glansspray","8":"product_cat-sprayer-serum-og-oljer","10":"first","11":"instock","12":"featured","13":"shipping-taxable","14":"purchasable","15":"product-type-simple"},"_links":{"self":[{"href":"https:\/\/yohannaa.com\/no\/wp-json\/wp\/v2\/product\/7361","targetHints":{"allow":["GET"]}}],"collection":[{"href":"https:\/\/yohannaa.com\/no\/wp-json\/wp\/v2\/product"}],"about":[{"href":"https:\/\/yohannaa.com\/no\/wp-json\/wp\/v2\/types\/product"}],"replies":[{"embeddable":true,"href":"https:\/\/yohannaa.com\/no\/wp-json\/wp\/v2\/comments?post=7361"}],"wp:featuredmedia":[{"embeddable":true,"href":"https:\/\/yohannaa.com\/no\/wp-json\/wp\/v2\/media\/9600"}],"wp:attachment":[{"href":"https:\/\/yohannaa.com\/no\/wp-json\/wp\/v2\/media?parent=7361"}],"wp:term":[{"taxonomy":"product_brand","embeddable":true,"href":"https:\/\/yohannaa.com\/no\/wp-json\/wp\/v2\/product_brand?post=7361"},{"taxonomy":"product_cat","embeddable":true,"href":"https:\/\/yohannaa.com\/no\/wp-json\/wp\/v2\/product_cat?post=7361"},{"taxonomy":"product_tag","embeddable":true,"href":"https:\/\/yohannaa.com\/no\/wp-json\/wp\/v2\/product_tag?post=7361"}],"curies":[{"name":"wp","href":"https:\/\/api.w.org\/{rel}","templated":true}]}}