{"id":7360,"date":"2024-10-23T17:14:55","date_gmt":"2024-10-23T17:14:55","guid":{"rendered":"https:\/\/yohannaa.com\/product\/txtr-by-cantu-tea-tree-soothing-shampoo\/"},"modified":"2024-10-23T17:14:55","modified_gmt":"2024-10-23T17:14:55","slug":"txtr-by-cantu-tea-tree-soothing-shampoo","status":"publish","type":"product","link":"https:\/\/yohannaa.com\/no\/shop\/harpleie\/sjampo\/rensende-sjampo\/txtr-by-cantu-tea-tree-soothing-shampoo\/","title":{"rendered":"TXTR by Cantu Tea Tree Soothing Shampoo"},"content":{"rendered":"<p><strong>TXTR by Cantu Soothing Shampoo<\/strong> er laget med eplecidereddik og tea tree-olje som lindrer kl\u00f8e og fjerner avleiringer uten \u00e5 strippe h\u00e5rstr\u00e5ene, slik at h\u00e5ret blir merkbart mykere og hodebunnen oppfrisket. Inneholder ikke silikon, mineralolje, parabener eller sulfater. <\/p>\n<p><strong>Fordeler:<\/strong><\/p>\n<ul>\n<li>Eplecidereddik: hjelper til med \u00e5 fjerne urenheter fra hodebunn og h\u00e5r<\/li>\n<li>Sheasm\u00f8r: gir fuktighet og n\u00e6ring til h\u00e5rstr\u00e5ene<\/li>\n<li>Spearmint Oil: lindrer t\u00f8rr hodebunn<\/li>\n<li>Tea Tree Oil: fremmer sunt h\u00e5r<\/li>\n<li>Havrekjerneekstrakt: lindrer og beroliger<\/li>\n<li>Aloe: l\u00f8sner og glatter ut<\/li>\n<\/ul>\n<div class=\"info-title\">\n<h4 class=\"tab-title\">Bruk og ingredienser<\/h4>\n<\/div>\n<p><strong>Slik bruker du:<\/strong><br \/>\nFukt h\u00e5ret helt v\u00e5tt. Masseres inn i h\u00e5ret fra roten og ut mot endene. Skum opp og skyll deretter grundig med kaldt vann. Det anbefales \u00e5 skumme opp og skylle en gang til i h\u00e5r med mye produktavleiringer. Stylingtips: For best resultat, press ut overfl\u00f8dig vann og etterf\u00f8lg med TXTR by Cantu Leave-In + Rinse-Out Hydrating Conditioner. <strong>Ingredienser:<\/strong><br \/>\nVann (aqua), cetrimoniumklorid, glyserin, polysorbat 20, eplecider (pyrus malus), eddik (acetum), melaleuca alternifolia (tea tree) bladolje, butyrospermum ParkII (shea) sm\u00f8r, avena sativa (havre) kjerneekstrakt, aloe barbadensis bladjuice (avfarget), mentol, panthenol (provitamin B-5), hydroksypropylmetylcellulose, mentha virdis (spearmint) bladolje, parfyme (parfum), etylheksylglyserin, fenoksyetanol, trinatriumteylendiamindisuccinat, natriumklorid, sitronsyre.   <\/p>\n","protected":false},"excerpt":{"rendered":"<p><strong>TXTR by Cantu Soothing Shampoo<\/strong> er laget med eplecidereddik og tea tree-olje som lindrer kl\u00f8e og fjerner avleiringer uten \u00e5 strippe h\u00e5rstr\u00e5ene, slik at h\u00e5ret blir merkbart mykere og hodebunnen oppfrisket. Inneholder ikke silikon, mineralolje, parabener eller sulfater. <\/p>\n","protected":false},"featured_media":6531,"comment_status":"closed","ping_status":"closed","template":"","meta":[],"product_brand":[1220,1248],"product_cat":[1488,1464,1463],"product_tag":[1467,1540],"class_list":{"0":"post-7360","1":"product","2":"type-product","3":"status-publish","4":"has-post-thumbnail","6":"product_brand-cantu","7":"product_brand-txtr","8":"product_cat-harpleie","9":"product_cat-rensende-sjampo","10":"product_cat-sjampo","11":"product_tag-harpleie","12":"product_tag-sjampo-for-harpleie","14":"first","15":"instock","16":"shipping-taxable","17":"purchasable","18":"product-type-simple"},"_links":{"self":[{"href":"https:\/\/yohannaa.com\/no\/wp-json\/wp\/v2\/product\/7360","targetHints":{"allow":["GET"]}}],"collection":[{"href":"https:\/\/yohannaa.com\/no\/wp-json\/wp\/v2\/product"}],"about":[{"href":"https:\/\/yohannaa.com\/no\/wp-json\/wp\/v2\/types\/product"}],"replies":[{"embeddable":true,"href":"https:\/\/yohannaa.com\/no\/wp-json\/wp\/v2\/comments?post=7360"}],"wp:featuredmedia":[{"embeddable":true,"href":"https:\/\/yohannaa.com\/no\/wp-json\/wp\/v2\/media\/6531"}],"wp:attachment":[{"href":"https:\/\/yohannaa.com\/no\/wp-json\/wp\/v2\/media?parent=7360"}],"wp:term":[{"taxonomy":"product_brand","embeddable":true,"href":"https:\/\/yohannaa.com\/no\/wp-json\/wp\/v2\/product_brand?post=7360"},{"taxonomy":"product_cat","embeddable":true,"href":"https:\/\/yohannaa.com\/no\/wp-json\/wp\/v2\/product_cat?post=7360"},{"taxonomy":"product_tag","embeddable":true,"href":"https:\/\/yohannaa.com\/no\/wp-json\/wp\/v2\/product_tag?post=7360"}],"curies":[{"name":"wp","href":"https:\/\/api.w.org\/{rel}","templated":true}]}}