{"id":7358,"date":"2024-10-24T09:58:39","date_gmt":"2024-10-24T09:58:39","guid":{"rendered":"https:\/\/yohannaa.com\/product\/ashenda-habesha-wave\/"},"modified":"2024-10-24T09:58:39","modified_gmt":"2024-10-24T09:58:39","slug":"ashenda-habesha-wave","status":"publish","type":"product","link":"https:\/\/yohannaa.com\/no\/shop\/harforlengelser\/flette-harforlengelser\/fletter-i-krollete-har\/ashenda-habesha-wave\/","title":{"rendered":"Ashenda Habesha Wave"},"content":{"rendered":"<p><strong>Ashenda Habesha syntetisk h\u00e5r &#8211; 100 % f\u00f8rsteklasses kvalitet<\/strong><\/p>\n<p>Med Ashenda-stilen kan du, hvis h\u00e5ret ditt har en tendens til \u00e5 v\u00e6re rett og tynt, generere litt volum og skape en utrolig stil, du trenger bare \u00e5 finne en god frisyre. Vi vet at det er et dristig skritt, men etter en rask titt p\u00e5 Ashenda Hair Style, vil du elske det. <\/p>\n<p dir=\"ltr\">Ashenda waves er Hair Extensions laget av syntetiske fibre av h\u00f8yeste kvalitet. De er ekstremt enkle \u00e5 flette med og de kan settes i varmt vann. <\/p>\n<p dir=\"ltr\">H\u00e5rtype: Syntetisk<\/p>\n<ul>\n<li dir=\"ltr\">Flokerfri<\/li>\n<li dir=\"ltr\">Kan v\u00e6re varmtvannssett<\/li>\n<li dir=\"ltr\">Lett \u00e5 jobbe med<\/li>\n<\/ul>\n<p dir=\"ltr\">For et helt hode trenger du i gjennomsnitt minst to pakker av v\u00e5re fletteh\u00e5rforlengelser, avhengig av hvilken stil du \u00f8nsker.<\/p>\n","protected":false},"excerpt":{"rendered":"<p>Med Ashenda-stilen kan du, hvis h\u00e5ret ditt har en tendens til \u00e5 v\u00e6re rett og tynt, generere litt volum og skape en utrolig stil, du trenger bare \u00e5 finne en god frisyre. Vi vet at det er et dristig skritt, men etter en rask titt p\u00e5 Ashenda Hair Style, vil du elske det. <\/p>\n","protected":false},"featured_media":6908,"comment_status":"open","ping_status":"closed","template":"","meta":[],"product_brand":[1251],"product_cat":[1554,1555,1553,1557,1658],"product_tag":[1659,1558],"class_list":{"0":"post-7358","1":"product","2":"type-product","3":"status-publish","4":"has-post-thumbnail","6":"product_brand-olivia","7":"product_cat-flette-harforlengelser","8":"product_cat-fletter-i-krollete-har","9":"product_cat-harforlengelser","10":"product_cat-spetra-fletter","11":"product_cat-x-presjonsfletter","12":"product_tag-ashenda-bolgen","13":"product_tag-harforlengelser","15":"first","16":"instock","17":"featured","18":"shipping-taxable","19":"purchasable","20":"product-type-variable"},"_links":{"self":[{"href":"https:\/\/yohannaa.com\/no\/wp-json\/wp\/v2\/product\/7358","targetHints":{"allow":["GET"]}}],"collection":[{"href":"https:\/\/yohannaa.com\/no\/wp-json\/wp\/v2\/product"}],"about":[{"href":"https:\/\/yohannaa.com\/no\/wp-json\/wp\/v2\/types\/product"}],"replies":[{"embeddable":true,"href":"https:\/\/yohannaa.com\/no\/wp-json\/wp\/v2\/comments?post=7358"}],"wp:featuredmedia":[{"embeddable":true,"href":"https:\/\/yohannaa.com\/no\/wp-json\/wp\/v2\/media\/6908"}],"wp:attachment":[{"href":"https:\/\/yohannaa.com\/no\/wp-json\/wp\/v2\/media?parent=7358"}],"wp:term":[{"taxonomy":"product_brand","embeddable":true,"href":"https:\/\/yohannaa.com\/no\/wp-json\/wp\/v2\/product_brand?post=7358"},{"taxonomy":"product_cat","embeddable":true,"href":"https:\/\/yohannaa.com\/no\/wp-json\/wp\/v2\/product_cat?post=7358"},{"taxonomy":"product_tag","embeddable":true,"href":"https:\/\/yohannaa.com\/no\/wp-json\/wp\/v2\/product_tag?post=7358"}],"curies":[{"name":"wp","href":"https:\/\/api.w.org\/{rel}","templated":true}]}}