{"id":7357,"date":"2024-10-23T17:14:55","date_gmt":"2024-10-23T17:14:55","guid":{"rendered":"https:\/\/yohannaa.com\/product\/shea-moisture-african-black-soap-bamboo-charcoal-shampoo\/"},"modified":"2024-10-23T17:14:55","modified_gmt":"2024-10-23T17:14:55","slug":"shea-moisture-african-black-soap-bamboo-charcoal-shampoo","status":"publish","type":"product","link":"https:\/\/yohannaa.com\/no\/shop\/harpleie\/sjampo\/rensende-sjampo\/shea-moisture-african-black-soap-bamboo-charcoal-shampoo\/","title":{"rendered":"Shea Moisture &#8211; African Black Soap Bamboo Charcoal Shampoo"},"content":{"rendered":"<p>Behandle hodebunn og h\u00e5r med denne milde, men effektive, sulfatsjampoen som renser h\u00e5ret i dybden. L\u00f8ft bort forbehandlinger, smuss, overfl\u00f8dig olje og flassoppbygging samtidig som hodebunnen beroliges og lindres. Afrikansk svart s\u00e5pe, bambuskull, tea tree-olje og pilebarkekstrakt kombineres i en n\u00e6rende formel som lindrer kl\u00f8e og revitaliserer h\u00e5ret. Etterlater hodebunnen helt ren og behagelig, og skaper et ideelt milj\u00f8 for sunt h\u00e5r.   <\/p>\n<p><strong>Hvordan bruke?<\/strong><br \/>\nP\u00e5f\u00f8r i v\u00e5tt h\u00e5r, skum opp og masser ved roten. Rengj\u00f8r grundig. F\u00f8lg v\u00e5r BALANCING CONDITION. <strong>Ingredienser:<\/strong><br \/>\nVann, natriumlauroylmetylsetionat, kokosamidopropylbetain, glykoldistearat, duft (eterisk oljeblanding), panthenol, guarhydroksypropyltrimoniumklorid, aloe barbadensis leaf juice, natriumbenzoat, natrium palmekjerne, tokoferylacetat, melaleuca alternifolia (tea tree) bladolje, salix nigra (pil) barkekstrakt, butyrospermum parkii (sheasm\u00f8r), argania spinosa kjerneolje, simmondsia chinensis (jojoba) fr\u00f8olje, kullpulver, macadamiaternifolia fr\u00f8olje, natriumsheasm\u00f8r, natriumkokoat, aske fra theobromacacao (kakaob\u00f8nne), trietylcitrat, kaprylylglykol, benzosyre. H\u00e5rtyper: 1A, 2A, 3A, 4A, 1B, 2B, 3B, 4B, 1C, 2C, 3C, 4C.  <\/p>\n","protected":false},"excerpt":{"rendered":"<p>Sulfatfri sjampo renser sk\u00e5nsomt samtidig som den fjerner avleiringer fra stylingprodukter. Lindrer t\u00f8rr, kl\u00f8ende og flassende hodebunn. Naturlige og sertifiserte \u00f8kologiske ingredienser som bidrar til \u00e5 berolige og fjerne symptomer p\u00e5 flass, mens aktive ingredienser fukter og dreper bakterier.  <\/p>\n","protected":false},"featured_media":6543,"comment_status":"closed","ping_status":"closed","template":"","meta":[],"product_brand":[1250],"product_cat":[1464,1463],"product_tag":[1467,1540],"class_list":{"0":"post-7357","1":"product","2":"type-product","3":"status-publish","4":"has-post-thumbnail","6":"product_brand-shea-moisture-bamboo-charcoal","7":"product_cat-rensende-sjampo","8":"product_cat-sjampo","9":"product_tag-harpleie","10":"product_tag-sjampo-for-harpleie","12":"first","13":"instock","14":"shipping-taxable","15":"purchasable","16":"product-type-simple"},"_links":{"self":[{"href":"https:\/\/yohannaa.com\/no\/wp-json\/wp\/v2\/product\/7357","targetHints":{"allow":["GET"]}}],"collection":[{"href":"https:\/\/yohannaa.com\/no\/wp-json\/wp\/v2\/product"}],"about":[{"href":"https:\/\/yohannaa.com\/no\/wp-json\/wp\/v2\/types\/product"}],"replies":[{"embeddable":true,"href":"https:\/\/yohannaa.com\/no\/wp-json\/wp\/v2\/comments?post=7357"}],"wp:featuredmedia":[{"embeddable":true,"href":"https:\/\/yohannaa.com\/no\/wp-json\/wp\/v2\/media\/6543"}],"wp:attachment":[{"href":"https:\/\/yohannaa.com\/no\/wp-json\/wp\/v2\/media?parent=7357"}],"wp:term":[{"taxonomy":"product_brand","embeddable":true,"href":"https:\/\/yohannaa.com\/no\/wp-json\/wp\/v2\/product_brand?post=7357"},{"taxonomy":"product_cat","embeddable":true,"href":"https:\/\/yohannaa.com\/no\/wp-json\/wp\/v2\/product_cat?post=7357"},{"taxonomy":"product_tag","embeddable":true,"href":"https:\/\/yohannaa.com\/no\/wp-json\/wp\/v2\/product_tag?post=7357"}],"curies":[{"name":"wp","href":"https:\/\/api.w.org\/{rel}","templated":true}]}}