{"id":7356,"date":"2024-10-23T17:15:11","date_gmt":"2024-10-23T17:15:11","guid":{"rendered":"https:\/\/yohannaa.com\/product\/agor-organic-cold-pressed-hair-oil\/"},"modified":"2024-10-23T17:15:11","modified_gmt":"2024-10-23T17:15:11","slug":"agor-organic-cold-pressed-hair-oil","status":"publish","type":"product","link":"https:\/\/yohannaa.com\/no\/shop\/harpleie\/sprayer-serum-og-oljer\/haroljer\/agor-organic-cold-pressed-hair-oil\/","title":{"rendered":"Agor Organic Cold Pressed Hair Oil"},"content":{"rendered":"<p>Agor \u00f8kologisk h\u00e5rolje reparerer, mykgj\u00f8r og styrker t\u00f8rt, spr\u00f8tt, krusete og overarbeidet h\u00e5r. Oppmuntrer til sunnere h\u00e5rvekst for et lengre og tykkere h\u00e5r, bidrar til \u00e5 forhindre h\u00e5ravfall, reparerer t\u00f8rt og skadet h\u00e5r og hodebunn. Fornyer, reparerer og gjenoppbygger.  <\/p>\n<p><b>Veibeskrivelse :<\/b><\/p>\n<p><b>Brukes som en varm oljebehandling :<\/b><\/p>\n<p>Legg Agor Oil i en beholder med varmt (ikke kokende) vann til oljen er varm. Etter sjamponering, masser Agor Oil inn i h\u00e5r og hodebunn, dekk deretter til med et varmt, fuktig h\u00e5ndkle i 3-5 minutter og style etter \u00f8nske. <\/p>\n<p><b>Brukes som en olje til daglig bruk:<\/b><\/p>\n<p>Bare tilsett litt olje i h\u00e5ndflaten, gni sammen og masser deretter inn i h\u00e5ret med fokus p\u00e5 \u00e5 massere hodebunnen med fingrene, da dette hjelper sirkulasjonen og i sin tur f\u00f8rer til et sunnere h\u00e5r og stimulerer ogs\u00e5 h\u00e5rveksten.<\/p>\n","protected":false},"excerpt":{"rendered":"<p>Agor \u00f8kologisk h\u00e5rolje reparerer, mykgj\u00f8r og styrker t\u00f8rt, spr\u00f8tt, krusete og overarbeidet h\u00e5r. Oppmuntrer til sunnere h\u00e5rvekst for et lengre og tykkere h\u00e5r, bidrar til \u00e5 forhindre h\u00e5ravfall, reparerer t\u00f8rt og skadet h\u00e5r og hodebunn. Fornyer, reparerer og gjenoppbygger.  <\/p>\n","protected":false},"featured_media":6622,"comment_status":"open","ping_status":"closed","template":"","meta":[],"product_brand":[1222],"product_cat":[1622,1511],"product_tag":[1653],"class_list":{"0":"post-7356","1":"product","2":"type-product","3":"status-publish","4":"has-post-thumbnail","6":"product_brand-agor","7":"product_cat-haroljer","8":"product_cat-sprayer-serum-og-oljer","9":"product_tag-agor-okologisk-harolje","11":"first","12":"instock","13":"shipping-taxable","14":"purchasable","15":"product-type-simple"},"_links":{"self":[{"href":"https:\/\/yohannaa.com\/no\/wp-json\/wp\/v2\/product\/7356","targetHints":{"allow":["GET"]}}],"collection":[{"href":"https:\/\/yohannaa.com\/no\/wp-json\/wp\/v2\/product"}],"about":[{"href":"https:\/\/yohannaa.com\/no\/wp-json\/wp\/v2\/types\/product"}],"replies":[{"embeddable":true,"href":"https:\/\/yohannaa.com\/no\/wp-json\/wp\/v2\/comments?post=7356"}],"wp:featuredmedia":[{"embeddable":true,"href":"https:\/\/yohannaa.com\/no\/wp-json\/wp\/v2\/media\/6622"}],"wp:attachment":[{"href":"https:\/\/yohannaa.com\/no\/wp-json\/wp\/v2\/media?parent=7356"}],"wp:term":[{"taxonomy":"product_brand","embeddable":true,"href":"https:\/\/yohannaa.com\/no\/wp-json\/wp\/v2\/product_brand?post=7356"},{"taxonomy":"product_cat","embeddable":true,"href":"https:\/\/yohannaa.com\/no\/wp-json\/wp\/v2\/product_cat?post=7356"},{"taxonomy":"product_tag","embeddable":true,"href":"https:\/\/yohannaa.com\/no\/wp-json\/wp\/v2\/product_tag?post=7356"}],"curies":[{"name":"wp","href":"https:\/\/api.w.org\/{rel}","templated":true}]}}