{"id":7355,"date":"2024-10-23T17:14:56","date_gmt":"2024-10-23T17:14:56","guid":{"rendered":"https:\/\/yohannaa.com\/product\/cantu-shea-butter-cleansing-cream-shampoo\/"},"modified":"2025-01-01T00:08:21","modified_gmt":"2025-01-01T00:08:21","slug":"cantu-shea-butter-cleansing-cream-shampoo","status":"publish","type":"product","link":"https:\/\/yohannaa.com\/no\/shop\/harpleie\/sjampo\/rensende-sjampo\/cantu-shea-butter-cleansing-cream-shampoo\/","title":{"rendered":"Cantu Shea Butter Cleansing Cream Shampoo"},"content":{"rendered":"<p class=\"article-text\"><span data-sheets-value=\"{\"1\":2,\"2\":\"Cantu Shea Butter Natural Hair Sulfate-Free Cleansing Cream Shampoo 400ml\"}\" data-sheets-userformat=\"{\"2\":513,\"3\":{\"1\":0},\"12\":0}\">Cantu Shea Butter Natural Hair Cleansing Cream Shampoo 400 ml<\/span><\/p>\n<p>Denne skj\u00f8nnhetspakken inneholder produktene nedenfor. Klikk p\u00e5 lenken for \u00e5 se beskrivelsen av det enkelte produktet. <\/p>\n<div class=\"article-text\">\n<div class=\"article-text\">\n<div class=\"article-text\">\n<div class=\"article-text\">\n<div class=\"article-text\">\n<div class=\"article-text\">\n<div id=\"faf-field-4\" class=\"faf-field faf-field-textarea\">\n<div class=\"faf-name\">Fordeler\/Funksjoner<\/div>\n<div class=\"faf-text\">\n<ul>\n<li>Rikholdig skum fjerner tunge avleiringer<\/li>\n<li>Sk\u00e5nsom formel som forhindrer brudd<\/li>\n<li>Perfekt for naturlig og farget h\u00e5r<\/li>\n<\/ul>\n<\/div>\n<\/div>\n<\/div>\n<\/div>\n<\/div>\n<\/div>\n<\/div>\n<\/div>\n<div class=\"benefits-features\">\n<div id=\"faf-field-4\" class=\"faf-field faf-field-textarea\">\n<div class=\"faf-text\">\n<p><strong>Veibeskrivelse:  <\/strong><\/p>\n<p>Gj\u00f8r h\u00e5ret helt v\u00e5tt. Masser inn i det v\u00e5te h\u00e5ret fra roten og ut mot endene. Skum opp og skyll deretter grundig med kaldt vann. Det anbefales \u00e5 skumme opp og skylle en gang til i h\u00e5r med mye produktoppbygging.   <\/p>\n<p><strong>Stylingtips:<\/strong><\/p>\n<ul>\n<li>For best resultat, bruk sammen med Cantu Sulfate-Free Hydrating Cream Conditioner.<\/li>\n<\/ul>\n<\/div>\n<\/div>\n<\/div>\n","protected":false},"excerpt":{"rendered":"<p>Denne skj\u00f8nnhetspakken inneholder produktene nedenfor. Klikk p\u00e5 lenken for \u00e5 se beskrivelsen av det enkelte produktet <\/p>\n","protected":false},"featured_media":6905,"comment_status":"closed","ping_status":"closed","template":"","meta":[],"product_brand":[1220],"product_cat":[1464,1463],"product_tag":[1467,1465],"class_list":{"0":"post-7355","1":"product","2":"type-product","3":"status-publish","4":"has-post-thumbnail","6":"product_brand-cantu","7":"product_cat-rensende-sjampo","8":"product_cat-sjampo","9":"product_tag-harpleie","10":"product_tag-harsjampo","12":"first","13":"instock","14":"shipping-taxable","15":"purchasable","16":"product-type-simple"},"_links":{"self":[{"href":"https:\/\/yohannaa.com\/no\/wp-json\/wp\/v2\/product\/7355","targetHints":{"allow":["GET"]}}],"collection":[{"href":"https:\/\/yohannaa.com\/no\/wp-json\/wp\/v2\/product"}],"about":[{"href":"https:\/\/yohannaa.com\/no\/wp-json\/wp\/v2\/types\/product"}],"replies":[{"embeddable":true,"href":"https:\/\/yohannaa.com\/no\/wp-json\/wp\/v2\/comments?post=7355"}],"wp:featuredmedia":[{"embeddable":true,"href":"https:\/\/yohannaa.com\/no\/wp-json\/wp\/v2\/media\/6905"}],"wp:attachment":[{"href":"https:\/\/yohannaa.com\/no\/wp-json\/wp\/v2\/media?parent=7355"}],"wp:term":[{"taxonomy":"product_brand","embeddable":true,"href":"https:\/\/yohannaa.com\/no\/wp-json\/wp\/v2\/product_brand?post=7355"},{"taxonomy":"product_cat","embeddable":true,"href":"https:\/\/yohannaa.com\/no\/wp-json\/wp\/v2\/product_cat?post=7355"},{"taxonomy":"product_tag","embeddable":true,"href":"https:\/\/yohannaa.com\/no\/wp-json\/wp\/v2\/product_tag?post=7355"}],"curies":[{"name":"wp","href":"https:\/\/api.w.org\/{rel}","templated":true}]}}