{"id":7353,"date":"2024-10-23T17:15:12","date_gmt":"2024-10-23T17:15:12","guid":{"rendered":"https:\/\/yohannaa.com\/product\/ors-hairestore-hair-mayonnaise-med-brennesle-og-kjerringrokk-ekstrakt\/"},"modified":"2024-10-23T17:15:12","modified_gmt":"2024-10-23T17:15:12","slug":"ors-hairestore-hair-mayonnaise-med-brennesle-og-kjerringrokk-ekstrakt","status":"publish","type":"product","link":"https:\/\/yohannaa.com\/no\/shop\/harpleie\/behandlinger\/harmajones\/ors-hairestore-hair-mayonnaise-med-brennesle-og-kjerringrokk-ekstrakt\/","title":{"rendered":"ORS Hairestore Hair Mayonnaise med brennesle- og kjerringrokk-ekstrakt"},"content":{"rendered":"<p>Hair Mayonnaise Treatment for Damaged Hair er en intensiv pleiekur som bader h\u00e5ret i proteiner fra hele egg og olivenolje for \u00e5 fukte og styrke skadet og overbehandlet h\u00e5r innenfra. Hvert h\u00e5rstr\u00e5 er nedsenket i en rik blanding av urteekstrakter for \u00e5 gi n\u00e6ring, essensielle oljer for \u00e5 fukte og organiske aminosyrer for \u00e5 styrke. Hair Mayonnaise er den ultimate balsamen for alle som \u00f8nsker \u00e5 opprettholde et sunt og levende h\u00e5r p\u00e5 en naturlig m\u00e5te.  <\/p>\n<p><b>Veibeskrivelse:<\/b><\/p>\n<p>P\u00e5f\u00f8r en liten mengde i v\u00e5tt h\u00e5r, kam gjennom for jevn fordeling. Dekk til h\u00e5ret med en plasthette og la det t\u00f8rke i 15 minutter under en varm h\u00e5rf\u00f8ner. Skyll og t\u00f8rk med h\u00e5ndkle.  <\/p>\n<p><b>Ingredienser:<\/b><\/p>\n<p>Aqua(vann), glyserin, cetearylalkohol, C 12-15 alkylbenzoat, benzylsalicylat, kumarin, eugenol, geraniol, heksylcinnamal, limonen, linalool, gul 6 (Cl 15985), gul 5 (Cl 19140), panthenol, kolesterol, dicetyldimoniumklorid.<\/p>\n","protected":false},"excerpt":{"rendered":"<p>Hair Mayonnaise Treatment for Damaged Hair er en intensiv pleiekur som bader h\u00e5ret i proteiner fra hele egg og olivenolje for \u00e5 fukte og styrke skadet og overbehandlet h\u00e5r innenfra.<\/p>\n","protected":false},"featured_media":6902,"comment_status":"open","ping_status":"closed","template":"","meta":[],"product_brand":[1225,1232],"product_cat":[1550],"product_tag":[1552,1467],"class_list":{"0":"post-7353","1":"product","2":"type-product","3":"status-publish","4":"has-post-thumbnail","6":"product_brand-ors","7":"product_brand-ors-hairestore","8":"product_cat-harmajones","9":"product_tag-harmajones","10":"product_tag-harpleie","12":"first","13":"instock","14":"shipping-taxable","15":"product-type-variable"},"_links":{"self":[{"href":"https:\/\/yohannaa.com\/no\/wp-json\/wp\/v2\/product\/7353","targetHints":{"allow":["GET"]}}],"collection":[{"href":"https:\/\/yohannaa.com\/no\/wp-json\/wp\/v2\/product"}],"about":[{"href":"https:\/\/yohannaa.com\/no\/wp-json\/wp\/v2\/types\/product"}],"replies":[{"embeddable":true,"href":"https:\/\/yohannaa.com\/no\/wp-json\/wp\/v2\/comments?post=7353"}],"wp:featuredmedia":[{"embeddable":true,"href":"https:\/\/yohannaa.com\/no\/wp-json\/wp\/v2\/media\/6902"}],"wp:attachment":[{"href":"https:\/\/yohannaa.com\/no\/wp-json\/wp\/v2\/media?parent=7353"}],"wp:term":[{"taxonomy":"product_brand","embeddable":true,"href":"https:\/\/yohannaa.com\/no\/wp-json\/wp\/v2\/product_brand?post=7353"},{"taxonomy":"product_cat","embeddable":true,"href":"https:\/\/yohannaa.com\/no\/wp-json\/wp\/v2\/product_cat?post=7353"},{"taxonomy":"product_tag","embeddable":true,"href":"https:\/\/yohannaa.com\/no\/wp-json\/wp\/v2\/product_tag?post=7353"}],"curies":[{"name":"wp","href":"https:\/\/api.w.org\/{rel}","templated":true}]}}