{"id":7352,"date":"2024-08-30T17:15:02","date_gmt":"2024-08-30T17:15:02","guid":{"rendered":"https:\/\/yohannaa.com\/product\/parykk-futura-40-syntetisk-har-parykk-i-syntetisk-har\/"},"modified":"2024-08-30T17:15:02","modified_gmt":"2024-08-30T17:15:02","slug":"parykk-futura-40-syntetisk-har-parykk-i-syntetisk-har","status":"publish","type":"product","link":"https:\/\/yohannaa.com\/no\/shop\/andre\/parykk-futura-40-syntetisk-har-parykk-i-syntetisk-har\/","title":{"rendered":"Parykk FUTURA 40 Syntetisk h\u00e5r, parykk i syntetisk h\u00e5r"},"content":{"rendered":"","protected":false},"excerpt":{"rendered":"<p>Futura Hair er den f\u00f8rste varmebestandige fiberen som ogs\u00e5 er brannhemmende. Vask den, kondisjoner den og t\u00f8rk den som ditt eget h\u00e5r. Din Futura Parykk er utrolig rik p\u00e5 variasjon. Endre utseende og se nydelig ut uten \u00e5 endre utvidelsen. Du kan bruke h\u00e5rf\u00f8ner, kr\u00f8lltang og strykejern.    <\/p>\n","protected":false},"featured_media":6589,"comment_status":"closed","ping_status":"closed","template":"","meta":[],"product_brand":[],"product_cat":[1646],"product_tag":[1647,1648],"class_list":{"0":"post-7352","1":"product","2":"type-product","3":"status-publish","4":"has-post-thumbnail","6":"product_cat-andre","7":"product_tag-futura-syntetisk-har-no","8":"product_tag-syntetisk-har-no","10":"first","11":"outofstock","12":"shipping-taxable","13":"purchasable","14":"product-type-simple"},"_links":{"self":[{"href":"https:\/\/yohannaa.com\/no\/wp-json\/wp\/v2\/product\/7352","targetHints":{"allow":["GET"]}}],"collection":[{"href":"https:\/\/yohannaa.com\/no\/wp-json\/wp\/v2\/product"}],"about":[{"href":"https:\/\/yohannaa.com\/no\/wp-json\/wp\/v2\/types\/product"}],"replies":[{"embeddable":true,"href":"https:\/\/yohannaa.com\/no\/wp-json\/wp\/v2\/comments?post=7352"}],"wp:featuredmedia":[{"embeddable":true,"href":"https:\/\/yohannaa.com\/no\/wp-json\/wp\/v2\/media\/6589"}],"wp:attachment":[{"href":"https:\/\/yohannaa.com\/no\/wp-json\/wp\/v2\/media?parent=7352"}],"wp:term":[{"taxonomy":"product_brand","embeddable":true,"href":"https:\/\/yohannaa.com\/no\/wp-json\/wp\/v2\/product_brand?post=7352"},{"taxonomy":"product_cat","embeddable":true,"href":"https:\/\/yohannaa.com\/no\/wp-json\/wp\/v2\/product_cat?post=7352"},{"taxonomy":"product_tag","embeddable":true,"href":"https:\/\/yohannaa.com\/no\/wp-json\/wp\/v2\/product_tag?post=7352"}],"curies":[{"name":"wp","href":"https:\/\/api.w.org\/{rel}","templated":true}]}}