{"id":7351,"date":"2024-10-23T17:15:12","date_gmt":"2024-10-23T17:15:12","guid":{"rendered":"https:\/\/yohannaa.com\/product\/agor-okologisk-linfro-edge-control\/"},"modified":"2024-10-23T17:15:12","modified_gmt":"2024-10-23T17:15:12","slug":"agor-okologisk-linfro-edge-control","status":"publish","type":"product","link":"https:\/\/yohannaa.com\/no\/shop\/harpleie\/harstyling\/stylinggele\/agor-okologisk-linfro-edge-control\/","title":{"rendered":"Agor \u00d8kologisk linfr\u00f8 Edge Control"},"content":{"rendered":"<p>Agor Organic Flaxseed Edge Control gir fantastisk hold uten \u00e5 flasse eller brekke, og er ikke fettete. Beskytter kantene dine mot \u00e5 tynnes ut eller brekke. Glatter ut og fukter kantene med et langt hold. Love Your Edge, Keep Your Edge<br \/>\nInneholder Chebe-olje<br \/>\nGlatter ut kantene og styrker r\u00f8ttene<br \/>\nSterkt hold, ikke-fettete, ingen brekkasje<br \/>\nIkke-flassende, fast, langvarig hold<br \/>\nFuktighetsgivende og vekststimulerende<br \/>\nFor alle h\u00e5rtyper<br \/>\nIngredienser: Aqua, linfr\u00f8gel, svart ricinusolje, chebeolje, olivenolje, okraekstrakt, aloe barbadensis-bladekstrakt, linfr\u00f8, jojobaolje, arganolje, avokadoolje, mandelolje, kokosn\u00f8ttolje, aprikoskjerneolje, lauryllaurat, eterisk olje. Bruksanvisning: Trinn 1: P\u00e5f\u00f8r en fingertupp i h\u00e5rfestet. Trinn 2: Glatt ut med en b\u00f8rste eller en liten kam for en glatt finish. Trinn 3: Lukk beholderen etter hver bruk.  <\/p>\n","protected":false},"excerpt":{"rendered":"<p>Agor Organic Flaxseed Edge Control gir fantastisk hold uten \u00e5 flasse eller brekke, og er ikke fettete. Beskytter kantene dine mot \u00e5 tynnes ut eller brekke. Glatter ut og fukter kantene med et langt hold.  <\/p>\n","protected":false},"featured_media":6623,"comment_status":"open","ping_status":"closed","template":"","meta":[],"product_brand":[1222],"product_cat":[1488,1469,1597],"product_tag":[1467],"class_list":{"0":"post-7351","1":"product","2":"type-product","3":"status-publish","4":"has-post-thumbnail","6":"product_brand-agor","7":"product_cat-harpleie","8":"product_cat-harstyling","9":"product_cat-stylinggele","10":"product_tag-harpleie","12":"first","13":"instock","14":"shipping-taxable","15":"purchasable","16":"product-type-simple"},"_links":{"self":[{"href":"https:\/\/yohannaa.com\/no\/wp-json\/wp\/v2\/product\/7351","targetHints":{"allow":["GET"]}}],"collection":[{"href":"https:\/\/yohannaa.com\/no\/wp-json\/wp\/v2\/product"}],"about":[{"href":"https:\/\/yohannaa.com\/no\/wp-json\/wp\/v2\/types\/product"}],"replies":[{"embeddable":true,"href":"https:\/\/yohannaa.com\/no\/wp-json\/wp\/v2\/comments?post=7351"}],"wp:featuredmedia":[{"embeddable":true,"href":"https:\/\/yohannaa.com\/no\/wp-json\/wp\/v2\/media\/6623"}],"wp:attachment":[{"href":"https:\/\/yohannaa.com\/no\/wp-json\/wp\/v2\/media?parent=7351"}],"wp:term":[{"taxonomy":"product_brand","embeddable":true,"href":"https:\/\/yohannaa.com\/no\/wp-json\/wp\/v2\/product_brand?post=7351"},{"taxonomy":"product_cat","embeddable":true,"href":"https:\/\/yohannaa.com\/no\/wp-json\/wp\/v2\/product_cat?post=7351"},{"taxonomy":"product_tag","embeddable":true,"href":"https:\/\/yohannaa.com\/no\/wp-json\/wp\/v2\/product_tag?post=7351"}],"curies":[{"name":"wp","href":"https:\/\/api.w.org\/{rel}","templated":true}]}}