{"id":7349,"date":"2024-10-23T17:15:12","date_gmt":"2024-10-23T17:15:12","guid":{"rendered":"https:\/\/yohannaa.com\/product\/solsikke-og-kokosnott-sjampo-med-harfjerning\/"},"modified":"2024-10-23T17:15:12","modified_gmt":"2024-10-23T17:15:12","slug":"solsikke-og-kokosnott-sjampo-med-harfjerning","status":"publish","type":"product","link":"https:\/\/yohannaa.com\/no\/shop\/harpleie\/sjampo\/balsameringssjampo\/solsikke-og-kokosnott-sjampo-med-harfjerning\/","title":{"rendered":"Solsikke- og kokosn\u00f8tt-sjampo med h\u00e5rfjerning"},"content":{"rendered":"<p>Creme Of Nature Sunflower and Coconut Detangling Conditioning Shampoo har en ekstraordin\u00e6r blanding av naturlige ingredienser som renser, pleier og gir kropp i ett enkelt trinn. S\u00e5 rik at ingen annen pleiende behandling er n\u00f8dvendig. Gj\u00f8r h\u00e5ret lett \u00e5 gre. H\u00e5ret ser sunt og glansfullt ut og f\u00f8les mykt, fyldig og vakkert. Detangling Conditioning Shampoo Extra Body Denne spesielle, \u00f8kologiske, ekstra fyldige sjampoen bidrar til at fint, tynt h\u00e5r ser str\u00e5lende fyldig og stylbart ut. Den renser sk\u00e5nsomt og effektivt, og pleier og l\u00f8sner h\u00e5ret i ett enkelt trinn. Den utrolige blandingen av pleiende ingredienser gj\u00f8r at naturlig eller avslappet h\u00e5r ser mykt, glatt og silkemykt ut. V\u00e5tt h\u00e5r kjemmes lett gjennom. H\u00e5ret f\u00e5r en nydelig glans med masse fylde og spenst. Cr\u00e8me of Nature ekstra fyldig sjampo gir fint, slapt h\u00e5r det beste utseendet det kan f\u00e5. Det er naturlig for vakkert h\u00e5r.   <\/p>\n","protected":false},"excerpt":{"rendered":"<p>Creme Of Nature Sunflower and Coconut Detangling Conditioning Shampoo har en ekstraordin\u00e6r blanding av naturlige ingredienser som renser, pleier og gir kropp i ett enkelt trinn. S\u00e5 rik at ingen annen pleiende behandling er n\u00f8dvendig. <\/p>\n","protected":false},"featured_media":6624,"comment_status":"open","ping_status":"closed","template":"","meta":[],"product_brand":[1235],"product_cat":[1598,1488,1463],"product_tag":[],"class_list":{"0":"post-7349","1":"product","2":"type-product","3":"status-publish","4":"has-post-thumbnail","6":"product_brand-creme-of-nature","7":"product_cat-balsameringssjampo","8":"product_cat-harpleie","9":"product_cat-sjampo","11":"first","12":"instock","13":"shipping-taxable","14":"purchasable","15":"product-type-simple"},"_links":{"self":[{"href":"https:\/\/yohannaa.com\/no\/wp-json\/wp\/v2\/product\/7349","targetHints":{"allow":["GET"]}}],"collection":[{"href":"https:\/\/yohannaa.com\/no\/wp-json\/wp\/v2\/product"}],"about":[{"href":"https:\/\/yohannaa.com\/no\/wp-json\/wp\/v2\/types\/product"}],"replies":[{"embeddable":true,"href":"https:\/\/yohannaa.com\/no\/wp-json\/wp\/v2\/comments?post=7349"}],"wp:featuredmedia":[{"embeddable":true,"href":"https:\/\/yohannaa.com\/no\/wp-json\/wp\/v2\/media\/6624"}],"wp:attachment":[{"href":"https:\/\/yohannaa.com\/no\/wp-json\/wp\/v2\/media?parent=7349"}],"wp:term":[{"taxonomy":"product_brand","embeddable":true,"href":"https:\/\/yohannaa.com\/no\/wp-json\/wp\/v2\/product_brand?post=7349"},{"taxonomy":"product_cat","embeddable":true,"href":"https:\/\/yohannaa.com\/no\/wp-json\/wp\/v2\/product_cat?post=7349"},{"taxonomy":"product_tag","embeddable":true,"href":"https:\/\/yohannaa.com\/no\/wp-json\/wp\/v2\/product_tag?post=7349"}],"curies":[{"name":"wp","href":"https:\/\/api.w.org\/{rel}","templated":true}]}}