{"id":7347,"date":"2024-10-23T17:15:12","date_gmt":"2024-10-23T17:15:12","guid":{"rendered":"https:\/\/yohannaa.com\/product\/agor-organic-black-castor-oil-mousse\/"},"modified":"2024-10-23T17:15:12","modified_gmt":"2024-10-23T17:15:12","slug":"agor-organic-black-castor-oil-mousse","status":"publish","type":"product","link":"https:\/\/yohannaa.com\/no\/shop\/harpleie\/harstyling\/stylingmousse\/agor-organic-black-castor-oil-mousse\/","title":{"rendered":"Agor Organic Black Castor Oil Mousse"},"content":{"rendered":"<p>Agor Organic Black castor Oil Hair Mousse er perfekt for \u00e5 temme uregjerlige kr\u00f8ller uten \u00e5 tynge dem ned eller etterlate seg klissete rester. V\u00e5r h\u00e5rmousse er laget av blant annet \u00f8kologiske kaldpressede oljer, og gir et langvarig, knasefritt hold. Hjelper deg med \u00e5 oppn\u00e5 den perfekte frisyren og gir glans, samtidig som den bekjemper frizz og gir deg den naturlige glansen du \u00f8nsker. Si farvel til flyvsk h\u00e5r.   <\/p>\n<ul>\n<li>Bekjemper krus og gir glans<\/li>\n<li>Tamme kr\u00f8ller uten klebrige rester<\/li>\n<li>Fukter og gir naturlig glans<\/li>\n<li>Langvarig, knirkefritt hold<\/li>\n<li>Fremmer sunn h\u00e5rvekst<\/li>\n<li>For alle h\u00e5rtyper<\/li>\n<\/ul>\n<p><b>Veibeskrivelse :<\/b><\/p>\n<p>Rist godt f\u00f8r bruk. P\u00e5f\u00f8r en moderat mengde produkt i fuktig h\u00e5r etter sjamponering og pleie. S\u00f8rg for jevn fordeling av produktet fra r\u00f8ttene til endene for best resultat. La h\u00e5ret t\u00f8rke naturlig.   <\/p>\n","protected":false},"excerpt":{"rendered":"<p>Agor Organic Black castor Oil Hair Mousse er perfekt for \u00e5 t\u00f8yle uregjerlige kr\u00f8ller uten \u00e5 tynge dem ned eller etterlate seg klissete rester.<\/p>\n","protected":false},"featured_media":6625,"comment_status":"open","ping_status":"closed","template":"","meta":[],"product_brand":[1222],"product_cat":[1488,1619],"product_tag":[1467,1471],"class_list":{"0":"post-7347","1":"product","2":"type-product","3":"status-publish","4":"has-post-thumbnail","6":"product_brand-agor","7":"product_cat-harpleie","8":"product_cat-stylingmousse","9":"product_tag-harpleie","10":"product_tag-harstyling","12":"first","13":"instock","14":"shipping-taxable","15":"purchasable","16":"product-type-simple"},"_links":{"self":[{"href":"https:\/\/yohannaa.com\/no\/wp-json\/wp\/v2\/product\/7347","targetHints":{"allow":["GET"]}}],"collection":[{"href":"https:\/\/yohannaa.com\/no\/wp-json\/wp\/v2\/product"}],"about":[{"href":"https:\/\/yohannaa.com\/no\/wp-json\/wp\/v2\/types\/product"}],"replies":[{"embeddable":true,"href":"https:\/\/yohannaa.com\/no\/wp-json\/wp\/v2\/comments?post=7347"}],"wp:featuredmedia":[{"embeddable":true,"href":"https:\/\/yohannaa.com\/no\/wp-json\/wp\/v2\/media\/6625"}],"wp:attachment":[{"href":"https:\/\/yohannaa.com\/no\/wp-json\/wp\/v2\/media?parent=7347"}],"wp:term":[{"taxonomy":"product_brand","embeddable":true,"href":"https:\/\/yohannaa.com\/no\/wp-json\/wp\/v2\/product_brand?post=7347"},{"taxonomy":"product_cat","embeddable":true,"href":"https:\/\/yohannaa.com\/no\/wp-json\/wp\/v2\/product_cat?post=7347"},{"taxonomy":"product_tag","embeddable":true,"href":"https:\/\/yohannaa.com\/no\/wp-json\/wp\/v2\/product_tag?post=7347"}],"curies":[{"name":"wp","href":"https:\/\/api.w.org\/{rel}","templated":true}]}}