{"id":7346,"date":"2024-10-23T17:15:12","date_gmt":"2024-10-23T17:15:12","guid":{"rendered":"https:\/\/yohannaa.com\/product\/agor-dead-sea-mud-mask\/"},"modified":"2024-10-23T17:15:12","modified_gmt":"2024-10-23T17:15:12","slug":"agor-dead-sea-mud-mask","status":"publish","type":"product","link":"https:\/\/yohannaa.com\/no\/shop\/hudpleie\/hudvask\/rengjoringsmidler\/agor-dead-sea-mud-mask\/","title":{"rendered":"Agor Dead Sea Mud Mask"},"content":{"rendered":"<p>100 % naturlig mineralinfusjon fra D\u00f8dehavet. Dyp hudrens og hjelper mot akne. Mineralrik og 100 % naturlig formel som absorberer overfl\u00f8dig olje og fjerner d\u00f8de hudceller, smuss og giftstoffer for \u00e5 avdekke frisk og myk hud, stimulerer sirkulasjonen og forbedrer hudens tekstur, klarhet og tone. &#8211; Acne Remedy &#8211; takket v\u00e6re sin terapeutiske effekt er denne masken en virkelig livredder hvis du lider av akne, hudormer og kviser. Inneholder naturlige mineraler som magnesium, kalsium, svovel, bromid, jod, natrium, sink og kalium, som er kjent for \u00e5 behandle, avgifte og rense huden. &#8211; Stimulerer blodsirkulasjonen &#8211; N\u00e5r blodsirkulasjonen er d\u00e5rlig, f\u00f8rer det til en ujevn hudtone, flekker p\u00e5 huden og kan til og med for\u00e5rsake rynker. Ved \u00e5 bruke en gj\u00f8rmemaske i ansiktet en gang i uken kan du \u00f8ke blodgjennomstr\u00f8mningen til hudcellene dramatisk og oppn\u00e5 en sunnere hud. &#8211; Fjerner d\u00f8de hudceller &#8211; det naturlige silisiumdioksydet som finnes i den svarte gj\u00f8rmen stivner p\u00e5 huden n\u00e5r du p\u00e5f\u00f8rer masken. Dette trinnet gj\u00f8r at masken kan trekke ut giftstoffer og urenheter som ligger dypt i hudlagene, og ogs\u00e5 feste seg til d\u00f8de hudceller. Etter at du har vasket av masken, f\u00e5r du en hud som ser klar ut, med rene porer og en jevn hudtone. <strong>INGREDIENSER:<\/strong> Avionisert vann, D\u00f8dehavsslam, sheasm\u00f8r, solsikkeolje, aloe vera-juice, vegetabilsk glyserin, jojobaolje, hickorybarkekstrakt, ringblomstolje, xantangummi, kaolin <strong>BRUKSANVISNING<\/strong>: P\u00e5f\u00f8r et tynt lag med gj\u00f8rmemaske p\u00e5 ren hud, unng\u00e5 \u00f8yne og lepper hvis du p\u00e5f\u00f8rer den i ansiktet. La masken virke i 10-15 minutter til den er t\u00f8rr. Bruk varmt vann i sirkul\u00e6re bevegelser for \u00e5 fjerne masken forsiktig. T\u00f8rk med et rent h\u00e5ndkle. Ikke bruk mer enn \u00e9n gang i uken. ADVARSEL <strong>:<\/strong> KUN TIL UTVORTES BRUK. Oppbevares utilgjengelig for barn. Avbryt bruken hvis det oppst\u00e5r r\u00f8dhet eller irritasjon.  <\/p>\n","protected":false},"excerpt":{"rendered":"<p>100 % naturlig mineralinfusjon fra D\u00f8dehavet. Dyp hudrens og hjelper mot akne. Mineralrik og 100 % naturlig formel som absorberer overfl\u00f8dig olje og fjerner d\u00f8de hudceller, smuss og giftstoffer for \u00e5 avdekke frisk og myk hud, stimulerer sirkulasjonen og forbedrer hudens tekstur, klarhet og tone.  <\/p>\n","protected":false},"featured_media":6626,"comment_status":"open","ping_status":"closed","template":"","meta":[],"product_brand":[1222],"product_cat":[1456,1457,1639],"product_tag":[1459],"class_list":{"0":"post-7346","1":"product","2":"type-product","3":"status-publish","4":"has-post-thumbnail","6":"product_brand-agor","7":"product_cat-hudpleie","8":"product_cat-hudvask","9":"product_cat-rengjoringsmidler","10":"product_tag-hudpleie","12":"first","13":"instock","14":"shipping-taxable","15":"purchasable","16":"product-type-simple"},"_links":{"self":[{"href":"https:\/\/yohannaa.com\/no\/wp-json\/wp\/v2\/product\/7346","targetHints":{"allow":["GET"]}}],"collection":[{"href":"https:\/\/yohannaa.com\/no\/wp-json\/wp\/v2\/product"}],"about":[{"href":"https:\/\/yohannaa.com\/no\/wp-json\/wp\/v2\/types\/product"}],"replies":[{"embeddable":true,"href":"https:\/\/yohannaa.com\/no\/wp-json\/wp\/v2\/comments?post=7346"}],"wp:featuredmedia":[{"embeddable":true,"href":"https:\/\/yohannaa.com\/no\/wp-json\/wp\/v2\/media\/6626"}],"wp:attachment":[{"href":"https:\/\/yohannaa.com\/no\/wp-json\/wp\/v2\/media?parent=7346"}],"wp:term":[{"taxonomy":"product_brand","embeddable":true,"href":"https:\/\/yohannaa.com\/no\/wp-json\/wp\/v2\/product_brand?post=7346"},{"taxonomy":"product_cat","embeddable":true,"href":"https:\/\/yohannaa.com\/no\/wp-json\/wp\/v2\/product_cat?post=7346"},{"taxonomy":"product_tag","embeddable":true,"href":"https:\/\/yohannaa.com\/no\/wp-json\/wp\/v2\/product_tag?post=7346"}],"curies":[{"name":"wp","href":"https:\/\/api.w.org\/{rel}","templated":true}]}}