{"id":7344,"date":"2024-10-23T17:15:12","date_gmt":"2024-10-23T17:15:12","guid":{"rendered":"https:\/\/yohannaa.com\/product\/agor-organic-deep-treatment-cocktail-hair-mask\/"},"modified":"2026-03-30T12:28:50","modified_gmt":"2026-03-30T12:28:50","slug":"agor-organic-deep-treatment-cocktail-hair-mask","status":"publish","type":"product","link":"https:\/\/yohannaa.com\/no\/shop\/harpleie\/behandlinger\/behandling-for-tort-har\/agor-organic-deep-treatment-cocktail-hair-mask\/","title":{"rendered":"Agor Organic Deep Treatment Cocktail Hair Mask"},"content":{"rendered":"<p>Agor Organic Deep Treatment Cocktail Hair Mask er en intensiv h\u00e5rkur som kan brukes p\u00e5 4 forskjellige m\u00e5ter: som Leave-in Conditioner, Conditioner, Rinse-out h\u00e5rmaske eller Co Wash. Den l\u00e5ser fuktighet i h\u00e5rstr\u00e5et for \u00e5 gi glans, n\u00e6ring og pleie til sultent h\u00e5r.  Tilf\u00f8rer intens og s\u00e5rt tiltrengt n\u00e6ring til hvert enkelt h\u00e5rstr\u00e5 fra rot til topp.<\/p>\n<ul>\n<li>4 i 1 h\u00e5rmat<\/li>\n<li>Lett h\u00e5rbehandlingsmaske<\/li>\n<li>N\u00e6rer og pleier<\/li>\n<li>Gjenoppretter t\u00f8rt og skadet h\u00e5r<\/li>\n<li>Hydrerer og pleier i dybden<\/li>\n<li>Forbedrer elastisiteten umiddelbart og reduserer brudd<\/li>\n<\/ul>\n<p><strong>Ingredienser:<\/strong><\/p>\n<p>Aqua, Gaba Tree, Aloe Vera Juice, Rose Water, Linfr\u00f8, Honning, Aloe Vera Gel, Vitamin E, Mangosm\u00f8r, Kakaosm\u00f8r, Arganolje, Nypeolje, Ricinusolje, Avokadoolje, Svart Ricinusolje, Jojobaolje, Hampolje, S\u00f8t Mandel, Kokosn\u00f8ttolje, Elmebark, Marshmallowrot, Neemolje.<\/p>\n<p><strong>Veibeskrivelse:<\/strong><\/p>\n<p>Kan brukes i v\u00e5tt eller t\u00f8rt h\u00e5r. For best resultat, del h\u00e5ret i to deler og p\u00e5f\u00f8r produktet jevnt i hele h\u00e5ret fra rot til topp, og bruk deretter en h\u00e5rfinner eller kam for \u00e5 fjerne eventuelle floker. <\/p>\n<p>1. <strong>Skyll ut h\u00e5rmasken<\/strong> &#8211; La den sitte i 30 minutter, og skyll og style den deretter som vanlig.<\/p>\n<p>2. <strong>Leave-in Conditioner<\/strong> &#8211; P\u00e5f\u00f8r i v\u00e5tt h\u00e5r og style som vanlig.<\/p>\n<p>3. <strong>Balsam<\/strong> &#8211; P\u00e5f\u00f8r i v\u00e5tt h\u00e5r og skyll ut.<\/p>\n<p>4. <strong>Co Wash<\/strong> &#8211; Masser produktet inn i hodebunnen med fingertuppene og skap friksjon for \u00e5 fjerne smuss fra hodebunnen, og skyll grundig.<\/p>\n","protected":false},"excerpt":{"rendered":"<p>Agor Organic Deep Treatment Cocktail Hair Mask er en intensiv h\u00e5rkur som kan brukes p\u00e5 4 forskjellige m\u00e5ter: som Leave-in Conditioner, Conditioner, Rinse-out h\u00e5rmaske eller Co Wash. Den l\u00e5ser fuktighet i h\u00e5rstr\u00e5et for \u00e5 gi glans, n\u00e6ring og pleie til sultent h\u00e5r. <\/p>\n","protected":false},"featured_media":6629,"comment_status":"open","ping_status":"closed","template":"","meta":[],"product_brand":[],"product_cat":[1637,1549,1488],"product_tag":[1467,1588],"class_list":{"0":"post-7344","1":"product","2":"type-product","3":"status-publish","4":"has-post-thumbnail","6":"product_cat-behandling-for-tort-har","7":"product_cat-behandlinger","8":"product_cat-harpleie","9":"product_tag-harpleie","10":"product_tag-harpleiebehandling","12":"first","13":"instock","14":"shipping-taxable","15":"purchasable","16":"product-type-simple"},"_links":{"self":[{"href":"https:\/\/yohannaa.com\/no\/wp-json\/wp\/v2\/product\/7344","targetHints":{"allow":["GET"]}}],"collection":[{"href":"https:\/\/yohannaa.com\/no\/wp-json\/wp\/v2\/product"}],"about":[{"href":"https:\/\/yohannaa.com\/no\/wp-json\/wp\/v2\/types\/product"}],"replies":[{"embeddable":true,"href":"https:\/\/yohannaa.com\/no\/wp-json\/wp\/v2\/comments?post=7344"}],"wp:featuredmedia":[{"embeddable":true,"href":"https:\/\/yohannaa.com\/no\/wp-json\/wp\/v2\/media\/6629"}],"wp:attachment":[{"href":"https:\/\/yohannaa.com\/no\/wp-json\/wp\/v2\/media?parent=7344"}],"wp:term":[{"taxonomy":"product_brand","embeddable":true,"href":"https:\/\/yohannaa.com\/no\/wp-json\/wp\/v2\/product_brand?post=7344"},{"taxonomy":"product_cat","embeddable":true,"href":"https:\/\/yohannaa.com\/no\/wp-json\/wp\/v2\/product_cat?post=7344"},{"taxonomy":"product_tag","embeddable":true,"href":"https:\/\/yohannaa.com\/no\/wp-json\/wp\/v2\/product_tag?post=7344"}],"curies":[{"name":"wp","href":"https:\/\/api.w.org\/{rel}","templated":true}]}}