{"id":7343,"date":"2024-10-23T17:15:17","date_gmt":"2024-10-23T17:15:17","guid":{"rendered":"https:\/\/yohannaa.com\/product\/creme-of-nature-argan-oil-intensive-conditioning-treatment\/"},"modified":"2024-10-23T17:15:17","modified_gmt":"2024-10-23T17:15:17","slug":"creme-of-nature-argan-oil-intensive-conditioning-treatment","status":"publish","type":"product","link":"https:\/\/yohannaa.com\/no\/shop\/harpleie\/behandlinger\/konditioneringsbehandling\/creme-of-nature-argan-oil-intensive-conditioning-treatment\/","title":{"rendered":"Creme of Nature Argan Oil Intensive Conditioning Treatment"},"content":{"rendered":"<div class=\"title\">\n<div class=\"title\">\n<div class=\"layer\">\n<div class=\"copy\">\n<div class=\"title\">REVITALISER MED INTENSIV PLEIE<\/div>\n<p>Intensive Conditioning Treatment er en intensiv dybdekur som styrker og forebygger skader. Behandlingen er ideell for alle h\u00e5rtyper, og kan brukes etter hver sjamponering som en hurtigbalsam eller hver uke som en gjenoppbyggende kur. <\/p>\n<div class=\"benefits\">\n<p><strong>PRODUKTFORDELER<\/strong><\/p>\n<ul>\n<li>Tilf\u00f8rer fuktighet i dybden med Exotic Shine\u2122.<\/li>\n<li>Styrker og forhindrer at h\u00e5ret knekker<\/li>\n<li>Etterlater h\u00e5ret mykt, silkeaktig og fyldig<\/li>\n<li>Tilsatt arganolje fra Marokko<\/li>\n<\/ul>\n<div id=\"cboxMiddleLeft\"><\/div>\n<div id=\"cboxContent\">\n<div id=\"cboxLoadedContent\">\n<div id=\"how-to-use\" class=\"popup\">\n<div class=\"title\">HVORDAN BRUKE<\/div>\n<div class=\"copy\">Etter sjamponering med <a href=\"http:\/\/cremeofnature.com\/products\/argan\/hair-care\/sulfate-free-moisture-shine-shampoo\/\" target=\"_blank\" rel=\"noopener\">Creme of Nature\u00ae Shampoo<\/a>, p\u00e5f\u00f8r en sjener\u00f8s mengde i h\u00e5ret og kam gjennom for jevn fordeling. Plasser en plasthette over h\u00e5ret og la det sitte under en varm t\u00f8rketrommel med hette i 10-15 minutter. Skyll grundig.  <\/div>\n<\/div>\n<\/div>\n<\/div>\n<\/div>\n<\/div>\n<\/div>\n<\/div>\n<div class=\"benefits\">\n<div class=\"copy\">\n<div id=\"cboxContent\">\n<div id=\"cboxLoadedContent\">\n<div id=\"style-tip\" class=\"popup\"><\/div>\n<\/div>\n<\/div>\n<\/div>\n<\/div>\n<\/div>\n<div id=\"cboxContent\">\n<div id=\"cboxLoadedContent\">\n<div id=\"how-to-use\" class=\"popup\">\n<div class=\"copy\"><\/div>\n<div class=\"copy\">\n<div id=\"cboxMiddleLeft\"><\/div>\n<div id=\"cboxContent\">\n<div id=\"cboxLoadedContent\">\n<div id=\"style-tip\" class=\"popup\">\n<div class=\"title\">STYLETIPS<\/div>\n<div class=\"copy\">Cocktail Intensive Conditioning Treatment med noen dr\u00e5per <a href=\"http:\/\/cremeofnature.com\/products\/argan\/shine\/pure-argan-oil\/\" target=\"_blank\" rel=\"noopener\">100 % ren arganolje<\/a> som tilf\u00f8rer h\u00e5ret ekstra glans og gir \u00f8kt beskyttelse.<\/div>\n<\/div>\n<\/div>\n<\/div>\n<\/div>\n<\/div>\n<\/div>\n<\/div>\n","protected":false},"excerpt":{"rendered":"<div class=\"title\">REVITALISER MED INTENSIV PLEIE<\/div>\n<div class=\"title\">Intensive Conditioning Treatment er en intensiv dybdekur som styrker og forebygger skader. Behandlingen er ideell for alle h\u00e5rtyper, og kan brukes etter hver sjamponering som en hurtigbalsam eller hver uke som en gjenoppbyggende kur. <\/div>\n","protected":false},"featured_media":6647,"comment_status":"open","ping_status":"closed","template":"","meta":[],"product_brand":[1235],"product_cat":[1549,1488,1585],"product_tag":[1467,1588],"class_list":{"0":"post-7343","1":"product","2":"type-product","3":"status-publish","4":"has-post-thumbnail","6":"product_brand-creme-of-nature","7":"product_cat-behandlinger","8":"product_cat-harpleie","9":"product_cat-konditioneringsbehandling","10":"product_tag-harpleie","11":"product_tag-harpleiebehandling","13":"first","14":"instock","15":"shipping-taxable","16":"purchasable","17":"product-type-simple"},"_links":{"self":[{"href":"https:\/\/yohannaa.com\/no\/wp-json\/wp\/v2\/product\/7343","targetHints":{"allow":["GET"]}}],"collection":[{"href":"https:\/\/yohannaa.com\/no\/wp-json\/wp\/v2\/product"}],"about":[{"href":"https:\/\/yohannaa.com\/no\/wp-json\/wp\/v2\/types\/product"}],"replies":[{"embeddable":true,"href":"https:\/\/yohannaa.com\/no\/wp-json\/wp\/v2\/comments?post=7343"}],"wp:featuredmedia":[{"embeddable":true,"href":"https:\/\/yohannaa.com\/no\/wp-json\/wp\/v2\/media\/6647"}],"wp:attachment":[{"href":"https:\/\/yohannaa.com\/no\/wp-json\/wp\/v2\/media?parent=7343"}],"wp:term":[{"taxonomy":"product_brand","embeddable":true,"href":"https:\/\/yohannaa.com\/no\/wp-json\/wp\/v2\/product_brand?post=7343"},{"taxonomy":"product_cat","embeddable":true,"href":"https:\/\/yohannaa.com\/no\/wp-json\/wp\/v2\/product_cat?post=7343"},{"taxonomy":"product_tag","embeddable":true,"href":"https:\/\/yohannaa.com\/no\/wp-json\/wp\/v2\/product_tag?post=7343"}],"curies":[{"name":"wp","href":"https:\/\/api.w.org\/{rel}","templated":true}]}}