{"id":7342,"date":"2024-10-23T17:15:12","date_gmt":"2024-10-23T17:15:12","guid":{"rendered":"https:\/\/yohannaa.com\/product\/okologisk-krollkrem-definerer-og-forlenger-krollene\/"},"modified":"2024-12-19T19:28:56","modified_gmt":"2024-12-19T19:28:56","slug":"okologisk-krollkrem-definerer-og-forlenger-krollene","status":"publish","type":"product","link":"https:\/\/yohannaa.com\/no\/shop\/harpleie\/harstyling\/styling-cream-n-lotion-no\/okologisk-krollkrem-definerer-og-forlenger-krollene\/","title":{"rendered":"\u00d8kologisk kr\u00f8llkrem definerer og forlenger kr\u00f8llene"},"content":{"rendered":"<p>Agor Organic Curling Custard er laget av ansvarlige \u00f8kologiske ingredienser. Kr\u00f8llkremen v\u00e5r gir tyngde til h\u00e5ret, definerer kr\u00f8llene, eliminerer krus og gir langvarig hold og glans uten \u00e5 v\u00e6re fet, utt\u00f8rkende eller knasende. Denne h\u00e5ndlagde formelen etterlater h\u00e5ret mykt, fuktig, forlenget og definert, og hjelper h\u00e5ret til \u00e5 henge bedre.   Bidrar til \u00e5 minimere skader p\u00e5 h\u00e5ret, og hjelper til med \u00e5 f\u00e5 langt og sunt h\u00e5r.<\/p>\n<ul>\n<li>Definer og kontroller kr\u00f8ller<\/li>\n<li>Langvarig sprett og glans<\/li>\n<li>Ikke klebrig, flasser ikke av<\/li>\n<li>N\u00e6rer og styrker h\u00e5ret<\/li>\n<li>Holder p\u00e5 fuktigheten og l\u00f8sner h\u00e5ret<\/li>\n<\/ul>\n<p><strong>Ingredienser:<\/strong><\/p>\n<p>Aqua, Marshmallow Root, Slippery Elm Bark, Organic Brown Flaxseed, Aloe Vera Juice, Rose Water, Vitamin E, Argan Oil, Avocado Oil, Black Castor Oil, Jojoba Oil, Hemp Oil, Sweet Almond, Neem Oil, Essential Oil, Aloe Vera Gel, Rosehip Oil.<\/p>\n<p><strong>Veibeskrivelse:<\/strong><\/p>\n<p>For best resultat, bruk i vasket, v\u00e5tt eller fuktig h\u00e5r. Begynn med \u00e5 dele h\u00e5ret i seksjoner. P\u00e5f\u00f8r en sjener\u00f8s mengde kr\u00f8llkrem i h\u00e5ret fra endene til r\u00f8ttene ved hjelp av fingrene, og style h\u00e5ret som \u00f8nsket. Bruk mer kr\u00f8llkrem for tykkere og strammere kr\u00f8ller, og mindre for b\u00f8lgete kr\u00f8ller. Gi h\u00e5ret litt tid til \u00e5 t\u00f8rke. Avslutt stylingen med v\u00e5r (Agor Organic Hair Oil).     <\/p>\n","protected":false},"excerpt":{"rendered":"<p>Agor Organic Curling Custard er laget av ansvarlige \u00f8kologiske ingredienser. Kr\u00f8llkremen v\u00e5r gir tyngde til h\u00e5ret, definerer kr\u00f8llene, eliminerer krus og gir langvarig hold og glans uten \u00e5 v\u00e6re fet, utt\u00f8rkende eller knasende. Denne h\u00e5ndlagde formelen etterlater h\u00e5ret mykt, fuktig, forlenget og definert, og hjelper h\u00e5ret til \u00e5 henge bedre.  <\/p>\n","protected":false},"featured_media":6630,"comment_status":"open","ping_status":"closed","template":"","meta":[],"product_brand":[1222],"product_cat":[1488,1469,1635],"product_tag":[1467,1636],"class_list":{"0":"post-7342","1":"product","2":"type-product","3":"status-publish","4":"has-post-thumbnail","6":"product_brand-agor","7":"product_cat-harpleie","8":"product_cat-harstyling","9":"product_cat-styling-cream-n-lotion-no","10":"product_tag-harpleie","11":"product_tag-harstyling-no","13":"first","14":"outofstock","15":"shipping-taxable","16":"purchasable","17":"product-type-simple"},"_links":{"self":[{"href":"https:\/\/yohannaa.com\/no\/wp-json\/wp\/v2\/product\/7342","targetHints":{"allow":["GET"]}}],"collection":[{"href":"https:\/\/yohannaa.com\/no\/wp-json\/wp\/v2\/product"}],"about":[{"href":"https:\/\/yohannaa.com\/no\/wp-json\/wp\/v2\/types\/product"}],"replies":[{"embeddable":true,"href":"https:\/\/yohannaa.com\/no\/wp-json\/wp\/v2\/comments?post=7342"}],"wp:featuredmedia":[{"embeddable":true,"href":"https:\/\/yohannaa.com\/no\/wp-json\/wp\/v2\/media\/6630"}],"wp:attachment":[{"href":"https:\/\/yohannaa.com\/no\/wp-json\/wp\/v2\/media?parent=7342"}],"wp:term":[{"taxonomy":"product_brand","embeddable":true,"href":"https:\/\/yohannaa.com\/no\/wp-json\/wp\/v2\/product_brand?post=7342"},{"taxonomy":"product_cat","embeddable":true,"href":"https:\/\/yohannaa.com\/no\/wp-json\/wp\/v2\/product_cat?post=7342"},{"taxonomy":"product_tag","embeddable":true,"href":"https:\/\/yohannaa.com\/no\/wp-json\/wp\/v2\/product_tag?post=7342"}],"curies":[{"name":"wp","href":"https:\/\/api.w.org\/{rel}","templated":true}]}}