{"id":7341,"date":"2024-10-18T17:15:17","date_gmt":"2024-10-18T17:15:17","guid":{"rendered":"https:\/\/yohannaa.com\/product\/creamy-oil-moisturizing-hair-lotion\/"},"modified":"2024-10-18T17:15:17","modified_gmt":"2024-10-18T17:15:17","slug":"creamy-oil-moisturizing-hair-lotion","status":"publish","type":"product","link":"https:\/\/yohannaa.com\/no\/shop\/harpleie\/fuktighetskremer-for-haret\/fuktighetsgivende-krem-og-lotion\/creamy-oil-moisturizing-hair-lotion\/","title":{"rendered":"Creamy Oil Moisturizing Hair Lotion"},"content":{"rendered":"<p>DYP FUKTIGHET OG BESKYTTELSE<\/p>\n<div class=\"layer\">\n<div class=\"copy\">\n<div class=\"title\">\n<div class=\"title\">\n<div class=\"title\">\n<div class=\"layer\">\n<div class=\"copy\">\n<div class=\"title\">\n<div class=\"layer\">\n<div class=\"copy\">\n<p>Creamy Oil Moisturizing Hair Lotion er en oljerik formel som gjenoppretter fuktighet, gir n\u00e6ring i dybden, beskytter mot varmestyling og styrker skadet h\u00e5r.<\/p>\n<div class=\"benefits\">\n<p><strong>PRODUKTFORDELER<\/strong><\/p>\n<ul>\n<li>Gir langvarig mykhet og Exotic Shine\u2122<\/li>\n<li>Gjenoppretter fuktighet<\/li>\n<li>Varmebeskyttende middel<\/li>\n<li>Tilsatt arganolje fra Marokko<\/li>\n<\/ul>\n<p>&nbsp;<\/p>\n<\/div>\n<\/div>\n<\/div>\n<\/div>\n<div class=\"benefits\">\n<div class=\"copy\">\n<p>  HVORDAN BRUKE<\/p>\n<div class=\"copy\">Hell en liten mengde i h\u00e5ndflaten, gni hendene sammen og masser inn i h\u00e5ret. Bruk daglig eller etter behov. Kam og style etter \u00f8nske.  <\/div>\n<div class=\"copy\"><\/div>\n<\/div>\n<\/div>\n<\/div>\n<\/div>\n<\/div>\n<\/div>\n<div class=\"benefits\">\n<div class=\"copy\"><\/div>\n<div class=\"copy\">\n<div class=\"title\">STYLETIPS<\/div>\n<div class=\"copy\">Bruk Oil Moisturizer som en nattkur for \u00e5 \u00f8ke h\u00e5rets styrke og for \u00e5 reparere og forebygge kl\u00f8yvde tupper og frizz, uten \u00e5 tynge h\u00e5ret.<\/div>\n<\/div>\n<\/div>\n<\/div>\n<\/div>\n<\/div>\n","protected":false},"excerpt":{"rendered":"<p>DYP FUKTIGHET OG BESKYTTELSE<\/p>\n<p>Creamy Oil Moisturizing Hair Lotion er en oljerik formel som gjenoppretter fuktighet, gir n\u00e6ring i dybden, beskytter mot varmestyling og styrker skadet h\u00e5r<\/p>\n","protected":false},"featured_media":6649,"comment_status":"open","ping_status":"closed","template":"","meta":[],"product_brand":[1235],"product_cat":[1521,1520,1488],"product_tag":[1579,1634],"class_list":{"0":"post-7341","1":"product","2":"type-product","3":"status-publish","4":"has-post-thumbnail","6":"product_brand-creme-of-nature","7":"product_cat-fuktighetsgivende-krem-og-lotion","8":"product_cat-fuktighetskremer-for-haret","9":"product_cat-harpleie","10":"product_tag-fuktighet-i-haret","11":"product_tag-harkrem-no-2","13":"first","14":"instock","15":"shipping-taxable","16":"purchasable","17":"product-type-simple"},"_links":{"self":[{"href":"https:\/\/yohannaa.com\/no\/wp-json\/wp\/v2\/product\/7341","targetHints":{"allow":["GET"]}}],"collection":[{"href":"https:\/\/yohannaa.com\/no\/wp-json\/wp\/v2\/product"}],"about":[{"href":"https:\/\/yohannaa.com\/no\/wp-json\/wp\/v2\/types\/product"}],"replies":[{"embeddable":true,"href":"https:\/\/yohannaa.com\/no\/wp-json\/wp\/v2\/comments?post=7341"}],"wp:featuredmedia":[{"embeddable":true,"href":"https:\/\/yohannaa.com\/no\/wp-json\/wp\/v2\/media\/6649"}],"wp:attachment":[{"href":"https:\/\/yohannaa.com\/no\/wp-json\/wp\/v2\/media?parent=7341"}],"wp:term":[{"taxonomy":"product_brand","embeddable":true,"href":"https:\/\/yohannaa.com\/no\/wp-json\/wp\/v2\/product_brand?post=7341"},{"taxonomy":"product_cat","embeddable":true,"href":"https:\/\/yohannaa.com\/no\/wp-json\/wp\/v2\/product_cat?post=7341"},{"taxonomy":"product_tag","embeddable":true,"href":"https:\/\/yohannaa.com\/no\/wp-json\/wp\/v2\/product_tag?post=7341"}],"curies":[{"name":"wp","href":"https:\/\/api.w.org\/{rel}","templated":true}]}}