{"id":7340,"date":"2024-10-23T17:15:12","date_gmt":"2024-10-23T17:15:12","guid":{"rendered":"https:\/\/yohannaa.com\/product\/mados-dark-spot-remover-ren-vitamin-c\/"},"modified":"2024-10-23T17:15:12","modified_gmt":"2024-10-23T17:15:12","slug":"mados-dark-spot-remover-ren-vitamin-c","status":"publish","type":"product","link":"https:\/\/yohannaa.com\/no\/shop\/hudpleie\/hudbehandlinger\/anti-aldring\/mados-dark-spot-remover-ren-vitamin-c\/","title":{"rendered":"Mados Dark Spot Remover ren vitamin C"},"content":{"rendered":"<p>Dette reduserer forekomsten av m\u00f8rke flekker uten hjelp av kjemiske blekemidler. Denne spesielle formuleringen er utviklet for \u00e5 synliggj\u00f8re aldersflekker, aknearr og m\u00f8rke flekker, og for \u00e5 forhindre at nye flekker dannes. Huden beroliges og hudfargen forfines, for en f\u00f8lelse av friskhet fra f\u00f8rste gangs bruk!  <\/p>\n<p><strong>Bruksanvisning:<\/strong><\/p>\n<p>P\u00e5f\u00f8res lokalt eller over hele ansiktet morgen og kveld f\u00f8r fuktighetskremen. Den kan ogs\u00e5 brukes p\u00e5 hender, hals og bryst ved synlig misfarging. Advarsel: Kun til utvortes bruk: Kun til utvortes bruk.  <\/p>\n","protected":false},"excerpt":{"rendered":"<p>Dette reduserer forekomsten av m\u00f8rke flekker uten hjelp av kjemiske blekemidler. Denne spesielle formuleringen er utviklet for \u00e5 synliggj\u00f8re aldersflekker, aknearr og m\u00f8rke flekker og forhindre at det dannes nye flekker. <\/p>\n","protected":false},"featured_media":6635,"comment_status":"open","ping_status":"closed","template":"","meta":[],"product_brand":[1244],"product_cat":[1633,1602,1631],"product_tag":[1459],"class_list":{"0":"post-7340","1":"product","2":"type-product","3":"status-publish","4":"has-post-thumbnail","6":"product_brand-mados","7":"product_cat-anti-aldring","8":"product_cat-hudbehandlinger","9":"product_cat-kviser-og-arr","10":"product_tag-hudpleie","12":"first","13":"instock","14":"shipping-taxable","15":"purchasable","16":"product-type-simple"},"_links":{"self":[{"href":"https:\/\/yohannaa.com\/no\/wp-json\/wp\/v2\/product\/7340","targetHints":{"allow":["GET"]}}],"collection":[{"href":"https:\/\/yohannaa.com\/no\/wp-json\/wp\/v2\/product"}],"about":[{"href":"https:\/\/yohannaa.com\/no\/wp-json\/wp\/v2\/types\/product"}],"replies":[{"embeddable":true,"href":"https:\/\/yohannaa.com\/no\/wp-json\/wp\/v2\/comments?post=7340"}],"wp:featuredmedia":[{"embeddable":true,"href":"https:\/\/yohannaa.com\/no\/wp-json\/wp\/v2\/media\/6635"}],"wp:attachment":[{"href":"https:\/\/yohannaa.com\/no\/wp-json\/wp\/v2\/media?parent=7340"}],"wp:term":[{"taxonomy":"product_brand","embeddable":true,"href":"https:\/\/yohannaa.com\/no\/wp-json\/wp\/v2\/product_brand?post=7340"},{"taxonomy":"product_cat","embeddable":true,"href":"https:\/\/yohannaa.com\/no\/wp-json\/wp\/v2\/product_cat?post=7340"},{"taxonomy":"product_tag","embeddable":true,"href":"https:\/\/yohannaa.com\/no\/wp-json\/wp\/v2\/product_tag?post=7340"}],"curies":[{"name":"wp","href":"https:\/\/api.w.org\/{rel}","templated":true}]}}