{"id":7339,"date":"2024-10-18T17:15:18","date_gmt":"2024-10-18T17:15:18","guid":{"rendered":"https:\/\/yohannaa.com\/product\/argan-oil-style-and-shine-foaming-mousse\/"},"modified":"2024-10-18T17:15:18","modified_gmt":"2024-10-18T17:15:18","slug":"argan-oil-style-and-shine-foaming-mousse","status":"publish","type":"product","link":"https:\/\/yohannaa.com\/no\/shop\/harpleie\/harstyling\/pakk-inn-og-hold\/argan-oil-style-and-shine-foaming-mousse\/","title":{"rendered":"Argan Oil Style And Shine Foaming Mousse"},"content":{"rendered":"<p>Creme of Nature Argan Oil Style And Shine Foaming Mousse. Tilsatt sertifisert \u00f8kologisk arganolje fra Marokko. Fukter og gir glans. Gir langvarig hold.   <\/p>\n<ul>\n<li>Definerer kr\u00f8ller, gir hold for twist outs.<\/li>\n<li>Etterlater innpakningen myk og fyldig.<\/li>\n<li>Fukter t\u00f8rt og spr\u00f8tt h\u00e5r og forebygger frizz.<\/li>\n<\/ul>\n","protected":false},"excerpt":{"rendered":"<p>Creme of Nature Argan Oil Style And Shine Foaming Mousse. Tilsatt sertifisert \u00f8kologisk arganolje fra Marokko. Fukter og gir glans. Gir langvarig hold.   <\/p>\n","protected":false},"featured_media":6653,"comment_status":"open","ping_status":"closed","template":"","meta":[],"product_brand":[1235],"product_cat":[1469,1632],"product_tag":[1467,1471],"class_list":{"0":"post-7339","1":"product","2":"type-product","3":"status-publish","4":"has-post-thumbnail","6":"product_brand-creme-of-nature","7":"product_cat-harstyling","8":"product_cat-pakk-inn-og-hold","9":"product_tag-harpleie","10":"product_tag-harstyling","12":"first","13":"instock","14":"shipping-taxable","15":"purchasable","16":"product-type-simple"},"_links":{"self":[{"href":"https:\/\/yohannaa.com\/no\/wp-json\/wp\/v2\/product\/7339","targetHints":{"allow":["GET"]}}],"collection":[{"href":"https:\/\/yohannaa.com\/no\/wp-json\/wp\/v2\/product"}],"about":[{"href":"https:\/\/yohannaa.com\/no\/wp-json\/wp\/v2\/types\/product"}],"replies":[{"embeddable":true,"href":"https:\/\/yohannaa.com\/no\/wp-json\/wp\/v2\/comments?post=7339"}],"wp:featuredmedia":[{"embeddable":true,"href":"https:\/\/yohannaa.com\/no\/wp-json\/wp\/v2\/media\/6653"}],"wp:attachment":[{"href":"https:\/\/yohannaa.com\/no\/wp-json\/wp\/v2\/media?parent=7339"}],"wp:term":[{"taxonomy":"product_brand","embeddable":true,"href":"https:\/\/yohannaa.com\/no\/wp-json\/wp\/v2\/product_brand?post=7339"},{"taxonomy":"product_cat","embeddable":true,"href":"https:\/\/yohannaa.com\/no\/wp-json\/wp\/v2\/product_cat?post=7339"},{"taxonomy":"product_tag","embeddable":true,"href":"https:\/\/yohannaa.com\/no\/wp-json\/wp\/v2\/product_tag?post=7339"}],"curies":[{"name":"wp","href":"https:\/\/api.w.org\/{rel}","templated":true}]}}