{"id":7338,"date":"2024-10-23T17:15:12","date_gmt":"2024-10-23T17:15:12","guid":{"rendered":"https:\/\/yohannaa.com\/product\/mados-body-oil-olje-for-forebygging-av-strekkmerker\/"},"modified":"2024-10-23T17:15:12","modified_gmt":"2024-10-23T17:15:12","slug":"mados-body-oil-olje-for-forebygging-av-strekkmerker","status":"publish","type":"product","link":"https:\/\/yohannaa.com\/no\/shop\/hudpleie\/fuktighetsgivende-for-huden\/hudsprayer-og-oljer\/mados-body-oil-olje-for-forebygging-av-strekkmerker\/","title":{"rendered":"Mados Body Oil (olje for forebygging av strekkmerker)"},"content":{"rendered":"<p>Mados kroppsolje er en fin olje som fukter huden optimalt. Den st\u00f8tter produksjonen av kollagen og elastin og forbedrer hudens fuktighetsinnhold, og er ideell for p\u00e5f\u00f8ring p\u00e5 kroppen og tar spesielt vare p\u00e5 solskadede deler av kroppen. Den har en spesielt sammensatt blanding av naturlige oljer som fremmer hudens elastisitet og minimerer strekkmerker.  <\/p>\n<p><strong>Bruksanvisning:<\/strong><\/p>\n<p>P\u00e5f\u00f8r en liten mengde av produktet p\u00e5 ren hud,<br \/>\nfordel jevnt med lette massasjebevegelser<br \/>\nhvis irritasjon oppst\u00e5r, avbryt bruk umiddelbart<br \/>\nikke egnet for ansiktet<br \/>\nSt\u00f8rrelse: 100 ml \/ 3,38 oz<\/p>\n","protected":false},"excerpt":{"rendered":"<p>Mados kroppsolje er en fin olje som fukter huden optimalt. Den st\u00f8tter produksjonen av kollagen og elastin og forbedrer hudens fuktighetsinnhold, og er ideell for p\u00e5f\u00f8ring p\u00e5 kroppen og tar spesielt vare p\u00e5 solskadede deler av kroppen. <\/p>\n","protected":false},"featured_media":6637,"comment_status":"open","ping_status":"closed","template":"","meta":[],"product_brand":[1244],"product_cat":[1524,1602,1456,1607,1631,1604],"product_tag":[1459],"class_list":{"0":"post-7338","1":"product","2":"type-product","3":"status-publish","4":"has-post-thumbnail","6":"product_brand-mados","7":"product_cat-fuktighetsgivende-for-huden","8":"product_cat-hudbehandlinger","9":"product_cat-hudpleie","10":"product_cat-hudsprayer-og-oljer","11":"product_cat-kviser-og-arr","12":"product_cat-produkter-for-strekkmerker","13":"product_tag-hudpleie","15":"first","16":"instock","17":"shipping-taxable","18":"purchasable","19":"product-type-simple"},"_links":{"self":[{"href":"https:\/\/yohannaa.com\/no\/wp-json\/wp\/v2\/product\/7338","targetHints":{"allow":["GET"]}}],"collection":[{"href":"https:\/\/yohannaa.com\/no\/wp-json\/wp\/v2\/product"}],"about":[{"href":"https:\/\/yohannaa.com\/no\/wp-json\/wp\/v2\/types\/product"}],"replies":[{"embeddable":true,"href":"https:\/\/yohannaa.com\/no\/wp-json\/wp\/v2\/comments?post=7338"}],"wp:featuredmedia":[{"embeddable":true,"href":"https:\/\/yohannaa.com\/no\/wp-json\/wp\/v2\/media\/6637"}],"wp:attachment":[{"href":"https:\/\/yohannaa.com\/no\/wp-json\/wp\/v2\/media?parent=7338"}],"wp:term":[{"taxonomy":"product_brand","embeddable":true,"href":"https:\/\/yohannaa.com\/no\/wp-json\/wp\/v2\/product_brand?post=7338"},{"taxonomy":"product_cat","embeddable":true,"href":"https:\/\/yohannaa.com\/no\/wp-json\/wp\/v2\/product_cat?post=7338"},{"taxonomy":"product_tag","embeddable":true,"href":"https:\/\/yohannaa.com\/no\/wp-json\/wp\/v2\/product_tag?post=7338"}],"curies":[{"name":"wp","href":"https:\/\/api.w.org\/{rel}","templated":true}]}}