{"id":7337,"date":"2024-10-18T17:15:18","date_gmt":"2024-10-18T17:15:18","guid":{"rendered":"https:\/\/yohannaa.com\/product\/arganolje-fra-marokko-perfect-edges-hargele\/"},"modified":"2024-10-18T17:15:18","modified_gmt":"2024-10-18T17:15:18","slug":"arganolje-fra-marokko-perfect-edges-hargele","status":"publish","type":"product","link":"https:\/\/yohannaa.com\/no\/shop\/harpleie\/harstyling\/stylinggele\/arganolje-fra-marokko-perfect-edges-hargele\/","title":{"rendered":"Arganolje fra Marokko, Perfect Edges, h\u00e5rgel\u00e9"},"content":{"rendered":"<p>EKSTRA GREP FOR \u00c5 BEHOLDE KONTROLLEN<\/p>\n<div class=\"layer\">\n<div class=\"copy\">\n<div class=\"title\">\n<p>Kantgel\u00e9 med maksimal hold, som ikke flasser, for langvarig bruk. Perfekt for \u00e5 t\u00f8yle gjenstridige kanter og skape slanke, glatte frisyrer. Perfekt til \u00e5 forme, hestehaler, h\u00f8ye boller og naturlige oppsett. Ikke-rennende, restfri formel, perfekt for daglig bruk.   <\/p>\n<div class=\"benefits\">\n<p><strong>PRODUKTFORDELER<\/strong><\/p>\n<ul>\n<li>Fast, langvarig hold for gjenstridige kanter<\/li>\n<li>Flasser ikke av og er fri for rester<\/li>\n<li>Tilsatt arganolje for eksotisk glans<\/li>\n<\/ul>\n<div id=\"cboxMiddleLeft\"><\/div>\n<div id=\"cboxContent\">\n<div id=\"cboxLoadedContent\">\n<div id=\"how-to-use\" class=\"popup\">\n<div class=\"title\">HVORDAN BRUKE<\/div>\n<div class=\"copy\">P\u00e5f\u00f8r p\u00e5 kantene og glatt ut med fingertuppene, en liten tannb\u00f8rste eller pensel for \u00f8nsket utseende og hold.<\/div>\n<div class=\"copy\"><\/div>\n<div class=\"copy\">\n<div class=\"title\">STYLETIPS<\/div>\n<div class=\"copy\">Etter at du har p\u00e5f\u00f8rt Perfect Edges Extra Hold, glatter du kantene og knyter et silkeskjerf rundt, og sover med skjerfet over natten for \u00e5 skape det ultimate glatte utseendet.<\/div>\n<\/div>\n<\/div>\n<\/div>\n<\/div>\n<\/div>\n<\/div>\n<\/div>\n<\/div>\n","protected":false},"excerpt":{"rendered":"<p>EKSTRA GREP FOR \u00c5 BEHOLDE KONTROLLEN<\/p>\n<div class=\"layer\">\n<div class=\"copy\">\n<div class=\"title\">\n<p>Kantgel\u00e9 med maksimal hold, som ikke flasser, for langvarig bruk. Perfekt for \u00e5 t\u00f8yle gjenstridige kanter og skape slanke, glatte frisyrer. Perfekt til \u00e5 forme, hestehaler, h\u00f8ye boller og naturlige oppsett. Ikke-rennende, restfri formel, perfekt for daglig bruk.   <\/p>\n<\/div>\n<\/div>\n<\/div>\n","protected":false},"featured_media":6899,"comment_status":"open","ping_status":"closed","template":"","meta":[],"product_brand":[1235],"product_cat":[1488,1469,1597],"product_tag":[1467,1629],"class_list":{"0":"post-7337","1":"product","2":"type-product","3":"status-publish","4":"has-post-thumbnail","6":"product_brand-creme-of-nature","7":"product_cat-harpleie","8":"product_cat-harstyling","9":"product_cat-stylinggele","10":"product_tag-harpleie","11":"product_tag-harstylinggele","13":"first","14":"instock","15":"shipping-taxable","16":"purchasable","17":"product-type-simple"},"_links":{"self":[{"href":"https:\/\/yohannaa.com\/no\/wp-json\/wp\/v2\/product\/7337","targetHints":{"allow":["GET"]}}],"collection":[{"href":"https:\/\/yohannaa.com\/no\/wp-json\/wp\/v2\/product"}],"about":[{"href":"https:\/\/yohannaa.com\/no\/wp-json\/wp\/v2\/types\/product"}],"replies":[{"embeddable":true,"href":"https:\/\/yohannaa.com\/no\/wp-json\/wp\/v2\/comments?post=7337"}],"wp:featuredmedia":[{"embeddable":true,"href":"https:\/\/yohannaa.com\/no\/wp-json\/wp\/v2\/media\/6899"}],"wp:attachment":[{"href":"https:\/\/yohannaa.com\/no\/wp-json\/wp\/v2\/media?parent=7337"}],"wp:term":[{"taxonomy":"product_brand","embeddable":true,"href":"https:\/\/yohannaa.com\/no\/wp-json\/wp\/v2\/product_brand?post=7337"},{"taxonomy":"product_cat","embeddable":true,"href":"https:\/\/yohannaa.com\/no\/wp-json\/wp\/v2\/product_cat?post=7337"},{"taxonomy":"product_tag","embeddable":true,"href":"https:\/\/yohannaa.com\/no\/wp-json\/wp\/v2\/product_tag?post=7337"}],"curies":[{"name":"wp","href":"https:\/\/api.w.org\/{rel}","templated":true}]}}