{"id":7336,"date":"2024-10-18T17:15:18","date_gmt":"2024-10-18T17:15:18","guid":{"rendered":"https:\/\/yohannaa.com\/product\/argan-oil-perfect-edges-black-gel\/"},"modified":"2024-10-18T17:15:18","modified_gmt":"2024-10-18T17:15:18","slug":"argan-oil-perfect-edges-black-gel","status":"publish","type":"product","link":"https:\/\/yohannaa.com\/no\/shop\/harpleie\/harstyling\/stylinggele\/argan-oil-perfect-edges-black-gel\/","title":{"rendered":"Argan Oil Perfect Edges Black Gel"},"content":{"rendered":"<p class=\"default\"><span data-sheets-userformat=\"{\"2\":513,\"3\":{\"1\":0},\"12\":0}\" data-sheets-value=\"{\"1\":2,\"2\":\"Creme of Nature Argan Oil Perfect Edges Edge Control Gel BLACK 63.7g\"}\">Creme of Nature Argan Oil Perfect Edges Edge Control Gel BLACK 63,7 g<\/span><\/p>\n<div id=\"productDescription\" class=\"a-section a-spacing-small\">\n<div class=\"disclaim\">\n<div class=\"title\">\n<div class=\"layer\">\n<div class=\"copy\">\n<div class=\"title\">\n<div class=\"title\">\n<div class=\"layer\">\n<div class=\"copy\">\n<div class=\"title\">PERFEKT HOLD MED EKSOTISK GLANS<\/div>\n<div class=\"title\"><\/div>\n<p>Perfekt for \u00e5 dekke gr\u00e5 r\u00f8tter og minimere utseendet p\u00e5 tynne kanter, samtidig som du skaper elegante, glatte stiler.<\/p>\n<div class=\"benefits\">\n<p><strong>PRODUKTFORDELER:<\/strong><\/p>\n<ul>\n<li>Holder og kontrollerer kanter uten \u00e5 flasse av<\/li>\n<li>Dekker gr\u00e5 r\u00f8tter<\/li>\n<li>Fyller ut kanter og delelinjer<\/li>\n<li>Gir eksotisk glans\u2122.<\/li>\n<\/ul>\n<div class=\"title\"><strong>HVORDAN BRUKES:<\/strong><\/div>\n<div class=\"title\"><\/div>\n<div class=\"copy\">P\u00e5f\u00f8r p\u00e5 kantene og glatt ut med fingertuppene, en liten tannb\u00f8rste eller pensel for \u00f8nsket utseende og hold.<\/div>\n<div class=\"copy\"><\/div>\n<div class=\"copy\">\n<div id=\"cboxContent\">\n<div id=\"cboxLoadedContent\">\n<div id=\"style-tip\" class=\"popup\">\n<div class=\"title\"><strong>STILTIPS:<\/strong><\/div>\n<div class=\"title\"><\/div>\n<div class=\"copy\">Bruk Perfect Edges Black p\u00e5 uregjerlige gr\u00e5 eller tynne kanter for \u00e5 glatte ut og maskere gr\u00e5tt h\u00e5r.<\/div>\n<\/div>\n<\/div>\n<\/div>\n<\/div>\n<\/div>\n<\/div>\n<\/div>\n<\/div>\n<\/div>\n<\/div>\n<\/div>\n<\/div>\n<\/div>\n<\/div>\n","protected":false},"excerpt":{"rendered":"<div class=\"title\">PERFEKT HOLD MED EKSOTISK GLANS<\/div>\n<p>Perfekt for \u00e5 dekke gr\u00e5 r\u00f8tter og minimere utseendet p\u00e5 tynne kanter, samtidig som du skaper elegante, glatte stiler.<\/p>\n","protected":false},"featured_media":6900,"comment_status":"open","ping_status":"closed","template":"","meta":[],"product_brand":[1235],"product_cat":[1488,1469,1597],"product_tag":[1467,1629],"class_list":{"0":"post-7336","1":"product","2":"type-product","3":"status-publish","4":"has-post-thumbnail","6":"product_brand-creme-of-nature","7":"product_cat-harpleie","8":"product_cat-harstyling","9":"product_cat-stylinggele","10":"product_tag-harpleie","11":"product_tag-harstylinggele","13":"first","14":"instock","15":"shipping-taxable","16":"purchasable","17":"product-type-simple"},"_links":{"self":[{"href":"https:\/\/yohannaa.com\/no\/wp-json\/wp\/v2\/product\/7336","targetHints":{"allow":["GET"]}}],"collection":[{"href":"https:\/\/yohannaa.com\/no\/wp-json\/wp\/v2\/product"}],"about":[{"href":"https:\/\/yohannaa.com\/no\/wp-json\/wp\/v2\/types\/product"}],"replies":[{"embeddable":true,"href":"https:\/\/yohannaa.com\/no\/wp-json\/wp\/v2\/comments?post=7336"}],"wp:featuredmedia":[{"embeddable":true,"href":"https:\/\/yohannaa.com\/no\/wp-json\/wp\/v2\/media\/6900"}],"wp:attachment":[{"href":"https:\/\/yohannaa.com\/no\/wp-json\/wp\/v2\/media?parent=7336"}],"wp:term":[{"taxonomy":"product_brand","embeddable":true,"href":"https:\/\/yohannaa.com\/no\/wp-json\/wp\/v2\/product_brand?post=7336"},{"taxonomy":"product_cat","embeddable":true,"href":"https:\/\/yohannaa.com\/no\/wp-json\/wp\/v2\/product_cat?post=7336"},{"taxonomy":"product_tag","embeddable":true,"href":"https:\/\/yohannaa.com\/no\/wp-json\/wp\/v2\/product_tag?post=7336"}],"curies":[{"name":"wp","href":"https:\/\/api.w.org\/{rel}","templated":true}]}}