{"id":7335,"date":"2024-10-18T17:15:18","date_gmt":"2024-10-18T17:15:18","guid":{"rendered":"https:\/\/yohannaa.com\/product\/cantu-care-for-kids-leave-in-conditioner\/"},"modified":"2024-10-18T17:15:18","modified_gmt":"2024-10-18T17:15:18","slug":"cantu-care-for-kids-leave-in-conditioner","status":"publish","type":"product","link":"https:\/\/yohannaa.com\/no\/shop\/barn\/harpleie-for-barn\/balsam-for-barn\/cantu-care-for-kids-leave-in-conditioner\/","title":{"rendered":"Cantu Care for Kids Leave-in Conditioner"},"content":{"rendered":"<p class=\"article-text\"><span data-sheets-userformat=\"{\"2\":513,\"3\":{\"1\":0},\"12\":0}\" data-sheets-value=\"{\"1\":2,\"2\":\"Cantu Care for Kids Leave-in Conditioner 283g\"}\">Cantu Care for Kids Leave-in Conditioner 283 g<\/span><\/p>\n<div class=\"article-text\">\n<p>Pleier h\u00e5ret i dybden for \u00f8kt h\u00e5ndterbarhet, reduserer brudd og frizz med den perfekte blandingen av rent sheasm\u00f8r, kokosolje og honning, formulert uten sterke ingredienser. Pleier og gir n\u00e6ring til skj\u00f8re spoler, kr\u00f8ller og b\u00f8lger med Cantus milde pleie for strukturert h\u00e5r. INGEN MINERALOLJE, SULFATER, PARABENER, SILIKONER, FETALATER, GLUTEN, PARAFFIN eller PROPYLENE. <\/p>\n<\/div>\n<div class=\"benefits-features\">\n<div id=\"faf-field-4\" class=\"faf-field faf-field-textarea\">\n<div class=\"faf-name\">Fordeler\/Funksjoner<\/div>\n<div class=\"faf-text\">&#8211; fukter skj\u00f8re spoler for \u00e5 stoppe brudd<br \/>\n&#8211; pleier dypt for \u00f8kt h\u00e5ndterbarhet<br \/>\n&#8211; tilsatt sheasm\u00f8r, kokosn\u00f8ttolje og honning<\/div>\n<\/div>\n<\/div>\n","protected":false},"excerpt":{"rendered":"<p>Pleier i dybden for \u00f8kt h\u00e5ndterbarhet, reduserer brudd og frizz med den perfekte blandingen av rent sheasm\u00f8r, kokosolje og honning, formulert uten sterke ingredienser.<\/p>\n","protected":false},"featured_media":6663,"comment_status":"open","ping_status":"closed","template":"","meta":[],"product_brand":[1220],"product_cat":[1480,1478,1479],"product_tag":[1530],"class_list":{"0":"post-7335","1":"product","2":"type-product","3":"status-publish","4":"has-post-thumbnail","6":"product_brand-cantu","7":"product_cat-balsam-for-barn","8":"product_cat-barn","9":"product_cat-harpleie-for-barn","10":"product_tag-harpleie-for-barn","12":"first","13":"instock","14":"featured","15":"shipping-taxable","16":"purchasable","17":"product-type-simple"},"_links":{"self":[{"href":"https:\/\/yohannaa.com\/no\/wp-json\/wp\/v2\/product\/7335","targetHints":{"allow":["GET"]}}],"collection":[{"href":"https:\/\/yohannaa.com\/no\/wp-json\/wp\/v2\/product"}],"about":[{"href":"https:\/\/yohannaa.com\/no\/wp-json\/wp\/v2\/types\/product"}],"replies":[{"embeddable":true,"href":"https:\/\/yohannaa.com\/no\/wp-json\/wp\/v2\/comments?post=7335"}],"wp:featuredmedia":[{"embeddable":true,"href":"https:\/\/yohannaa.com\/no\/wp-json\/wp\/v2\/media\/6663"}],"wp:attachment":[{"href":"https:\/\/yohannaa.com\/no\/wp-json\/wp\/v2\/media?parent=7335"}],"wp:term":[{"taxonomy":"product_brand","embeddable":true,"href":"https:\/\/yohannaa.com\/no\/wp-json\/wp\/v2\/product_brand?post=7335"},{"taxonomy":"product_cat","embeddable":true,"href":"https:\/\/yohannaa.com\/no\/wp-json\/wp\/v2\/product_cat?post=7335"},{"taxonomy":"product_tag","embeddable":true,"href":"https:\/\/yohannaa.com\/no\/wp-json\/wp\/v2\/product_tag?post=7335"}],"curies":[{"name":"wp","href":"https:\/\/api.w.org\/{rel}","templated":true}]}}