{"id":7334,"date":"2024-10-18T17:15:18","date_gmt":"2024-10-18T17:15:18","guid":{"rendered":"https:\/\/yohannaa.com\/product\/cantu-kids-nourishing-conditioner\/"},"modified":"2024-10-18T17:15:18","modified_gmt":"2024-10-18T17:15:18","slug":"cantu-kids-nourishing-conditioner","status":"publish","type":"product","link":"https:\/\/yohannaa.com\/no\/shop\/barn\/harpleie-for-barn\/balsam-for-barn\/cantu-kids-nourishing-conditioner\/","title":{"rendered":"Cantu KIDS Nourishing Conditioner"},"content":{"rendered":"<p>Tilf\u00f8rer fuktighet og h\u00e5ndterbarhet med den perfekte blandingen av rent sheasm\u00f8r, kokosn\u00f8ttolje og honning formulert uten harde ingredienser. Pleie og gi n\u00e6ring til skj\u00f8re spoler, kr\u00f8ller og b\u00f8lger med Cantus sk\u00e5nsomme pleie for teksturert h\u00e5r. INGEN MINERALOLJE, SULFATER, PARABENER, SILIKON, FTALATER, GLUTEN, PARAFIN eller PROPYLEN. Fordeler:<br \/>\nFukter og slukker t\u00f8rste tr\u00e5der<br \/>\nTilf\u00f8rer fuktighet og h\u00e5ndterbarhet<br \/>\nInfundert med sheasm\u00f8r, kokosolje og honning HVORDAN \u00c5 BRUKE<br \/>\nP\u00e5f\u00f8r en sjener\u00f8s mengde balsam i h\u00e5ret. Masser fra rot til spiss. Skyll grundig med kaldt vann. <\/p>\n","protected":false},"excerpt":{"rendered":"<p>Tilf\u00f8rer fuktighet og h\u00e5ndterbarhet med den perfekte blandingen av rent sheasm\u00f8r, kokosn\u00f8ttolje og honning formulert uten harde ingredienser. Pleie og gi n\u00e6ring til skj\u00f8re spoler, kr\u00f8ller og b\u00f8lger med Cantus sk\u00e5nsomme pleie for teksturert h\u00e5r. <\/p>\n","protected":false},"featured_media":6664,"comment_status":"open","ping_status":"closed","template":"","meta":[],"product_brand":[1220],"product_cat":[1480,1478,1479],"product_tag":[1530],"class_list":{"0":"post-7334","1":"product","2":"type-product","3":"status-publish","4":"has-post-thumbnail","6":"product_brand-cantu","7":"product_cat-balsam-for-barn","8":"product_cat-barn","9":"product_cat-harpleie-for-barn","10":"product_tag-harpleie-for-barn","12":"first","13":"instock","14":"featured","15":"shipping-taxable","16":"purchasable","17":"product-type-simple"},"_links":{"self":[{"href":"https:\/\/yohannaa.com\/no\/wp-json\/wp\/v2\/product\/7334","targetHints":{"allow":["GET"]}}],"collection":[{"href":"https:\/\/yohannaa.com\/no\/wp-json\/wp\/v2\/product"}],"about":[{"href":"https:\/\/yohannaa.com\/no\/wp-json\/wp\/v2\/types\/product"}],"replies":[{"embeddable":true,"href":"https:\/\/yohannaa.com\/no\/wp-json\/wp\/v2\/comments?post=7334"}],"wp:featuredmedia":[{"embeddable":true,"href":"https:\/\/yohannaa.com\/no\/wp-json\/wp\/v2\/media\/6664"}],"wp:attachment":[{"href":"https:\/\/yohannaa.com\/no\/wp-json\/wp\/v2\/media?parent=7334"}],"wp:term":[{"taxonomy":"product_brand","embeddable":true,"href":"https:\/\/yohannaa.com\/no\/wp-json\/wp\/v2\/product_brand?post=7334"},{"taxonomy":"product_cat","embeddable":true,"href":"https:\/\/yohannaa.com\/no\/wp-json\/wp\/v2\/product_cat?post=7334"},{"taxonomy":"product_tag","embeddable":true,"href":"https:\/\/yohannaa.com\/no\/wp-json\/wp\/v2\/product_tag?post=7334"}],"curies":[{"name":"wp","href":"https:\/\/api.w.org\/{rel}","templated":true}]}}