{"id":7332,"date":"2024-10-18T17:15:18","date_gmt":"2024-10-18T17:15:18","guid":{"rendered":"https:\/\/yohannaa.com\/product\/coconut-milk-moisture-curl-hair-milk\/"},"modified":"2024-10-18T17:15:18","modified_gmt":"2024-10-18T17:15:18","slug":"coconut-milk-moisture-curl-hair-milk","status":"publish","type":"product","link":"https:\/\/yohannaa.com\/no\/shop\/harpleie\/fuktighetskremer-for-haret\/fuktighetsgivende-krem-og-lotion\/coconut-milk-moisture-curl-hair-milk\/","title":{"rendered":"Coconut Milk Moisture Curl Hair Milk"},"content":{"rendered":"<p>Creme Of Nature Coconut Milk Moisture Curl Hair Milk LightWeight Creme For Defined Elonged Curls.kyss livl\u00f8se, krusete lokker farvel med Moisture Curl Hair Milk infundert med sertifisert naturlig kokosn\u00f8ttolje.denne melken vil forbedre h\u00e5ndterbarheten av dine tr\u00e5der ved \u00e5 temme frizz og gi glans.<\/p>\n<ul>\n<li>Lett krem for definerte, langstrakte kr\u00f8ller<\/li>\n<li>Med sertifiserte naturlige ingredienser<\/li>\n<li>Ingen sulfater<\/li>\n<li>Ingen mineralolje<\/li>\n<li>Ingen petrolatum<\/li>\n<li>Sertifisert naturlig ingrediens **.<\/li>\n<\/ul>\n<p>*Formulert uten tilsetning. **Kokosn\u00f8ttolje er en sertifisert naturlig ingrediens.<\/p>\n","protected":false},"excerpt":{"rendered":"<p>Creme Of Nature Coconut Milk Moisture Curl Hair Milk LightWeight Creme for definerte, langstrakte kr\u00f8ller. Ta farvel med livl\u00f8se, krusete lokker med Moisture Curl Hair Milk som er tilsatt sertifisert naturlig kokosolje. <\/p>\n","protected":false},"featured_media":6655,"comment_status":"open","ping_status":"closed","template":"","meta":[],"product_brand":[1235],"product_cat":[1521,1520],"product_tag":[1579,1467],"class_list":{"0":"post-7332","1":"product","2":"type-product","3":"status-publish","4":"has-post-thumbnail","6":"product_brand-creme-of-nature","7":"product_cat-fuktighetsgivende-krem-og-lotion","8":"product_cat-fuktighetskremer-for-haret","9":"product_tag-fuktighet-i-haret","10":"product_tag-harpleie","12":"first","13":"instock","14":"shipping-taxable","15":"purchasable","16":"product-type-simple"},"_links":{"self":[{"href":"https:\/\/yohannaa.com\/no\/wp-json\/wp\/v2\/product\/7332","targetHints":{"allow":["GET"]}}],"collection":[{"href":"https:\/\/yohannaa.com\/no\/wp-json\/wp\/v2\/product"}],"about":[{"href":"https:\/\/yohannaa.com\/no\/wp-json\/wp\/v2\/types\/product"}],"replies":[{"embeddable":true,"href":"https:\/\/yohannaa.com\/no\/wp-json\/wp\/v2\/comments?post=7332"}],"wp:featuredmedia":[{"embeddable":true,"href":"https:\/\/yohannaa.com\/no\/wp-json\/wp\/v2\/media\/6655"}],"wp:attachment":[{"href":"https:\/\/yohannaa.com\/no\/wp-json\/wp\/v2\/media?parent=7332"}],"wp:term":[{"taxonomy":"product_brand","embeddable":true,"href":"https:\/\/yohannaa.com\/no\/wp-json\/wp\/v2\/product_brand?post=7332"},{"taxonomy":"product_cat","embeddable":true,"href":"https:\/\/yohannaa.com\/no\/wp-json\/wp\/v2\/product_cat?post=7332"},{"taxonomy":"product_tag","embeddable":true,"href":"https:\/\/yohannaa.com\/no\/wp-json\/wp\/v2\/product_tag?post=7332"}],"curies":[{"name":"wp","href":"https:\/\/api.w.org\/{rel}","templated":true}]}}