{"id":7331,"date":"2024-10-18T17:15:19","date_gmt":"2024-10-18T17:15:19","guid":{"rendered":"https:\/\/yohannaa.com\/product\/cantu-care-for-kids-krollkrem\/"},"modified":"2024-10-18T17:15:19","modified_gmt":"2024-10-18T17:15:19","slug":"cantu-care-for-kids-krollkrem","status":"publish","type":"product","link":"https:\/\/yohannaa.com\/no\/shop\/barn\/harpleie-for-barn\/fuktighetskrem-for-barn\/cantu-care-for-kids-krollkrem\/","title":{"rendered":"Cantu Care For Kids Kr\u00f8llkrem"},"content":{"rendered":"<p>Cantu Care for Kids Curling Cream definerer, gir fuktighet og gj\u00f8r kr\u00f8llene mer h\u00e5ndterbare. Etterlater h\u00e5ret mykt og dypt fuktet. Uten mineralolje, glutener, sulfater eller parabener. Den gj\u00f8r kr\u00f8llene mer h\u00e5ndterlige, definerer og temmer krusete h\u00e5r.   <\/p>\n<p><b>Veibeskrivelse:<\/b><\/p>\n<ul>\n<li>Fordel i fuktig h\u00e5r, seksjon for seksjon, fra rot til topp.<\/li>\n<li>M\u00e5 ikke skylles ut.<\/li>\n<li>Den kan brukes i t\u00f8rt h\u00e5r for \u00e5 aktivere kr\u00f8ller eller friske opp fletter og snurrer.<\/li>\n<\/ul>\n","protected":false},"excerpt":{"rendered":"<p>Cantu Care for Kids Curling Cream definerer, gir fuktighet og gj\u00f8r kr\u00f8llene mer h\u00e5ndterbare. Etterlater h\u00e5ret mykt og gjennomfuktet. <\/p>\n","protected":false},"featured_media":6665,"comment_status":"open","ping_status":"closed","template":"","meta":[],"product_brand":[1220],"product_cat":[1478,1535,1529,1628],"product_tag":[],"class_list":{"0":"post-7331","1":"product","2":"type-product","3":"status-publish","4":"has-post-thumbnail","6":"product_brand-cantu","7":"product_cat-barn","8":"product_cat-fuktighetskrem-for-barn","9":"product_cat-kids-relaxer-n-texturizer-no","10":"product_cat-styling-for-barn","12":"first","13":"instock","14":"featured","15":"shipping-taxable","16":"purchasable","17":"product-type-simple"},"_links":{"self":[{"href":"https:\/\/yohannaa.com\/no\/wp-json\/wp\/v2\/product\/7331","targetHints":{"allow":["GET"]}}],"collection":[{"href":"https:\/\/yohannaa.com\/no\/wp-json\/wp\/v2\/product"}],"about":[{"href":"https:\/\/yohannaa.com\/no\/wp-json\/wp\/v2\/types\/product"}],"replies":[{"embeddable":true,"href":"https:\/\/yohannaa.com\/no\/wp-json\/wp\/v2\/comments?post=7331"}],"wp:featuredmedia":[{"embeddable":true,"href":"https:\/\/yohannaa.com\/no\/wp-json\/wp\/v2\/media\/6665"}],"wp:attachment":[{"href":"https:\/\/yohannaa.com\/no\/wp-json\/wp\/v2\/media?parent=7331"}],"wp:term":[{"taxonomy":"product_brand","embeddable":true,"href":"https:\/\/yohannaa.com\/no\/wp-json\/wp\/v2\/product_brand?post=7331"},{"taxonomy":"product_cat","embeddable":true,"href":"https:\/\/yohannaa.com\/no\/wp-json\/wp\/v2\/product_cat?post=7331"},{"taxonomy":"product_tag","embeddable":true,"href":"https:\/\/yohannaa.com\/no\/wp-json\/wp\/v2\/product_tag?post=7331"}],"curies":[{"name":"wp","href":"https:\/\/api.w.org\/{rel}","templated":true}]}}