{"id":7330,"date":"2024-10-18T17:15:18","date_gmt":"2024-10-18T17:15:18","guid":{"rendered":"https:\/\/yohannaa.com\/product\/dark-lovely-fade-resistant-rich-conditioning-color-light-golden-blonde-384\/"},"modified":"2024-12-15T09:58:31","modified_gmt":"2024-12-15T09:58:31","slug":"dark-lovely-fade-resistant-rich-conditioning-color-light-golden-blonde-384","status":"publish","type":"product","link":"https:\/\/yohannaa.com\/no\/shop\/harpleie\/harfarge\/permanent-no\/dark-lovely-fade-resistant-rich-conditioning-color-light-golden-blonde-384\/","title":{"rendered":"Dark &amp; Lovely Fade Resistant Rich Conditioning Color Light Golden Blonde 384"},"content":{"rendered":"<p>Dark and Lovely Fade Resistant Rich Conditioning Colour med Moisture Seal-teknologi. Holder fargen og glansen p\u00e5 plass. Disse permanente h\u00e5rfargene er beregnet for \u00e9n komplett p\u00e5f\u00f8ring. En innovativ formel som gir levende, falmebestandig farge og glans.   <\/p>\n<ul>\n<li>Maximum Moisturization System.<\/li>\n<li>Fargeteknologi som motst\u00e5r falming.<\/li>\n<li>Forbedrer fargenes motstandsdyktighet.<\/li>\n<\/ul>\n","protected":false},"excerpt":{"rendered":"<p>Dark and Lovely Fade Resistant Rich Conditioning Colour med Moisture Seal-teknologi. Holder fargen og glansen p\u00e5 plass. Disse permanente h\u00e5rfargene er beregnet for \u00e9n komplett p\u00e5f\u00f8ring. En innovativ formel som gir levende, falmebestandig farge og glans.   <\/p>\n","protected":false},"featured_media":6659,"comment_status":"open","ping_status":"closed","template":"","meta":[],"product_brand":[1238],"product_cat":[1484,1485],"product_tag":[1486,1467],"class_list":{"0":"post-7330","1":"product","2":"type-product","3":"status-publish","4":"has-post-thumbnail","6":"product_brand-dark-and-lovely","7":"product_cat-harfarge","8":"product_cat-permanent-no","9":"product_tag-harfarge-no","10":"product_tag-harpleie","12":"first","13":"instock","14":"shipping-taxable","15":"purchasable","16":"product-type-simple"},"_links":{"self":[{"href":"https:\/\/yohannaa.com\/no\/wp-json\/wp\/v2\/product\/7330","targetHints":{"allow":["GET"]}}],"collection":[{"href":"https:\/\/yohannaa.com\/no\/wp-json\/wp\/v2\/product"}],"about":[{"href":"https:\/\/yohannaa.com\/no\/wp-json\/wp\/v2\/types\/product"}],"replies":[{"embeddable":true,"href":"https:\/\/yohannaa.com\/no\/wp-json\/wp\/v2\/comments?post=7330"}],"wp:featuredmedia":[{"embeddable":true,"href":"https:\/\/yohannaa.com\/no\/wp-json\/wp\/v2\/media\/6659"}],"wp:attachment":[{"href":"https:\/\/yohannaa.com\/no\/wp-json\/wp\/v2\/media?parent=7330"}],"wp:term":[{"taxonomy":"product_brand","embeddable":true,"href":"https:\/\/yohannaa.com\/no\/wp-json\/wp\/v2\/product_brand?post=7330"},{"taxonomy":"product_cat","embeddable":true,"href":"https:\/\/yohannaa.com\/no\/wp-json\/wp\/v2\/product_cat?post=7330"},{"taxonomy":"product_tag","embeddable":true,"href":"https:\/\/yohannaa.com\/no\/wp-json\/wp\/v2\/product_tag?post=7330"}],"curies":[{"name":"wp","href":"https:\/\/api.w.org\/{rel}","templated":true}]}}