{"id":7329,"date":"2024-10-18T17:15:19","date_gmt":"2024-10-18T17:15:19","guid":{"rendered":"https:\/\/yohannaa.com\/product\/cantu-avocado-hydrating-repair-leave-in\/"},"modified":"2024-10-18T17:15:19","modified_gmt":"2024-10-18T17:15:19","slug":"cantu-avocado-hydrating-repair-leave-in","status":"publish","type":"product","link":"https:\/\/yohannaa.com\/no\/shop\/harpleie\/balsam\/leave-in-balsam\/cantu-avocado-hydrating-repair-leave-in\/","title":{"rendered":"Cantu Avocado Hydrating Repair Leave-In"},"content":{"rendered":"<p>Cantu Avocado Leave In Repair Cream mykgj\u00f8r og pleier t\u00f8rt og spr\u00f8tt h\u00e5r. Denne fuktighetsgivende leave in-kuren minimerer brudd, beskytter skadet h\u00e5r og bidrar til \u00e5 styrke skj\u00f8re kr\u00f8ller. Den er tilsatt olivenolje, aloe og sheasm\u00f8r som trenger inn i h\u00e5rstr\u00e5et for \u00e5 myke opp og pleie t\u00f8rt og spr\u00f8tt h\u00e5r.  <\/p>\n<p><b>Slik bruker du :<\/b><\/p>\n<p>P\u00e5f\u00f8r en sjener\u00f8s mengde produkt i endene av fuktig h\u00e5r og arbeid mot r\u00f8ttene, med fokus p\u00e5 brudd eller problemomr\u00e5der. Kam gjennom for jevn fordeling. Ikke skyll ut. P\u00e5f\u00f8r mer i endene av lengre h\u00e5r eller p\u00e5 problemomr\u00e5der.   <\/p>\n<p><b>Spesiell merknad: &#8211;<\/b><\/p>\n<p>Emballasjen kan variere.<\/p>\n","protected":false},"excerpt":{"rendered":"<p>Cantu Avocado Leave In Repair Cream mykgj\u00f8r og pleier t\u00f8rt og spr\u00f8tt h\u00e5r. Denne fuktighetsgivende leave in-kuren minimerer brudd, beskytter skadet h\u00e5r og bidrar til \u00e5 styrke skj\u00f8re kr\u00f8ller. <\/p>\n","protected":false},"featured_media":6667,"comment_status":"open","ping_status":"closed","template":"","meta":[],"product_brand":[1220],"product_cat":[1489,1488,1490],"product_tag":[],"class_list":{"0":"post-7329","1":"product","2":"type-product","3":"status-publish","4":"has-post-thumbnail","6":"product_brand-cantu","7":"product_cat-balsam","8":"product_cat-harpleie","9":"product_cat-leave-in-balsam","11":"first","12":"instock","13":"shipping-taxable","14":"purchasable","15":"product-type-simple"},"_links":{"self":[{"href":"https:\/\/yohannaa.com\/no\/wp-json\/wp\/v2\/product\/7329","targetHints":{"allow":["GET"]}}],"collection":[{"href":"https:\/\/yohannaa.com\/no\/wp-json\/wp\/v2\/product"}],"about":[{"href":"https:\/\/yohannaa.com\/no\/wp-json\/wp\/v2\/types\/product"}],"replies":[{"embeddable":true,"href":"https:\/\/yohannaa.com\/no\/wp-json\/wp\/v2\/comments?post=7329"}],"wp:featuredmedia":[{"embeddable":true,"href":"https:\/\/yohannaa.com\/no\/wp-json\/wp\/v2\/media\/6667"}],"wp:attachment":[{"href":"https:\/\/yohannaa.com\/no\/wp-json\/wp\/v2\/media?parent=7329"}],"wp:term":[{"taxonomy":"product_brand","embeddable":true,"href":"https:\/\/yohannaa.com\/no\/wp-json\/wp\/v2\/product_brand?post=7329"},{"taxonomy":"product_cat","embeddable":true,"href":"https:\/\/yohannaa.com\/no\/wp-json\/wp\/v2\/product_cat?post=7329"},{"taxonomy":"product_tag","embeddable":true,"href":"https:\/\/yohannaa.com\/no\/wp-json\/wp\/v2\/product_tag?post=7329"}],"curies":[{"name":"wp","href":"https:\/\/api.w.org\/{rel}","templated":true}]}}