{"id":7326,"date":"2024-10-18T17:15:19","date_gmt":"2024-10-18T17:15:19","guid":{"rendered":"https:\/\/yohannaa.com\/product\/cantu-hair-dressing-pomade\/"},"modified":"2025-02-02T20:56:39","modified_gmt":"2025-02-02T20:56:39","slug":"cantu-hair-dressing-pomade","status":"publish","type":"product","link":"https:\/\/yohannaa.com\/no\/shop\/harpleie\/harstyling\/stylingpomade\/cantu-hair-dressing-pomade\/","title":{"rendered":"Cantu Hair Dressing Pomade"},"content":{"rendered":"<p>Cantu Shea Butter Hair Dressing Pomade er laget med rent sheasm\u00f8r som pleier h\u00e5ret samtidig som det tilf\u00f8rer glans og styling.<\/p>\n<p>Cantu Shea Butter Hair Dressing Pomade er ideell for naturlige frisyrer og for \u00e5 tilf\u00f8re den siste finpussen for \u00e5 fukte, teksturere, l\u00f8fte, kontrollere og gi glans til alle frisyrer.<\/p>\n<ul>\n<li>Cantu Shea Butter Hair Dressing Pomade hjelper.<\/li>\n<li>Glatter kanter, ender og flyvninger og gir kontroll og glans.<\/li>\n<li>Gir tekstur og kontroll til alle frisyrer.<\/li>\n<li>Gir glans og l\u00f8ft til h\u00e5ret.<\/li>\n<li>Pleier med rent sheasm\u00f8r.<\/li>\n<li>Gir ekstra beskyttelse mot varme, spaltede tupper og brudd.<\/li>\n<\/ul>\n<p><b>Veibeskrivelse:<\/b><\/p>\n<p>P\u00e5f\u00f8r pomade i h\u00e5ndflatene og bruk forsiktig i t\u00f8rt eller h\u00e5ndklet\u00f8rket h\u00e5r. Stil som vanlig.<\/p>\n<p><b>Spesiell merknad: &#8211;<\/b><\/p>\n<p>Emballasjen kan variere.<\/p>\n","protected":false},"excerpt":{"rendered":"<p>Cantu Shea Butter Hair Dressing Pomade er laget med rent sheasm\u00f8r som pleier h\u00e5ret samtidig som det tilf\u00f8rer glans og styling.<\/p>\n","protected":false},"featured_media":9709,"comment_status":"open","ping_status":"closed","template":"","meta":[],"product_brand":[1220],"product_cat":[1488,1469,1470],"product_tag":[],"class_list":{"0":"post-7326","1":"product","2":"type-product","3":"status-publish","4":"has-post-thumbnail","6":"product_brand-cantu","7":"product_cat-harpleie","8":"product_cat-harstyling","9":"product_cat-stylingpomade","11":"first","12":"instock","13":"shipping-taxable","14":"purchasable","15":"product-type-simple"},"_links":{"self":[{"href":"https:\/\/yohannaa.com\/no\/wp-json\/wp\/v2\/product\/7326","targetHints":{"allow":["GET"]}}],"collection":[{"href":"https:\/\/yohannaa.com\/no\/wp-json\/wp\/v2\/product"}],"about":[{"href":"https:\/\/yohannaa.com\/no\/wp-json\/wp\/v2\/types\/product"}],"replies":[{"embeddable":true,"href":"https:\/\/yohannaa.com\/no\/wp-json\/wp\/v2\/comments?post=7326"}],"wp:featuredmedia":[{"embeddable":true,"href":"https:\/\/yohannaa.com\/no\/wp-json\/wp\/v2\/media\/9709"}],"wp:attachment":[{"href":"https:\/\/yohannaa.com\/no\/wp-json\/wp\/v2\/media?parent=7326"}],"wp:term":[{"taxonomy":"product_brand","embeddable":true,"href":"https:\/\/yohannaa.com\/no\/wp-json\/wp\/v2\/product_brand?post=7326"},{"taxonomy":"product_cat","embeddable":true,"href":"https:\/\/yohannaa.com\/no\/wp-json\/wp\/v2\/product_cat?post=7326"},{"taxonomy":"product_tag","embeddable":true,"href":"https:\/\/yohannaa.com\/no\/wp-json\/wp\/v2\/product_tag?post=7326"}],"curies":[{"name":"wp","href":"https:\/\/api.w.org\/{rel}","templated":true}]}}