{"id":7325,"date":"2024-10-18T17:15:19","date_gmt":"2024-10-18T17:15:19","guid":{"rendered":"https:\/\/yohannaa.com\/product\/ors-olive-oil-professional-noytraliserende-sjampo\/"},"modified":"2024-10-18T17:15:19","modified_gmt":"2024-10-18T17:15:19","slug":"ors-olive-oil-professional-noytraliserende-sjampo","status":"publish","type":"product","link":"https:\/\/yohannaa.com\/no\/shop\/harpleie\/sjampo\/balanserende-sjampo\/ors-olive-oil-professional-noytraliserende-sjampo\/","title":{"rendered":"ORS Olive Oil Professional n\u00f8ytraliserende sjampo"},"content":{"rendered":"<p>Olive Oil Professional Neutralizing Shampoo n\u00f8ytraliserer, pleier og l\u00f8sner h\u00e5ret etter en relaxerbehandling.<\/p>\n<ul>\n<li>Beriket med olivenolje og aloe vera<\/li>\n<li>Tilf\u00f8rer fuktighet og glans til h\u00e5ret<\/li>\n<li>Etterlater h\u00e5ret renset, fuktet og mer h\u00e5ndterbart<\/li>\n<\/ul>\n<p>Olive Oil Professional Neutralizing Shampoo n\u00f8ytraliserer, pleier og l\u00f8sner h\u00e5ret etter en relaxerbehandling. Pleier h\u00e5ret mens du sjamponerer, og inneholder kelatdannende midler som fjerner overflaterester og kalsiumavleiringer fra h\u00e5ret. For best resultat, la det siste skummet virke i h\u00e5ret i 2-3 minutter for grundig rensing.Fukt h\u00e5ret. P\u00e5f\u00f8r sjampo og arbeid inn et skum. Skyll h\u00e5ret grundig. Gjenta sjampoen, og la den virke i h\u00e5ret i 2-3 minutter f\u00f8r du skyller. Skyll h\u00e5ret grundig og t\u00f8rk det med et h\u00e5ndkle. <\/p>\n","protected":false},"excerpt":{"rendered":"<p>Olive Oil Professional Neutralizing Shampoo n\u00f8ytraliserer, pleier og l\u00f8sner h\u00e5ret etter en relaxerbehandling.<\/p>\n<ul>\n<li>Beriket med olivenolje og aloe vera<\/li>\n<li>Tilf\u00f8rer fuktighet og glans til h\u00e5ret<\/li>\n<li>Etterlater h\u00e5ret renset, fuktet og mer h\u00e5ndterbart<\/li>\n<\/ul>\n","protected":false},"featured_media":6675,"comment_status":"open","ping_status":"closed","template":"","meta":[],"product_brand":[1225],"product_cat":[1625,1488,1463],"product_tag":[1467,1465],"class_list":{"0":"post-7325","1":"product","2":"type-product","3":"status-publish","4":"has-post-thumbnail","6":"product_brand-ors","7":"product_cat-balanserende-sjampo","8":"product_cat-harpleie","9":"product_cat-sjampo","10":"product_tag-harpleie","11":"product_tag-harsjampo","13":"first","14":"instock","15":"shipping-taxable","16":"purchasable","17":"product-type-simple"},"_links":{"self":[{"href":"https:\/\/yohannaa.com\/no\/wp-json\/wp\/v2\/product\/7325","targetHints":{"allow":["GET"]}}],"collection":[{"href":"https:\/\/yohannaa.com\/no\/wp-json\/wp\/v2\/product"}],"about":[{"href":"https:\/\/yohannaa.com\/no\/wp-json\/wp\/v2\/types\/product"}],"replies":[{"embeddable":true,"href":"https:\/\/yohannaa.com\/no\/wp-json\/wp\/v2\/comments?post=7325"}],"wp:featuredmedia":[{"embeddable":true,"href":"https:\/\/yohannaa.com\/no\/wp-json\/wp\/v2\/media\/6675"}],"wp:attachment":[{"href":"https:\/\/yohannaa.com\/no\/wp-json\/wp\/v2\/media?parent=7325"}],"wp:term":[{"taxonomy":"product_brand","embeddable":true,"href":"https:\/\/yohannaa.com\/no\/wp-json\/wp\/v2\/product_brand?post=7325"},{"taxonomy":"product_cat","embeddable":true,"href":"https:\/\/yohannaa.com\/no\/wp-json\/wp\/v2\/product_cat?post=7325"},{"taxonomy":"product_tag","embeddable":true,"href":"https:\/\/yohannaa.com\/no\/wp-json\/wp\/v2\/product_tag?post=7325"}],"curies":[{"name":"wp","href":"https:\/\/api.w.org\/{rel}","templated":true}]}}