{"id":7324,"date":"2024-10-18T17:15:19","date_gmt":"2024-10-18T17:15:19","guid":{"rendered":"https:\/\/yohannaa.com\/product\/cantu-argan-oil-leave-in-conditioning-repair-cream\/"},"modified":"2024-10-18T17:15:19","modified_gmt":"2024-10-18T17:15:19","slug":"cantu-argan-oil-leave-in-conditioning-repair-cream","status":"publish","type":"product","link":"https:\/\/yohannaa.com\/no\/shop\/harpleie\/balsam\/leave-in-balsam\/cantu-argan-oil-leave-in-conditioning-repair-cream\/","title":{"rendered":"Cantu Argan Oil Leave-In Conditioning Repair Cream"},"content":{"rendered":"<h4 class=\"article-text\"><span data-sheets-value=\"{\"1\":2,\"2\":\"Cantu Argan Oil Leave-In Conditioning Repair Cream 453g\"}\" data-sheets-userformat=\"{\"2\":513,\"3\":{\"1\":0},\"12\":0}\">Cantu Argan Oil Leave-In Conditioning Repair Cream 453 g<\/span><\/h4>\n<div class=\"article-text\">\n<p>Argan Oil infused deep penetrating conditioning treatment laget med ren arganolje og andre naturlige ingredienser for \u00e5 beskytte h\u00e5ret mot skader fra daglig styling. Ved daglig bruk bidrar Cantu Argan Oil Leave-In Conditioning Repair Cream til \u00e5 fremme et sterkt og sunt h\u00e5r. Passer utmerket til: avslappet, strukturert, farget og permanentet h\u00e5r. <\/p>\n<\/div>\n<div class=\"benefits-features\">\n<div id=\"faf-field-4\" class=\"faf-field faf-field-textarea \">\n<div class=\"faf-name\">Fordeler\/Funksjoner<\/div>\n<div class=\"faf-text\">\n<ul>\n<li>Fukter dypt for \u00e5 beskytte h\u00e5ret mot skader<\/li>\n<li>Utviklet for overopphetet, over-stylet h\u00e5r<\/li>\n<li>Arganolje fremmer glans, elastisitet og vekst<\/li>\n<\/ul>\n<p><strong>Slik bruker du den:  <\/strong><\/p>\n<p>Daglig styling &#8211; P\u00e5f\u00f8r en sjener\u00f8s mengde produkt i endene av fuktig h\u00e5r og arbeid mot r\u00f8ttene. Kam gjennom for jevn fordeling. Ikke skyll ut. P\u00e5f\u00f8r mer i endene av lengre h\u00e5r eller p\u00e5 problemomr\u00e5der.<br \/>\nLeave-In Treatment &#8211; P\u00e5f\u00f8r som anvist for &laquo;Daily Styling&raquo; og dekk til med en plasthette over natten for maksimal absorpsjon og intens pleie.<br \/>\nFrizz Free Hair &#8211; P\u00e5f\u00f8r daglig i kl\u00f8yvde spisser eller skadede omr\u00e5der. Kam gjennom, og la t\u00f8rke naturlig.    <\/p>\n<p><strong>Stylingtips:<\/strong><\/p>\n<ul>\n<li>  P\u00e5f\u00f8r Cantu Argan Oil Leave-In Conditioning Repair Cream daglig p\u00e5 kl\u00f8yvde ender eller skadede omr\u00e5der. Kam gjennom og la det t\u00f8rke naturlig. <\/li>\n<li>3 dager etter farging p\u00e5f\u00f8rer du Cantu Argan Oil Leave-In Conditioning Repair Cream sjener\u00f8st i rent, fuktig h\u00e5r. Dekk til h\u00e5ret med en plasthette og bruk moderat varme i 15 minutter. Skyll og style som vanlig.  <\/li>\n<\/ul>\n<p><b>Spesiell merknad: &#8211;<\/b><\/p>\n<p>Emballasjen kan variere.<\/p>\n<\/div>\n<\/div>\n<\/div>\n","protected":false},"excerpt":{"rendered":"<p>Argan Oil infused deep penetrating conditioning treatment laget med ren arganolje og andre naturlige ingredienser for \u00e5 beskytte h\u00e5ret mot skader fra daglig styling. Ved daglig bruk bidrar Cantu Argan Oil Leave-In Conditioning Repair Cream til \u00e5 fremme et sterkt og sunt h\u00e5r. <\/p>\n","protected":false},"featured_media":6998,"comment_status":"open","ping_status":"closed","template":"","meta":[],"product_brand":[1220],"product_cat":[1489,1488,1490],"product_tag":[1546,1467],"class_list":{"0":"post-7324","1":"product","2":"type-product","3":"status-publish","4":"has-post-thumbnail","6":"product_brand-cantu","7":"product_cat-balsam","8":"product_cat-harpleie","9":"product_cat-leave-in-balsam","10":"product_tag-balsam-for-harpleie","11":"product_tag-harpleie","13":"first","14":"instock","15":"shipping-taxable","16":"purchasable","17":"product-type-simple"},"_links":{"self":[{"href":"https:\/\/yohannaa.com\/no\/wp-json\/wp\/v2\/product\/7324","targetHints":{"allow":["GET"]}}],"collection":[{"href":"https:\/\/yohannaa.com\/no\/wp-json\/wp\/v2\/product"}],"about":[{"href":"https:\/\/yohannaa.com\/no\/wp-json\/wp\/v2\/types\/product"}],"replies":[{"embeddable":true,"href":"https:\/\/yohannaa.com\/no\/wp-json\/wp\/v2\/comments?post=7324"}],"wp:featuredmedia":[{"embeddable":true,"href":"https:\/\/yohannaa.com\/no\/wp-json\/wp\/v2\/media\/6998"}],"wp:attachment":[{"href":"https:\/\/yohannaa.com\/no\/wp-json\/wp\/v2\/media?parent=7324"}],"wp:term":[{"taxonomy":"product_brand","embeddable":true,"href":"https:\/\/yohannaa.com\/no\/wp-json\/wp\/v2\/product_brand?post=7324"},{"taxonomy":"product_cat","embeddable":true,"href":"https:\/\/yohannaa.com\/no\/wp-json\/wp\/v2\/product_cat?post=7324"},{"taxonomy":"product_tag","embeddable":true,"href":"https:\/\/yohannaa.com\/no\/wp-json\/wp\/v2\/product_tag?post=7324"}],"curies":[{"name":"wp","href":"https:\/\/api.w.org\/{rel}","templated":true}]}}