{"id":7322,"date":"2024-10-18T17:15:19","date_gmt":"2024-10-18T17:15:19","guid":{"rendered":"https:\/\/yohannaa.com\/product\/cantu-shea-butter-super-shine-hair-silk-180-ml\/"},"modified":"2024-10-18T17:15:19","modified_gmt":"2024-10-18T17:15:19","slug":"cantu-shea-butter-super-shine-hair-silk-180-ml","status":"publish","type":"product","link":"https:\/\/yohannaa.com\/no\/shop\/harpleie\/sprayer-serum-og-oljer\/haroljer\/cantu-shea-butter-super-shine-hair-silk-180-ml\/","title":{"rendered":"Cantu Shea Butter Super Shine Hair Silk 180 ml"},"content":{"rendered":"<div class=\"article-text\">\n<div class=\"article-text\">\n<div class=\"article-text\">\n<div class=\"article-text\">\n<div class=\"article-text\">\n<div class=\"article-text\">\n<div class=\"article-text\">\n<div class=\"article-text\">\n<div class=\"article-text\">\n<div class=\"article-text\">\n<div class=\"article-text\">\n<p>Glanser og glatter ut h\u00e5ret uten \u00e5 legge seg for \u00e5 gi en elegant og sexy frisyre. Laget med rent sheasm\u00f8r som erstatter vital fuktighet og gir sterkere, sunnere h\u00e5r med naturlig glans. Passer utmerket til: avslappet, naturlig, teksturert, farget og permanentet h\u00e5r. <\/p>\n<\/div>\n<div class=\"benefits-features\">\n<div id=\"faf-field-4\" class=\"faf-field faf-field-textarea \">\n<div><\/div>\n<div class=\"faf-name\">Fordeler\/Funksjoner<\/div>\n<div class=\"faf-text\">\n<ul>\n<li>Perfekt for slanke, glatte stiler<\/li>\n<li>Forebygger brudd og reparerer spaltede tupper<\/li>\n<li>Lett, ikke-klebrig formel<\/li>\n<\/ul>\n<\/div>\n<\/div>\n<\/div>\n<\/div>\n<div class=\"benefits-features\">\n<div id=\"faf-field-4\" class=\"faf-field faf-field-textarea \"><\/div>\n<\/div>\n<\/div>\n<\/div>\n<\/div>\n<\/div>\n<\/div>\n<\/div>\n<\/div>\n<\/div>\n<\/div>\n<div class=\"benefits-features\">\n<div id=\"faf-field-4\" class=\"faf-field faf-field-textarea \">\n<div class=\"faf-text\">\n<p><strong>Veibeskrivelse:  <\/strong><\/p>\n<p>P\u00e5f\u00f8r i t\u00f8rt eller fuktig h\u00e5r, begynn ved roten og arbeid mot endene. Kam gjennom for jevn fordeling. Ikke skyll ut. Style h\u00e5ret som vanlig.   <\/p>\n<p><strong>Stylingtips:<\/strong><\/p>\n<ul>\n<li>For en rekonstruktiv behandling, masser inn en gener\u00f8s mengde i fuktig, ikke v\u00e5tt h\u00e5r. Pakk h\u00e5ret inn i et varmt, v\u00e5tt h\u00e5ndkle i 20 minutter. Fjern h\u00e5ndkleet og kam gjennom for jevn fordeling. Ikke skyll. Style h\u00e5ret som vanlig.    <\/li>\n<\/ul>\n<\/div>\n<\/div>\n<\/div>\n","protected":false},"excerpt":{"rendered":"<p>Glanser og glatter ut h\u00e5ret uten \u00e5 legge p\u00e5 seg for \u00e5 gi en elegant og sexy frisyre. Laget med rent sheasm\u00f8r som erstatter vital fuktighet og gir sterkere, sunnere h\u00e5r med naturlig glans <\/p>\n","protected":false},"featured_media":6892,"comment_status":"open","ping_status":"closed","template":"","meta":[],"product_brand":[1220],"product_cat":[1622,1488,1511],"product_tag":[1623,1467],"class_list":{"0":"post-7322","1":"product","2":"type-product","3":"status-publish","4":"has-post-thumbnail","6":"product_brand-cantu","7":"product_cat-haroljer","8":"product_cat-harpleie","9":"product_cat-sprayer-serum-og-oljer","10":"product_tag-harolje-no","11":"product_tag-harpleie","13":"first","14":"instock","15":"featured","16":"shipping-taxable","17":"purchasable","18":"product-type-simple"},"_links":{"self":[{"href":"https:\/\/yohannaa.com\/no\/wp-json\/wp\/v2\/product\/7322","targetHints":{"allow":["GET"]}}],"collection":[{"href":"https:\/\/yohannaa.com\/no\/wp-json\/wp\/v2\/product"}],"about":[{"href":"https:\/\/yohannaa.com\/no\/wp-json\/wp\/v2\/types\/product"}],"replies":[{"embeddable":true,"href":"https:\/\/yohannaa.com\/no\/wp-json\/wp\/v2\/comments?post=7322"}],"wp:featuredmedia":[{"embeddable":true,"href":"https:\/\/yohannaa.com\/no\/wp-json\/wp\/v2\/media\/6892"}],"wp:attachment":[{"href":"https:\/\/yohannaa.com\/no\/wp-json\/wp\/v2\/media?parent=7322"}],"wp:term":[{"taxonomy":"product_brand","embeddable":true,"href":"https:\/\/yohannaa.com\/no\/wp-json\/wp\/v2\/product_brand?post=7322"},{"taxonomy":"product_cat","embeddable":true,"href":"https:\/\/yohannaa.com\/no\/wp-json\/wp\/v2\/product_cat?post=7322"},{"taxonomy":"product_tag","embeddable":true,"href":"https:\/\/yohannaa.com\/no\/wp-json\/wp\/v2\/product_tag?post=7322"}],"curies":[{"name":"wp","href":"https:\/\/api.w.org\/{rel}","templated":true}]}}