{"id":7321,"date":"2024-10-18T17:15:20","date_gmt":"2024-10-18T17:15:20","guid":{"rendered":"https:\/\/yohannaa.com\/product\/ors-olive-oil-incredibly-rich-oil-moisturizing-hair-lotion-23oz\/"},"modified":"2024-10-18T17:15:20","modified_gmt":"2024-10-18T17:15:20","slug":"ors-olive-oil-incredibly-rich-oil-moisturizing-hair-lotion-23oz","status":"publish","type":"product","link":"https:\/\/yohannaa.com\/no\/shop\/harpleie\/fuktighetskremer-for-haret\/fuktighetsgivende-krem-og-lotion\/ors-olive-oil-incredibly-rich-oil-moisturizing-hair-lotion-23oz\/","title":{"rendered":"ORS Olive Oil Incredibly Rich Oil Moisturizing Hair Lotion 23oz"},"content":{"rendered":"<p>Opplev magien av rik, dyp og varig fuktighet med ORS Olive Oil Moisturizing Hair Lotion. Denne eksepsjonelle h\u00e5rpleiel\u00f8sningen kombinerer de gode egenskapene til olivenolje med vitenskapen om h\u00e5rpleie for \u00e5 sikre at lokkene dine alltid ser best mulig ut. ORS Olive Oil Moisturizing Hair Lotion er perfekt for alle h\u00e5rtyper og teksturer, og gir optimal fuktighet og glans. Den bidrar til \u00e5 gjenopprette og opprettholde h\u00e5rets naturlige balanse, fremmer sunn vekst og reduserer brekkasje. Det er p\u00e5 tide \u00e5 si farvel til t\u00f8rt, livl\u00f8st og spr\u00f8tt h\u00e5r! Denne fuktighetsgivende h\u00e5rkremen er enkel \u00e5 bruke og effektiv, og passer s\u00f8ml\u00f8st inn i din daglige h\u00e5rpleierutine. Du trenger bare \u00e5 p\u00e5f\u00f8re den i h\u00e5ret og la den virke gjennom hele dagen, slik at du f\u00e5r et forynget, skinnende og gjennomfuktet h\u00e5r. Slipp l\u00f8s h\u00e5rets sanne potensial med ORS Olive Oil Moisturizing Hair Lotion. <\/p>\n","protected":false},"excerpt":{"rendered":"<p>Opplev magien av rik, dyp og varig fuktighet med ORS Olive Oil Moisturizing Hair Lotion. Denne eksepsjonelle h\u00e5rpleiel\u00f8sningen kombinerer de gode egenskapene til olivenolje og vitenskapen om h\u00e5rn\u00e6ring for \u00e5 sikre at lokkene dine alltid ser best mulig ut. <\/p>\n","protected":false},"featured_media":6682,"comment_status":"open","ping_status":"closed","template":"","meta":[],"product_brand":[1225],"product_cat":[1521,1520,1488],"product_tag":[],"class_list":{"0":"post-7321","1":"product","2":"type-product","3":"status-publish","4":"has-post-thumbnail","6":"product_brand-ors","7":"product_cat-fuktighetsgivende-krem-og-lotion","8":"product_cat-fuktighetskremer-for-haret","9":"product_cat-harpleie","11":"first","12":"instock","13":"featured","14":"shipping-taxable","15":"purchasable","16":"product-type-simple"},"_links":{"self":[{"href":"https:\/\/yohannaa.com\/no\/wp-json\/wp\/v2\/product\/7321","targetHints":{"allow":["GET"]}}],"collection":[{"href":"https:\/\/yohannaa.com\/no\/wp-json\/wp\/v2\/product"}],"about":[{"href":"https:\/\/yohannaa.com\/no\/wp-json\/wp\/v2\/types\/product"}],"replies":[{"embeddable":true,"href":"https:\/\/yohannaa.com\/no\/wp-json\/wp\/v2\/comments?post=7321"}],"wp:featuredmedia":[{"embeddable":true,"href":"https:\/\/yohannaa.com\/no\/wp-json\/wp\/v2\/media\/6682"}],"wp:attachment":[{"href":"https:\/\/yohannaa.com\/no\/wp-json\/wp\/v2\/media?parent=7321"}],"wp:term":[{"taxonomy":"product_brand","embeddable":true,"href":"https:\/\/yohannaa.com\/no\/wp-json\/wp\/v2\/product_brand?post=7321"},{"taxonomy":"product_cat","embeddable":true,"href":"https:\/\/yohannaa.com\/no\/wp-json\/wp\/v2\/product_cat?post=7321"},{"taxonomy":"product_tag","embeddable":true,"href":"https:\/\/yohannaa.com\/no\/wp-json\/wp\/v2\/product_tag?post=7321"}],"curies":[{"name":"wp","href":"https:\/\/api.w.org\/{rel}","templated":true}]}}