{"id":7320,"date":"2024-10-18T17:15:20","date_gmt":"2024-10-18T17:15:20","guid":{"rendered":"https:\/\/yohannaa.com\/product\/ors-professional-replenishing-conditioner\/"},"modified":"2024-10-18T17:15:20","modified_gmt":"2024-10-18T17:15:20","slug":"ors-professional-replenishing-conditioner","status":"publish","type":"product","link":"https:\/\/yohannaa.com\/no\/shop\/harpleie\/balsam\/fuktighetsgivende-balsam\/ors-professional-replenishing-conditioner\/","title":{"rendered":"ORS PROFESSIONAL REPLENISHING CONDITIONER"},"content":{"rendered":"<p>Olive Oil Replenishing Conditioner er en dyptvirkende balsam som inneholder olivenolje, marine proteiner og s\u00f8t appelsinolje. Denne balsamen pleier h\u00e5ret og gjenoppretter fuktigheten i h\u00e5r og hodebunn. <\/p>\n","protected":false},"excerpt":{"rendered":"<p>Olive Oil Replenishing Conditioner er en dyptvirkende balsam som inneholder olivenolje, marine proteiner og s\u00f8t appelsinolje. Denne balsamen pleier h\u00e5ret og gjenoppretter fuktigheten i h\u00e5r og hodebunn. <\/p>\n","protected":false},"featured_media":6683,"comment_status":"open","ping_status":"closed","template":"","meta":[],"product_brand":[1225],"product_cat":[1489,1618,1488],"product_tag":[],"class_list":{"0":"post-7320","1":"product","2":"type-product","3":"status-publish","4":"has-post-thumbnail","6":"product_brand-ors","7":"product_cat-balsam","8":"product_cat-fuktighetsgivende-balsam","9":"product_cat-harpleie","11":"first","12":"instock","13":"shipping-taxable","14":"purchasable","15":"product-type-simple"},"_links":{"self":[{"href":"https:\/\/yohannaa.com\/no\/wp-json\/wp\/v2\/product\/7320","targetHints":{"allow":["GET"]}}],"collection":[{"href":"https:\/\/yohannaa.com\/no\/wp-json\/wp\/v2\/product"}],"about":[{"href":"https:\/\/yohannaa.com\/no\/wp-json\/wp\/v2\/types\/product"}],"replies":[{"embeddable":true,"href":"https:\/\/yohannaa.com\/no\/wp-json\/wp\/v2\/comments?post=7320"}],"wp:featuredmedia":[{"embeddable":true,"href":"https:\/\/yohannaa.com\/no\/wp-json\/wp\/v2\/media\/6683"}],"wp:attachment":[{"href":"https:\/\/yohannaa.com\/no\/wp-json\/wp\/v2\/media?parent=7320"}],"wp:term":[{"taxonomy":"product_brand","embeddable":true,"href":"https:\/\/yohannaa.com\/no\/wp-json\/wp\/v2\/product_brand?post=7320"},{"taxonomy":"product_cat","embeddable":true,"href":"https:\/\/yohannaa.com\/no\/wp-json\/wp\/v2\/product_cat?post=7320"},{"taxonomy":"product_tag","embeddable":true,"href":"https:\/\/yohannaa.com\/no\/wp-json\/wp\/v2\/product_tag?post=7320"}],"curies":[{"name":"wp","href":"https:\/\/api.w.org\/{rel}","templated":true}]}}