{"id":7319,"date":"2024-10-18T17:15:19","date_gmt":"2024-10-18T17:15:19","guid":{"rendered":"https:\/\/yohannaa.com\/product\/cantu-shea-butter-smoothing-leave-in-conditioning-lotion\/"},"modified":"2024-10-18T17:15:19","modified_gmt":"2024-10-18T17:15:19","slug":"cantu-shea-butter-smoothing-leave-in-conditioning-lotion","status":"publish","type":"product","link":"https:\/\/yohannaa.com\/no\/shop\/harpleie\/fuktighetskremer-for-haret\/fuktighetsgivende-krem-og-lotion\/cantu-shea-butter-smoothing-leave-in-conditioning-lotion\/","title":{"rendered":"Cantu Shea Butter Smoothing Leave In Conditioning Lotion"},"content":{"rendered":"<div class=\"article-text\">\n<div class=\"article-text\">\n<div class=\"article-text\">\n<div class=\"article-text\">\n<div class=\"article-text\">\n<div class=\"article-text\">\n<div class=\"article-text\">\n<div class=\"article-text\">\n<div class=\"article-text\">\n<div class=\"article-text\">\n<p>Pleier h\u00e5ret for \u00e5 gj\u00f8re det lettere \u00e5 f\u00e5 det ut, og glatter ut for krusfritt h\u00e5r p\u00e5 kort tid. Laget med rent sheasm\u00f8r som erstatter vital fuktighet og gir sterkere, sunnere h\u00e5r med naturlig glans. Passer perfekt til: avslappet, strukturert, farget og permanentet h\u00e5r. <\/p>\n<\/div>\n<div class=\"benefits-features\">\n<div id=\"faf-field-4\" class=\"faf-field faf-field-textarea \">\n<div><\/div>\n<div class=\"faf-name\">Fordeler\/Funksjoner<\/div>\n<ul>\n<li class=\"faf-name\">pleier, gjenoppbygger og revitaliserer<\/li>\n<li class=\"faf-name\">gir grunnlag og beskytter stressede tr\u00e5der<\/li>\n<li class=\"faf-name\">formulert for \u00e5 redusere t\u00f8rketiden<\/li>\n<li class=\"faf-name\">Perfekt for middels til tykke teksturer<\/li>\n<\/ul>\n<\/div>\n<\/div>\n<\/div>\n<div class=\"awards\">\n<div id=\"faf-field-12\" class=\"faf-field faf-field-textarea \"><\/div>\n<\/div>\n<\/div>\n<\/div>\n<\/div>\n<\/div>\n<\/div>\n<\/div>\n<\/div>\n<\/div>\n<div class=\"benefits-features\">\n<div id=\"faf-field-4\" class=\"faf-field faf-field-textarea \">\n<div class=\"faf-text\">\n<p><strong>Veibeskrivelse:  <\/strong><\/p>\n<p>P\u00e5f\u00f8r en sjener\u00f8s mengde i fuktig h\u00e5r, begynn ved roten og arbeid mot endene. Kam gjennom for jevn fordeling. Ikke skyll ut. Style h\u00e5ret som vanlig.   <\/p>\n<p><strong>Tips til styling:<\/strong><\/p>\n<ul>\n<li>P\u00e5f\u00f8r Cantu Thermal Shield Heat Protectant for \u00e5 forhindre skader for\u00e5rsaket av oppvarmede stylingverkt\u00f8y.<\/li>\n<li>Etter varmestyling, p\u00e5f\u00f8r Cantu Oil Sheen Spray for \u00e5 gi ekstra beskyttelse mot splittede ender og brudd.<\/li>\n<\/ul>\n<\/div>\n<\/div>\n<\/div>\n","protected":false},"excerpt":{"rendered":"<p>Pleier h\u00e5ret for \u00e5 gj\u00f8re det lettere \u00e5 f\u00e5 det ut, og glatter ut for krusfritt h\u00e5r p\u00e5 kort tid. Laget med rent sheasm\u00f8r som erstatter vital fuktighet og gir sterkere, sunnere h\u00e5r med naturlig glans. <\/p>\n","protected":false},"featured_media":6894,"comment_status":"open","ping_status":"closed","template":"","meta":[],"product_brand":[1220],"product_cat":[1521,1520,1488],"product_tag":[1467,1506],"class_list":{"0":"post-7319","1":"product","2":"type-product","3":"status-publish","4":"has-post-thumbnail","6":"product_brand-cantu","7":"product_cat-fuktighetsgivende-krem-og-lotion","8":"product_cat-fuktighetskremer-for-haret","9":"product_cat-harpleie","10":"product_tag-harpleie","11":"product_tag-leave-in-balsam-no","13":"first","14":"instock","15":"featured","16":"shipping-taxable","17":"purchasable","18":"product-type-simple"},"_links":{"self":[{"href":"https:\/\/yohannaa.com\/no\/wp-json\/wp\/v2\/product\/7319","targetHints":{"allow":["GET"]}}],"collection":[{"href":"https:\/\/yohannaa.com\/no\/wp-json\/wp\/v2\/product"}],"about":[{"href":"https:\/\/yohannaa.com\/no\/wp-json\/wp\/v2\/types\/product"}],"replies":[{"embeddable":true,"href":"https:\/\/yohannaa.com\/no\/wp-json\/wp\/v2\/comments?post=7319"}],"wp:featuredmedia":[{"embeddable":true,"href":"https:\/\/yohannaa.com\/no\/wp-json\/wp\/v2\/media\/6894"}],"wp:attachment":[{"href":"https:\/\/yohannaa.com\/no\/wp-json\/wp\/v2\/media?parent=7319"}],"wp:term":[{"taxonomy":"product_brand","embeddable":true,"href":"https:\/\/yohannaa.com\/no\/wp-json\/wp\/v2\/product_brand?post=7319"},{"taxonomy":"product_cat","embeddable":true,"href":"https:\/\/yohannaa.com\/no\/wp-json\/wp\/v2\/product_cat?post=7319"},{"taxonomy":"product_tag","embeddable":true,"href":"https:\/\/yohannaa.com\/no\/wp-json\/wp\/v2\/product_tag?post=7319"}],"curies":[{"name":"wp","href":"https:\/\/api.w.org\/{rel}","templated":true}]}}