{"id":7318,"date":"2024-10-18T17:15:19","date_gmt":"2024-10-18T17:15:19","guid":{"rendered":"https:\/\/yohannaa.com\/product\/ors-olive-oil-moisture-restore-creamy-aloe-shampoo-med-aloe-vera\/"},"modified":"2024-10-18T17:15:19","modified_gmt":"2024-10-18T17:15:19","slug":"ors-olive-oil-moisture-restore-creamy-aloe-shampoo-med-aloe-vera","status":"publish","type":"product","link":"https:\/\/yohannaa.com\/no\/shop\/harpleie\/sjampo\/fuktighetsgivende-sjampo\/ors-olive-oil-moisture-restore-creamy-aloe-shampoo-med-aloe-vera\/","title":{"rendered":"ORS Olive Oil Moisture Restore Creamy Aloe Shampoo med Aloe Vera"},"content":{"rendered":"<p class=\"woocommerce-tabs wc-tabs-wrapper\">ORS Olive Oil Creamy Aloe Shampoo 370 ml i bonusst\u00f8rrelse<\/p>\n<div class=\"woocommerce-tabs wc-tabs-wrapper\">\n<p><strong>ORS Olive Oil Creamy Aloe Shampoo<\/strong> renser h\u00e5ret sk\u00e5nsomt og etterlater det mykt og fri for floker. <strong>ORS<\/strong> Olive Oil <strong>Hair Products<\/strong> inneholder olivenolje, aloe vera og panthenol for \u00e5 fjerne avleiringer. Gi h\u00e5ret fuktighet og glans med <strong>ORS Olive Oil<\/strong> Hair <strong>Products<\/strong>. Beregnet for alle h\u00e5rtyper. Bruksanvisning: Fukt h\u00e5ret. Ta en sjener\u00f8s mengde Olive Oil Creamy Aloe Shampoo og arbeid den inn i h\u00e5ret. Skyll h\u00e5ret. Gjenta om n\u00f8dvendig. F\u00f8lg opp med Olive Oil Creamy Replenishing Conditioner. Ingredienser: Olivenolje: rik p\u00e5 essensielle fettsyrer, tilf\u00f8rer fuktighet direkte inn i h\u00e5rstr\u00e5et. Aloe vera: Plante hvis gel kommer fra bladene, kjent for sine beroligende egenskaper. Panthenol: inneholder pro-vitamin B-5 og g\u00e5r rett inn i h\u00e5rstr\u00e5et for \u00e5 gi maksimal fuktighet til h\u00e5ret.   <\/p>\n<\/div>\n","protected":false},"excerpt":{"rendered":"<p><strong>ORS Olive Oil Creamy Aloe Shampoo<\/strong> renser h\u00e5ret sk\u00e5nsomt og etterlater det mykt og fri for floker. <strong>ORS<\/strong> Olive Oil <strong>Hair Products<\/strong> inneholder olivenolje, aloe vera og panthenol for \u00e5 fjerne avleiringer. Gi h\u00e5ret fuktighet og glans med <strong>ORS Olive Oil<\/strong> Hair <strong>Products<\/strong>. Beregnet for alle h\u00e5rtyper.   <\/p>\n","protected":false},"featured_media":6673,"comment_status":"open","ping_status":"closed","template":"","meta":[],"product_brand":[1225],"product_cat":[1534,1488,1463],"product_tag":[1467,1465],"class_list":{"0":"post-7318","1":"product","2":"type-product","3":"status-publish","4":"has-post-thumbnail","6":"product_brand-ors","7":"product_cat-fuktighetsgivende-sjampo","8":"product_cat-harpleie","9":"product_cat-sjampo","10":"product_tag-harpleie","11":"product_tag-harsjampo","13":"first","14":"instock","15":"featured","16":"shipping-taxable","17":"purchasable","18":"product-type-simple"},"_links":{"self":[{"href":"https:\/\/yohannaa.com\/no\/wp-json\/wp\/v2\/product\/7318","targetHints":{"allow":["GET"]}}],"collection":[{"href":"https:\/\/yohannaa.com\/no\/wp-json\/wp\/v2\/product"}],"about":[{"href":"https:\/\/yohannaa.com\/no\/wp-json\/wp\/v2\/types\/product"}],"replies":[{"embeddable":true,"href":"https:\/\/yohannaa.com\/no\/wp-json\/wp\/v2\/comments?post=7318"}],"wp:featuredmedia":[{"embeddable":true,"href":"https:\/\/yohannaa.com\/no\/wp-json\/wp\/v2\/media\/6673"}],"wp:attachment":[{"href":"https:\/\/yohannaa.com\/no\/wp-json\/wp\/v2\/media?parent=7318"}],"wp:term":[{"taxonomy":"product_brand","embeddable":true,"href":"https:\/\/yohannaa.com\/no\/wp-json\/wp\/v2\/product_brand?post=7318"},{"taxonomy":"product_cat","embeddable":true,"href":"https:\/\/yohannaa.com\/no\/wp-json\/wp\/v2\/product_cat?post=7318"},{"taxonomy":"product_tag","embeddable":true,"href":"https:\/\/yohannaa.com\/no\/wp-json\/wp\/v2\/product_tag?post=7318"}],"curies":[{"name":"wp","href":"https:\/\/api.w.org\/{rel}","templated":true}]}}