{"id":7315,"date":"2024-10-18T17:15:24","date_gmt":"2024-10-18T17:15:24","guid":{"rendered":"https:\/\/yohannaa.com\/product\/ors-varmebeskyttende-harserum-6-oz\/"},"modified":"2024-10-18T17:15:24","modified_gmt":"2024-10-18T17:15:24","slug":"ors-varmebeskyttende-harserum-6-oz","status":"publish","type":"product","link":"https:\/\/yohannaa.com\/no\/shop\/harpleie\/sprayer-serum-og-oljer\/serum-no\/ors-varmebeskyttende-harserum-6-oz\/","title":{"rendered":"ORS VARMEBESKYTTENDE H\u00c5RSERUM (6 OZ)"},"content":{"rendered":"<div class=\"styled__Content-mfe-pdp__sc-1od89q4-2 inzabT\"><span class=\"styled__Block-mfe-pdp__sc-1od89q4-1 bICtby\">Olivenolje Heat Protection Serum<\/span><\/div>\n<div><\/div>\n<div class=\"styled__Content-mfe-pdp__sc-1od89q4-2 inzabT\"><span class=\"styled__Block-mfe-pdp__sc-1od89q4-1 bICtby\">Tilsatt kokosn\u00f8ttolje for gjenoppbyggende glans*.<\/span><span class=\"styled__Block-mfe-pdp__sc-1od89q4-1 bICtby\">Varmeforsvar og beskyttelse** for termisk styling<\/span><span class=\"styled__Block-mfe-pdp__sc-1od89q4-1 bICtby\">ORS Olive Heat Protection Serum kombinerer kraften fra n\u00e6rende olivenolje med gjenoppbyggende kokosolje. Beskytter h\u00e5ret mot varmeskader for\u00e5rsaket av f\u00f8nt\u00f8rker, kr\u00f8lltang og strykejern. Passer perfekt til naturlig, avslappet og fargebehandlet h\u00e5r.  <\/span><span class=\"styled__Block-mfe-pdp__sc-1od89q4-1 bICtby\">*Dette og andre ingredienser bidrar til \u00e5 gjenopprette glansen.<\/span><span class=\"styled__Block-mfe-pdp__sc-1od89q4-1 bICtby\">**Hjelper med \u00e5 beskytte mot varmeskader i forhold til ubehandlet h\u00e5r.<\/span><\/div>\n<div class=\"styled__Content-mfe-pdp__sc-1od89q4-2 inzabT\"><span class=\"styled__Block-mfe-pdp__sc-1od89q4-1 bICtby\">Silkemyk og skinnende<\/span><span class=\"styled__Block-mfe-pdp__sc-1od89q4-1 bICtby\">Opp til 450 \u00b0F\/232 \u00b0C<\/span><span class=\"styled__Block-mfe-pdp__sc-1od89q4-1 bICtby\">Fri for grusomheter<\/span><\/div>\n<div class=\"styled__Content-mfe-pdp__sc-1od89q4-2 inzabT\"><span class=\"styled__Block-mfe-pdp__sc-1od89q4-1 bICtby\">Pakningsst\u00f8rrelse: 117ML<\/span><\/div>\n<h3 class=\"component__StyledHeading-sc-1t0ixqu-0 grEsQE ddsweb-heading styled__StyledHeading-mfe-pdp__sc-1od89q4-0 fHRDrr\">Ingredienser<\/h3>\n<div class=\"styled__Content-mfe-pdp__sc-1od89q4-2 inzabT\">Cyclopentasiloxane, Dimethicone, Isopropyl Myristate, Dimethiconol, Olea Europaea (Olive) Fruit Oil, Cocos Nucifera (Cocos Nucifera) Oil, Prunus Armeniaca (Apricot) Kernel Oil, Zingiber Officinale (Ginger) Root Extract, Yucca Schidigera Leaf\/Root\/Stem Extract, Urtica Dioica (brennesle) bladekstrakt, Equisetum Arvense-ekstrakt, Rosmarinus Officinalis (rosmarin) bladekstrakt, Dimethicone Crosspolymer, Parfum (duft), Benzyl Benzoate, Benzyl Salicylate, Citronellol, Hexyl Cinnamal, Limonene, Linalool<\/div>\n<h3 class=\"component__StyledHeading-sc-1t0ixqu-0 grEsQE ddsweb-heading styled__StyledHeading-mfe-pdp__sc-1od89q4-0 fHRDrr\">Netto innhold<\/h3>\n<div class=\"styled__Content-mfe-pdp__sc-1od89q4-2 inzabT\">177 ml<\/div>\n<h3 class=\"component__StyledHeading-sc-1t0ixqu-0 grEsQE ddsweb-heading styled__StyledHeading-mfe-pdp__sc-1od89q4-0 fHRDrr\">Tilberedelse og bruk<\/h3>\n<div class=\"styled__Content-mfe-pdp__sc-1od89q4-2 inzabT\"><span class=\"styled__Block-mfe-pdp__sc-1od89q4-1 bICtby\">Bruksanvisning: P\u00e5f\u00f8r jevnt i fuktig eller t\u00f8rt h\u00e5r. Bruk varmeverkt\u00f8y for \u00e5 style h\u00e5ret som vanlig. <\/span><\/div>\n","protected":false},"excerpt":{"rendered":"<div class=\"styled__Content-mfe-pdp__sc-1od89q4-2 inzabT\"><span class=\"styled__Block-mfe-pdp__sc-1od89q4-1 bICtby\">Olivenolje Heat Protection Serum<\/span><\/div>\n<div class=\"styled__Content-mfe-pdp__sc-1od89q4-2 inzabT\"><span class=\"styled__Block-mfe-pdp__sc-1od89q4-1 bICtby\">Tilsatt kokosn\u00f8ttolje for gjenoppbyggende glans*.<\/span><span class=\"styled__Block-mfe-pdp__sc-1od89q4-1 bICtby\">Varmeforsvar og beskyttelse** for termisk styling<\/span><span class=\"styled__Block-mfe-pdp__sc-1od89q4-1 bICtby\">ORS Olive Heat Protection Serum kombinerer kraften fra n\u00e6rende olivenolje med gjenoppbyggende kokosn\u00f8ttolje. <\/span> <\/div>\n","protected":false},"featured_media":6686,"comment_status":"open","ping_status":"closed","template":"","meta":[],"product_brand":[1225],"product_cat":[1614,1511],"product_tag":[],"class_list":{"0":"post-7315","1":"product","2":"type-product","3":"status-publish","4":"has-post-thumbnail","6":"product_brand-ors","7":"product_cat-serum-no","8":"product_cat-sprayer-serum-og-oljer","10":"first","11":"instock","12":"featured","13":"shipping-taxable","14":"purchasable","15":"product-type-simple"},"_links":{"self":[{"href":"https:\/\/yohannaa.com\/no\/wp-json\/wp\/v2\/product\/7315","targetHints":{"allow":["GET"]}}],"collection":[{"href":"https:\/\/yohannaa.com\/no\/wp-json\/wp\/v2\/product"}],"about":[{"href":"https:\/\/yohannaa.com\/no\/wp-json\/wp\/v2\/types\/product"}],"replies":[{"embeddable":true,"href":"https:\/\/yohannaa.com\/no\/wp-json\/wp\/v2\/comments?post=7315"}],"wp:featuredmedia":[{"embeddable":true,"href":"https:\/\/yohannaa.com\/no\/wp-json\/wp\/v2\/media\/6686"}],"wp:attachment":[{"href":"https:\/\/yohannaa.com\/no\/wp-json\/wp\/v2\/media?parent=7315"}],"wp:term":[{"taxonomy":"product_brand","embeddable":true,"href":"https:\/\/yohannaa.com\/no\/wp-json\/wp\/v2\/product_brand?post=7315"},{"taxonomy":"product_cat","embeddable":true,"href":"https:\/\/yohannaa.com\/no\/wp-json\/wp\/v2\/product_cat?post=7315"},{"taxonomy":"product_tag","embeddable":true,"href":"https:\/\/yohannaa.com\/no\/wp-json\/wp\/v2\/product_tag?post=7315"}],"curies":[{"name":"wp","href":"https:\/\/api.w.org\/{rel}","templated":true}]}}