{"id":7314,"date":"2024-10-17T17:15:24","date_gmt":"2024-10-17T17:15:24","guid":{"rendered":"https:\/\/yohannaa.com\/product\/ors-innebygd-beskyttelse-no-lye-harrelaks-ekstra-sterk\/"},"modified":"2024-10-17T17:15:24","modified_gmt":"2024-10-17T17:15:24","slug":"ors-innebygd-beskyttelse-no-lye-harrelaks-ekstra-sterk","status":"publish","type":"product","link":"https:\/\/yohannaa.com\/no\/shop\/harpleie\/relaxer-n-teksturizer\/harfjerner\/ors-innebygd-beskyttelse-no-lye-harrelaks-ekstra-sterk\/","title":{"rendered":"ORS INNEBYGD BESKYTTELSE NO-LYE H\u00c5RRELAKS EKSTRA STERK"},"content":{"rendered":"<div class=\"e2-accordion\">\n<div class=\"e2-accordion__body e2-accordion__body--opened\">\n<div class=\"product-information__content\">\n<p class=\"product-general-information__section-item-short-description\">ORS Olive Oil Built-In Protection\u2122 No-Lye Hair Relaxer-systemet tilf\u00f8rer h\u00e5ret fuktighetsgivende olivenolje og naturlige urter som bidrar til \u00e5 beskytte h\u00e5ret mot skader under behandlingen.<\/p>\n<\/div>\n<\/div>\n<\/div>\n<div class=\"e2-accordion\">\n<div class=\"e2-accordion__heading e2-accordion__heading--active e2-accordion__heading--clickable\">\n<h4 class=\"product-general-information__section-title\">Funksjoner<\/h4>\n<\/div>\n<div class=\"e2-accordion__body e2-accordion__body--opened\">\n<div>\n<p class=\"product-general-information__section-item-description\">&#8211; No-Lye Relaxer Treatment Flott for grove og kr\u00f8llete h\u00e5rtyper.<br \/>\n&#8211; 1 full applikasjon<br \/>\n&#8211; Infundert med olivenolje for en boost av fuktighet.<br \/>\n&#8211; Enkel formel gj\u00f8r at du kan slappe av h\u00e5ret hjemme.<\/p>\n<\/div>\n<\/div>\n<\/div>\n<div class=\"e2-accordion\">\n<div class=\"e2-accordion__heading e2-accordion__heading--active e2-accordion__heading--clickable\">\n<h4 class=\"product-general-information__section-title\">Advarsel eller restriksjoner<\/h4>\n<\/div>\n<div class=\"e2-accordion__body e2-accordion__body--opened\">\n<p class=\"product-general-information__section-item-description\">Unng\u00e5 kontakt med \u00f8yne og \u00e5pen\/irritert hud. Hvis kontakt oppst\u00e5r, skyll med vann. <\/p>\n<div class=\"e2-accordion\">\n<div class=\"e2-accordion__heading e2-accordion__heading--active e2-accordion__heading--clickable\">\n<h4 class=\"product-general-information__section-title\">Bruksomr\u00e5der for produktet<\/h4>\n<\/div>\n<div class=\"e2-accordion__body e2-accordion__body--opened\">\n<div>\n<p class=\"product-general-information__section-item-description\">F\u00f8lg trinn for trinn-veiledningen i settet for \u00e5 unng\u00e5 irritasjoner i hud og hodebunn.<\/p>\n<\/div>\n<\/div>\n<\/div>\n<\/div>\n<\/div>\n","protected":false},"excerpt":{"rendered":"<p>Organic Root Simulator Olive Oil No Lye Relaxer er et system utviklet for \u00e5 rette ut h\u00e5ret. Det revolusjonerende systemet bruker olivenolje for \u00e5 beskytte h\u00e5ret mot skader under relaxerprosessen. <\/p>\n","protected":false},"featured_media":6695,"comment_status":"open","ping_status":"closed","template":"","meta":[],"product_brand":[1225],"product_cat":[1621,1488,1503],"product_tag":[],"class_list":{"0":"post-7314","1":"product","2":"type-product","3":"status-publish","4":"has-post-thumbnail","6":"product_brand-ors","7":"product_cat-harfjerner","8":"product_cat-harpleie","9":"product_cat-relaxer-n-teksturizer","11":"first","12":"instock","13":"shipping-taxable","14":"purchasable","15":"product-type-simple"},"_links":{"self":[{"href":"https:\/\/yohannaa.com\/no\/wp-json\/wp\/v2\/product\/7314","targetHints":{"allow":["GET"]}}],"collection":[{"href":"https:\/\/yohannaa.com\/no\/wp-json\/wp\/v2\/product"}],"about":[{"href":"https:\/\/yohannaa.com\/no\/wp-json\/wp\/v2\/types\/product"}],"replies":[{"embeddable":true,"href":"https:\/\/yohannaa.com\/no\/wp-json\/wp\/v2\/comments?post=7314"}],"wp:featuredmedia":[{"embeddable":true,"href":"https:\/\/yohannaa.com\/no\/wp-json\/wp\/v2\/media\/6695"}],"wp:attachment":[{"href":"https:\/\/yohannaa.com\/no\/wp-json\/wp\/v2\/media?parent=7314"}],"wp:term":[{"taxonomy":"product_brand","embeddable":true,"href":"https:\/\/yohannaa.com\/no\/wp-json\/wp\/v2\/product_brand?post=7314"},{"taxonomy":"product_cat","embeddable":true,"href":"https:\/\/yohannaa.com\/no\/wp-json\/wp\/v2\/product_cat?post=7314"},{"taxonomy":"product_tag","embeddable":true,"href":"https:\/\/yohannaa.com\/no\/wp-json\/wp\/v2\/product_tag?post=7314"}],"curies":[{"name":"wp","href":"https:\/\/api.w.org\/{rel}","templated":true}]}}