{"id":7313,"date":"2024-10-18T17:15:24","date_gmt":"2024-10-18T17:15:24","guid":{"rendered":"https:\/\/yohannaa.com\/product\/ors-olive-oil-with-sweet-almond-oil-extra-hold-edge-control-gel\/"},"modified":"2024-10-18T17:15:24","modified_gmt":"2024-10-18T17:15:24","slug":"ors-olive-oil-with-sweet-almond-oil-extra-hold-edge-control-gel","status":"publish","type":"product","link":"https:\/\/yohannaa.com\/no\/shop\/harpleie\/harstyling\/stylinggele\/ors-olive-oil-with-sweet-almond-oil-extra-hold-edge-control-gel\/","title":{"rendered":"ORS Olive Oil With Sweet Almond Oil Extra Hold Edge Control Gel"},"content":{"rendered":"<div class=\"e2-accordion\">\n<div class=\"e2-accordion__body e2-accordion__body--opened\">\n<div class=\"product-information__content\">\n<p class=\"product-general-information__section-item-short-description\">Olive Oil Edge Control\u2122 glatter og holder kantene nede samtidig som den tilf\u00f8rer glans og fuktighet til h\u00e5ret. Denne ikke-klebrig, ikke-fete formelen gir utmerket hold uten \u00e5 herde h\u00e5ret <\/p>\n<\/div>\n<\/div>\n<\/div>\n<div class=\"e2-accordion\">\n<div class=\"e2-accordion__heading e2-accordion__heading--active e2-accordion__heading--clickable\">\n<h4 class=\"product-general-information__section-title\">Funksjoner<\/h4>\n<\/div>\n<div class=\"e2-accordion__body e2-accordion__body--opened\">\n<div>\n<p class=\"product-general-information__section-item-description\">ORS Olive Oil Edge Control\u2122 har en unik alkoholfri formel som gir h\u00e5ret overlegen hold uten \u00e5 flasse. Den glatter og holder kantene nede samtidig som den tilf\u00f8rer glans og fuktighet. Denne ikke-klebende, ikke-fete formelen gir utmerket hold uten \u00e5 herde h\u00e5ret og er ideell for \u00e5 opprettholde en glatt stil og kontrollere h\u00e5rkantene. Perfekt for b\u00e5de avslappet og naturlig h\u00e5r! Ikke-klebrig, ikke-fettete, fuktighetsbevarende, herder ikke h\u00e5ret. Inneholder hveteprotein for \u00e5 gi styrke til h\u00e5ret og redusere avbrekk.     <\/p>\n<\/div>\n<\/div>\n<\/div>\n<div class=\"e2-accordion\">\n<div class=\"e2-accordion__heading e2-accordion__heading--active e2-accordion__heading--clickable\">\n<h4 class=\"product-general-information__section-title\">Fordel<\/h4>\n<\/div>\n<div class=\"e2-accordion__body e2-accordion__body--opened\">\n<div>\n<p class=\"product-general-information__section-item-description\">Olive Oil Edge Control\u2122 glatter og holder kantene nede samtidig som den tilf\u00f8rer glans og fuktighet til h\u00e5ret. Denne ikke-klebende, ikke-fete formelen gir utmerket hold uten \u00e5 herde h\u00e5ret. Ideell for \u00e5 opprettholde glatte frisyrer. Perfekt for b\u00e5de avslappet og naturlig h\u00e5r!   <\/p>\n<\/div>\n<\/div>\n<\/div>\n<div class=\"e2-accordion\">\n<div class=\"e2-accordion__heading e2-accordion__heading--active e2-accordion__heading--clickable\">\n<h4 class=\"product-general-information__section-title\">Advarsel eller restriksjoner<\/h4>\n<\/div>\n<div class=\"e2-accordion__body e2-accordion__body--opened\">\n<div>\n<p class=\"product-general-information__section-item-description\">Unng\u00e5 kontakt med \u00f8yne og \u00e5pen\/irritert hud. Hvis kontakt oppst\u00e5r, skyll med vann. <\/p>\n<\/div>\n<\/div>\n<\/div>\n<div class=\"e2-accordion\">\n<div class=\"e2-accordion__heading e2-accordion__heading--active e2-accordion__heading--clickable\">\n<h4 class=\"product-general-information__section-title\">Produktspesifikasjon<\/h4>\n<\/div>\n<div class=\"e2-accordion__body e2-accordion__body--opened\">\n<p class=\"product-general-information__section-item-description product-general-information__section-item-description--ingredients\">Aqua, Ceteareth-25, glyserin, propylenglykol, peg-7 glyserylkokosat, peg-7 hydrogenert ricinusolje, Olea Europaea (oliven) fruktolje, Aloe Barbadensis Leaf Juice, Cocodimonium Hydroxypropyl Hydrolyzed Wheat Protein, Vp\/Va Copolymer, Diazolidinyl Urea, Metylparaben, Propylparaben, Dmdm Hydantoin, Parfum, Alpha-Isomethyl Ionone, Benzyl Benzoate, Butylphenyl Methylpropional, Citronellol, Eugenol, Hexyl Cinnamal, Limonene, Linalool, Diazolidinyl Urea, Methylparaben, Propylparaben, Dmdm Hydantoin.<\/p>\n<\/div>\n<\/div>\n<div class=\"e2-accordion\">\n<div class=\"e2-accordion__heading e2-accordion__heading--active e2-accordion__heading--clickable\">\n<h4 class=\"product-general-information__section-title\">Bruksomr\u00e5der for produktet<\/h4>\n<\/div>\n<div class=\"e2-accordion__body e2-accordion__body--opened\">\n<div>\n<p class=\"product-general-information__section-item-description\">P\u00e5f\u00f8r p\u00e5 \u00f8nsket omr\u00e5de og glatt ut med fingertuppene eller en b\u00f8rste.<\/p>\n<\/div>\n<\/div>\n<\/div>\n","protected":false},"excerpt":{"rendered":"<p>Olive Oil Edge Control\u2122 glatter og holder kantene nede samtidig som den tilf\u00f8rer glans og fuktighet til h\u00e5ret. Denne ikke-klebende, ikke-fete formelen gir utmerket hold uten \u00e5 gj\u00f8re h\u00e5ret hardt. <\/p>\n","protected":false},"featured_media":6687,"comment_status":"open","ping_status":"closed","template":"","meta":[],"product_brand":[1225],"product_cat":[1469,1597],"product_tag":[],"class_list":{"0":"post-7313","1":"product","2":"type-product","3":"status-publish","4":"has-post-thumbnail","6":"product_brand-ors","7":"product_cat-harstyling","8":"product_cat-stylinggele","10":"first","11":"instock","12":"featured","13":"shipping-taxable","14":"purchasable","15":"product-type-simple"},"_links":{"self":[{"href":"https:\/\/yohannaa.com\/no\/wp-json\/wp\/v2\/product\/7313","targetHints":{"allow":["GET"]}}],"collection":[{"href":"https:\/\/yohannaa.com\/no\/wp-json\/wp\/v2\/product"}],"about":[{"href":"https:\/\/yohannaa.com\/no\/wp-json\/wp\/v2\/types\/product"}],"replies":[{"embeddable":true,"href":"https:\/\/yohannaa.com\/no\/wp-json\/wp\/v2\/comments?post=7313"}],"wp:featuredmedia":[{"embeddable":true,"href":"https:\/\/yohannaa.com\/no\/wp-json\/wp\/v2\/media\/6687"}],"wp:attachment":[{"href":"https:\/\/yohannaa.com\/no\/wp-json\/wp\/v2\/media?parent=7313"}],"wp:term":[{"taxonomy":"product_brand","embeddable":true,"href":"https:\/\/yohannaa.com\/no\/wp-json\/wp\/v2\/product_brand?post=7313"},{"taxonomy":"product_cat","embeddable":true,"href":"https:\/\/yohannaa.com\/no\/wp-json\/wp\/v2\/product_cat?post=7313"},{"taxonomy":"product_tag","embeddable":true,"href":"https:\/\/yohannaa.com\/no\/wp-json\/wp\/v2\/product_tag?post=7313"}],"curies":[{"name":"wp","href":"https:\/\/api.w.org\/{rel}","templated":true}]}}