{"id":7312,"date":"2024-10-17T17:15:25","date_gmt":"2024-10-17T17:15:25","guid":{"rendered":"https:\/\/yohannaa.com\/product\/ors-olive-oil-professional-creme-relaxer\/"},"modified":"2024-10-17T17:15:25","modified_gmt":"2024-10-17T17:15:25","slug":"ors-olive-oil-professional-creme-relaxer","status":"publish","type":"product","link":"https:\/\/yohannaa.com\/no\/shop\/harpleie\/relaxer-n-teksturizer\/harfjerner\/ors-olive-oil-professional-creme-relaxer\/","title":{"rendered":"ORS Olive Oil Professional Creme Relaxer"},"content":{"rendered":"<p>Organic Root Stimulator Professional Creme Relaxer er en ekstraordin\u00e6r, pleiende relaxer beriket med olivenolje og lanolin. Den gir deg kontrollert utretting for \u00e5 redusere overbehandling, og skaper vakkert h\u00e5r som er silkeaktig og utrolig h\u00e5ndterbart. Tilgjengelig i Normal og Extra styrke. Kun for profesjonell bruk. F\u00f8lg instruksjonene n\u00f8ye for \u00e5 unng\u00e5 irritasjon av hud og hodebunn. Olive Oil No Lye Relaxer System , Dette revolusjonerende systemet bruker olivenolje for \u00e5 beskytte h\u00e5ret mot skader under relaxerprosessen. Det gir deg kontinuerlig beskyttelse mens det glatter ut og gir langvarig glans uten oppbyggingen som andre relaxere uten lut etterlater i h\u00e5ret. Tilgjengelig i Normal og Extra styrke. Kun for profesjonell bruk. F\u00f8lg bruksanvisningen n\u00f8ye for \u00e5 unng\u00e5 irritasjon av hud og hodebunn.    <\/p>\n","protected":false},"excerpt":{"rendered":"<p>Organic Root Stimulator Professional Creme Relaxer er en ekstraordin\u00e6r, pleiende relaxer beriket med olivenolje og lanolin. Den gir deg kontrollert utretting for \u00e5 redusere overbehandling, og skaper vakkert h\u00e5r som er silkeaktig og utrolig h\u00e5ndterbart. <\/p>\n","protected":false},"featured_media":6696,"comment_status":"open","ping_status":"closed","template":"","meta":[],"product_brand":[1225],"product_cat":[1621,1488,1503],"product_tag":[],"class_list":{"0":"post-7312","1":"product","2":"type-product","3":"status-publish","4":"has-post-thumbnail","6":"product_brand-ors","7":"product_cat-harfjerner","8":"product_cat-harpleie","9":"product_cat-relaxer-n-teksturizer","11":"first","12":"instock","13":"shipping-taxable","14":"purchasable","15":"product-type-simple"},"_links":{"self":[{"href":"https:\/\/yohannaa.com\/no\/wp-json\/wp\/v2\/product\/7312","targetHints":{"allow":["GET"]}}],"collection":[{"href":"https:\/\/yohannaa.com\/no\/wp-json\/wp\/v2\/product"}],"about":[{"href":"https:\/\/yohannaa.com\/no\/wp-json\/wp\/v2\/types\/product"}],"replies":[{"embeddable":true,"href":"https:\/\/yohannaa.com\/no\/wp-json\/wp\/v2\/comments?post=7312"}],"wp:featuredmedia":[{"embeddable":true,"href":"https:\/\/yohannaa.com\/no\/wp-json\/wp\/v2\/media\/6696"}],"wp:attachment":[{"href":"https:\/\/yohannaa.com\/no\/wp-json\/wp\/v2\/media?parent=7312"}],"wp:term":[{"taxonomy":"product_brand","embeddable":true,"href":"https:\/\/yohannaa.com\/no\/wp-json\/wp\/v2\/product_brand?post=7312"},{"taxonomy":"product_cat","embeddable":true,"href":"https:\/\/yohannaa.com\/no\/wp-json\/wp\/v2\/product_cat?post=7312"},{"taxonomy":"product_tag","embeddable":true,"href":"https:\/\/yohannaa.com\/no\/wp-json\/wp\/v2\/product_tag?post=7312"}],"curies":[{"name":"wp","href":"https:\/\/api.w.org\/{rel}","templated":true}]}}