{"id":7311,"date":"2024-10-18T17:15:24","date_gmt":"2024-10-18T17:15:24","guid":{"rendered":"https:\/\/yohannaa.com\/product\/ors-olivenolje-creme-hairdress-170g\/"},"modified":"2024-10-18T17:15:24","modified_gmt":"2024-10-18T17:15:24","slug":"ors-olivenolje-creme-hairdress-170g","status":"publish","type":"product","link":"https:\/\/yohannaa.com\/no\/shop\/harpleie\/fuktighetskremer-for-haret\/fuktighetsgivende-krem-og-lotion\/ors-olivenolje-creme-hairdress-170g\/","title":{"rendered":"Ors Olivenolje Creme Hairdress 170G"},"content":{"rendered":"<div class=\"styled__Content-mfe-pdp__sc-1od89q4-2 inzabT\"><strong><span class=\"styled__Block-mfe-pdp__sc-1od89q4-1 bICtby\">Olivenolje Fortifying Cr\u00e8me Hair Dress<\/span><\/strong><\/div>\n<div class=\"styled__Content-mfe-pdp__sc-1od89q4-2 inzabT\"><span class=\"styled__Block-mfe-pdp__sc-1od89q4-1 bICtby\">ORS\u2122 Olive Oil Fortifying Cr\u00e8me Hair Dress kombinerer kraften fra n\u00e6rende olivenolje og styrkende ricinusolje for \u00e5 fukte og fremme lengre og sterkere h\u00e5r.<\/span><span class=\"styled__Block-mfe-pdp__sc-1od89q4-1 bICtby\">N\u00e6rer og beskytter t\u00f8rt, spr\u00f8tt h\u00e5r<\/span><span class=\"styled__Block-mfe-pdp__sc-1od89q4-1 bICtby\">Bidrar til \u00e5 forebygge spaltede tupper og avbrekk <\/span><span class=\"styled__Block-mfe-pdp__sc-1od89q4-1 bICtby\">Bidrar til \u00e5 forbedre helsen i hodebunnen<\/span><span class=\"styled__Block-mfe-pdp__sc-1od89q4-1 bICtby\">Etterlater h\u00e5ret mykt, glansfullt og mer h\u00e5ndterbart<\/span><span class=\"styled__Block-mfe-pdp__sc-1od89q4-1 bICtby\">Fremmer sunn h\u00e5rvekst*<\/span><span class=\"styled__Block-mfe-pdp__sc-1od89q4-1 bICtby\">*Bidrar til \u00e5 redusere avbrekk og skaper et bedre milj\u00f8 for at h\u00e5ret skal trives.<\/span><span class=\"styled__Block-mfe-pdp__sc-1od89q4-1 bICtby\">For styrking**<\/span><span class=\"styled__Block-mfe-pdp__sc-1od89q4-1 bICtby\">**I forhold til ubehandlet kontroll.<\/span><\/div>\n<div class=\"styled__Content-mfe-pdp__sc-1od89q4-2 inzabT\"><span class=\"styled__Block-mfe-pdp__sc-1od89q4-1 bICtby\">Original rotstimulator<\/span><span class=\"styled__Block-mfe-pdp__sc-1od89q4-1 bICtby\">Tilsatt ricinusolje<\/span><span class=\"styled__Block-mfe-pdp__sc-1od89q4-1 bICtby\">N\u00e6rer t\u00f8rt og t\u00f8rst h\u00e5r og hodebunn<\/span><\/div>\n<div class=\"styled__Content-mfe-pdp__sc-1od89q4-2 inzabT\"><span class=\"styled__Block-mfe-pdp__sc-1od89q4-1 bICtby\">Pakningsst\u00f8rrelse: 170 g<\/span><\/div>\n<h3 class=\"component__StyledHeading-sc-1t0ixqu-0 grEsQE ddsweb-heading styled__StyledHeading-mfe-pdp__sc-1od89q4-0 fHRDrr\">Ingredienser<\/h3>\n<div class=\"styled__Content-mfe-pdp__sc-1od89q4-2 inzabT\">Aqua (vann\/au), Paraffinum Liquidum, Mineral Oil\/Huile Minerale, Cetearyl Alcohol, Olea Europaea (oliven) fruktolje, Glycerin, Isopropyl Palmitate, Carthamus Tinctorius (saflor) fr\u00f8olje, Lanolin, Petrolatum, Dimethicone, Ricinus Communis (Castor) Seed Oil, Sodium Cetearyl Sulfate, Cholesterol, Carbomer, Glyceryl Linoleate, Glyceryl Linolenate, Zingber Officinale (ingef\u00e6r) Root Extract, Yucca Schidigera Leaf\/Root\/Stem Extract, Urtica Dioica (Nettle) Extract, Equisetum Arveense Extract, Rosmarinus Officinalis (rosmarin) Extract, Sodium Benzoate, Potassium Sorbate, Citric Acid, Butylene Glycol, Polysorbate 20, Aminomethyl Propanol, Parfum (duft), Phenoxyethanol, Benzoic Acid, Etylheksylglyserin, Glycereth-2 Cocoate, Benzyl Salicylate, Butylphenyl Methylpropional, Cinnamyl Alcohol, Citronellol, Coumarin, Eugenol, Geraniol, Hexyl Cinnamal, Hydroxycitronellal, Limonene, Linalool, CI 19140 (Yellow 5), CI 642090 (Blue 1)<\/div>\n<h3 class=\"component__StyledHeading-sc-1t0ixqu-0 grEsQE ddsweb-heading styled__StyledHeading-mfe-pdp__sc-1od89q4-0 fHRDrr\">Produsere av<\/h3>\n<div class=\"styled__Content-mfe-pdp__sc-1od89q4-2 inzabT\">Laget i USA av amerikanske og importerte ingredienser<\/div>\n<h3 class=\"component__StyledHeading-sc-1t0ixqu-0 grEsQE ddsweb-heading styled__StyledHeading-mfe-pdp__sc-1od89q4-0 fHRDrr\">Netto innhold<\/h3>\n<div class=\"styled__Content-mfe-pdp__sc-1od89q4-2 inzabT\">170g<\/div>\n<h3 class=\"component__StyledHeading-sc-1t0ixqu-0 grEsQE ddsweb-heading styled__StyledHeading-mfe-pdp__sc-1od89q4-0 fHRDrr\">Tilberedelse og bruk<\/h3>\n<div class=\"styled__Content-mfe-pdp__sc-1od89q4-2 inzabT\"><span class=\"styled__Block-mfe-pdp__sc-1od89q4-1 bICtby\">Bruksanvisning: P\u00e5f\u00f8r en liten mengde i hendene, gni sammen og masser gjennom h\u00e5r og hodebunn, kam og style som vanlig.<\/span><\/div>\n","protected":false},"excerpt":{"rendered":"<p><span class=\"styled__Block-mfe-pdp__sc-1od89q4-1 bICtby\">ORS\u2122 Olive Oil Fortifying Cr\u00e8me Hair Dress kombinerer kraften fra n\u00e6rende olivenolje og styrkende ricinusolje for \u00e5 fukte og fremme lengre og sterkere h\u00e5r.<\/span><\/p>\n","protected":false},"featured_media":6688,"comment_status":"open","ping_status":"closed","template":"","meta":[],"product_brand":[1225],"product_cat":[1521,1520],"product_tag":[1620],"class_list":{"0":"post-7311","1":"product","2":"type-product","3":"status-publish","4":"has-post-thumbnail","6":"product_brand-ors","7":"product_cat-fuktighetsgivende-krem-og-lotion","8":"product_cat-fuktighetskremer-for-haret","9":"product_tag-harkrem-no","11":"first","12":"instock","13":"shipping-taxable","14":"purchasable","15":"product-type-simple"},"_links":{"self":[{"href":"https:\/\/yohannaa.com\/no\/wp-json\/wp\/v2\/product\/7311","targetHints":{"allow":["GET"]}}],"collection":[{"href":"https:\/\/yohannaa.com\/no\/wp-json\/wp\/v2\/product"}],"about":[{"href":"https:\/\/yohannaa.com\/no\/wp-json\/wp\/v2\/types\/product"}],"replies":[{"embeddable":true,"href":"https:\/\/yohannaa.com\/no\/wp-json\/wp\/v2\/comments?post=7311"}],"wp:featuredmedia":[{"embeddable":true,"href":"https:\/\/yohannaa.com\/no\/wp-json\/wp\/v2\/media\/6688"}],"wp:attachment":[{"href":"https:\/\/yohannaa.com\/no\/wp-json\/wp\/v2\/media?parent=7311"}],"wp:term":[{"taxonomy":"product_brand","embeddable":true,"href":"https:\/\/yohannaa.com\/no\/wp-json\/wp\/v2\/product_brand?post=7311"},{"taxonomy":"product_cat","embeddable":true,"href":"https:\/\/yohannaa.com\/no\/wp-json\/wp\/v2\/product_cat?post=7311"},{"taxonomy":"product_tag","embeddable":true,"href":"https:\/\/yohannaa.com\/no\/wp-json\/wp\/v2\/product_tag?post=7311"}],"curies":[{"name":"wp","href":"https:\/\/api.w.org\/{rel}","templated":true}]}}