{"id":7310,"date":"2024-10-24T17:15:25","date_gmt":"2024-10-24T17:15:25","guid":{"rendered":"https:\/\/yohannaa.com\/product\/ors-jojoba-oil-hairdress\/"},"modified":"2024-10-24T17:15:25","modified_gmt":"2024-10-24T17:15:25","slug":"ors-jojoba-oil-hairdress","status":"publish","type":"product","link":"https:\/\/yohannaa.com\/no\/shop\/harpleie\/behandlinger\/behandling-av-hodebunnen\/ors-jojoba-oil-hairdress\/","title":{"rendered":"ORS Jojoba Oil Hairdress"},"content":{"rendered":"<p>Organic Root Stimulator Jojoba Oil Den mest glansgivende fuktighetskremen for h\u00e5r og hodebunn etterligner h\u00e5rbunnens naturlige sebumolje, noe som betyr at den virker effektivt. N\u00e5r jojobaolje p\u00e5f\u00f8res hodebunnen og h\u00e5ret, trekker den til seg og holder p\u00e5 fuktighet og glans. Jojobaolje sm\u00f8rer h\u00e5rstr\u00e5et slik at h\u00e5ret blir pleiet uten at det f\u00f8les fettete.  <\/p>\n","protected":false},"excerpt":{"rendered":"<p>Organic Root Stimulator Jojoba Oil Den fuktighetsgivende h\u00e5r- og hodebunnskremen som gir maksimal glans, etterligner hodebunnens naturlige talg, noe som betyr at den virker effektivt.<\/p>\n","protected":false},"featured_media":6888,"comment_status":"open","ping_status":"closed","template":"","meta":[],"product_brand":[1225],"product_cat":[1581,1549,1590],"product_tag":[1467],"class_list":{"0":"post-7310","1":"product","2":"type-product","3":"status-publish","4":"has-post-thumbnail","6":"product_brand-ors","7":"product_cat-behandling-av-hodebunnen","8":"product_cat-behandlinger","9":"product_cat-forsterkende-og-fortykkende-behandling","10":"product_tag-harpleie","12":"first","13":"instock","14":"shipping-taxable","15":"purchasable","16":"product-type-simple"},"_links":{"self":[{"href":"https:\/\/yohannaa.com\/no\/wp-json\/wp\/v2\/product\/7310","targetHints":{"allow":["GET"]}}],"collection":[{"href":"https:\/\/yohannaa.com\/no\/wp-json\/wp\/v2\/product"}],"about":[{"href":"https:\/\/yohannaa.com\/no\/wp-json\/wp\/v2\/types\/product"}],"replies":[{"embeddable":true,"href":"https:\/\/yohannaa.com\/no\/wp-json\/wp\/v2\/comments?post=7310"}],"wp:featuredmedia":[{"embeddable":true,"href":"https:\/\/yohannaa.com\/no\/wp-json\/wp\/v2\/media\/6888"}],"wp:attachment":[{"href":"https:\/\/yohannaa.com\/no\/wp-json\/wp\/v2\/media?parent=7310"}],"wp:term":[{"taxonomy":"product_brand","embeddable":true,"href":"https:\/\/yohannaa.com\/no\/wp-json\/wp\/v2\/product_brand?post=7310"},{"taxonomy":"product_cat","embeddable":true,"href":"https:\/\/yohannaa.com\/no\/wp-json\/wp\/v2\/product_cat?post=7310"},{"taxonomy":"product_tag","embeddable":true,"href":"https:\/\/yohannaa.com\/no\/wp-json\/wp\/v2\/product_tag?post=7310"}],"curies":[{"name":"wp","href":"https:\/\/api.w.org\/{rel}","templated":true}]}}