{"id":7309,"date":"2024-10-18T17:15:24","date_gmt":"2024-10-18T17:15:24","guid":{"rendered":"https:\/\/yohannaa.com\/product\/ors-hold-shine-wrap-set-mousse\/"},"modified":"2024-10-18T17:15:24","modified_gmt":"2024-10-18T17:15:24","slug":"ors-hold-shine-wrap-set-mousse","status":"publish","type":"product","link":"https:\/\/yohannaa.com\/no\/shop\/harpleie\/harstyling\/stylingmousse\/ors-hold-shine-wrap-set-mousse\/","title":{"rendered":"ORS HOLD &amp; SHINE WRAP SET MOUSSE"},"content":{"rendered":"<div id=\"prdGallery100\" class=\"row prd-block prd-block--mobile-image-first js-prd-gallery\">\n<div class=\"col-md-7 aside\">\n<div class=\"prd-block_info\">\n<div class=\"topline\">\n<p>ORS Olive Oil Hair Styling Mousse er perfekt til \u00e5 pakke inn eller sette h\u00e5ret i, og gir det godt hold og volum. Tilsatt olivenolje gir h\u00e5ret nytt liv og etterlater det sterkere og sunnere. <\/p>\n<p><b>Veibeskrivelse:<\/b><\/p>\n<p>Pump en liten mengde i h\u00e5ndflaten og gni sammen. P\u00e5f\u00f8r i v\u00e5tt h\u00e5r og kam gjennom for jevn fordeling. Pakk inn, form eller sett h\u00e5ret. Style som vanlig.   <\/p>\n<\/div>\n<\/div>\n<\/div>\n<\/div>\n","protected":false},"excerpt":{"rendered":"<p>ORS Olive Oil Hair Styling Mousse er perfekt til \u00e5 pakke inn eller sette h\u00e5ret i, og gir det godt hold og volum. Tilsatt olivenolje gir h\u00e5ret nytt liv og etterlater det sterkere og sunnere. <\/p>\n","protected":false},"featured_media":6691,"comment_status":"open","ping_status":"closed","template":"","meta":[],"product_brand":[1225],"product_cat":[1488,1469,1619],"product_tag":[],"class_list":{"0":"post-7309","1":"product","2":"type-product","3":"status-publish","4":"has-post-thumbnail","6":"product_brand-ors","7":"product_cat-harpleie","8":"product_cat-harstyling","9":"product_cat-stylingmousse","11":"first","12":"instock","13":"featured","14":"shipping-taxable","15":"purchasable","16":"product-type-simple"},"_links":{"self":[{"href":"https:\/\/yohannaa.com\/no\/wp-json\/wp\/v2\/product\/7309","targetHints":{"allow":["GET"]}}],"collection":[{"href":"https:\/\/yohannaa.com\/no\/wp-json\/wp\/v2\/product"}],"about":[{"href":"https:\/\/yohannaa.com\/no\/wp-json\/wp\/v2\/types\/product"}],"replies":[{"embeddable":true,"href":"https:\/\/yohannaa.com\/no\/wp-json\/wp\/v2\/comments?post=7309"}],"wp:featuredmedia":[{"embeddable":true,"href":"https:\/\/yohannaa.com\/no\/wp-json\/wp\/v2\/media\/6691"}],"wp:attachment":[{"href":"https:\/\/yohannaa.com\/no\/wp-json\/wp\/v2\/media?parent=7309"}],"wp:term":[{"taxonomy":"product_brand","embeddable":true,"href":"https:\/\/yohannaa.com\/no\/wp-json\/wp\/v2\/product_brand?post=7309"},{"taxonomy":"product_cat","embeddable":true,"href":"https:\/\/yohannaa.com\/no\/wp-json\/wp\/v2\/product_cat?post=7309"},{"taxonomy":"product_tag","embeddable":true,"href":"https:\/\/yohannaa.com\/no\/wp-json\/wp\/v2\/product_tag?post=7309"}],"curies":[{"name":"wp","href":"https:\/\/api.w.org\/{rel}","templated":true}]}}