{"id":7307,"date":"2024-10-18T17:15:24","date_gmt":"2024-10-18T17:15:24","guid":{"rendered":"https:\/\/yohannaa.com\/product\/ors-olive-oil-replenishing-conditioner-362-ml\/"},"modified":"2024-10-18T17:15:24","modified_gmt":"2024-10-18T17:15:24","slug":"ors-olive-oil-replenishing-conditioner-362-ml","status":"publish","type":"product","link":"https:\/\/yohannaa.com\/no\/shop\/harpleie\/balsam\/fuktighetsgivende-balsam\/ors-olive-oil-replenishing-conditioner-362-ml\/","title":{"rendered":"ORS Olive Oil Replenishing Conditioner 362 ml"},"content":{"rendered":"<p><strong>Ors Hair Products Uk<\/strong> Olive Oil Replenishing Conditioner hjelper deg med \u00e5 gi h\u00e5ret dypere fuktighet og glans i hodebunnen. Denne balsamen er formulert med s\u00f8t appelsinolje, olivenolje og marine proteiner. <strong>Ors Hair Products Uk<\/strong> Olive Oil balsam bidrar til \u00e5 styrke og balansere fuktigheten og proteinniv\u00e5et i h\u00e5ret, noe som resulterer i sterkere og sunnere h\u00e5r. F\u00e5 skinnende og h\u00e5ndterbart h\u00e5r n\u00e5 med ORS. Dette produktet kan brukes til alle typer h\u00e5r. Hvordan bruke: P\u00e5f\u00f8r <strong>Ors Hair Products Uk <\/strong>conditioner og masser det inn i h\u00e5ret. Kam h\u00e5ret for total fordeling. Sett deretter en plasthette over hele h\u00e5ret og la det virke i 10-15 minutter, uten varme etter en relaxer og med varme etter vanlig sjampo. La det virke i 45 minutter, og skyll ut. Bruk varmt vann til \u00e5 skylle h\u00e5ret. Fortsett med hvilken styling du vil. Ingredienser: Tilf\u00f8rt rike fettsyrer. Fuktigheten g\u00e5r direkte inn i h\u00e5rstr\u00e5et. Aqua (vann\/eau), glyserin, glycine sojaolje (sojab\u00f8nneolje), Olea Europaea (olivenolje), Citrus Aurantium Dulcis (appelsinolje), polyquaternium-37, hydrolysert kollagen, propylenglykoldiaprylat\/diaplat, PPG-1 trideceth-6, quaternium-80, dimetikon, PEG-9 dimetikon, butylenglykol, Zingiber Officinale (ingef\u00e6r) rotekstrakt, Yucca Schidigera blad\/rot\/stammeekstrakt, Urtica Dioica (brennesle) bladekstrakt, Equisetum Arvense-ekstrakt, Rosmarinus Officinalis (rosmarin) bladekstrakt, panthenol, silkeaminosyrer, plysorbat 20, hydrolyserte glykosaminoglykaner, Natriumbenzoat, kaliumsorbat, sitronsyre, aminometylpropanol, dinatrium-EDTA, DMDM-hydantoin, metylklorisotiazolinon, metylisotiazolinon, CI 15985 (gul 6), CI 19140 (gul 5)   <\/p>\n<h3 class=\"component__StyledHeading-sc-1t0ixqu-0 grEsQE ddsweb-heading styled__StyledHeading-mfe-pdp__sc-1od89q4-0 fHRDrr\">Tilberedelse og bruk<\/h3>\n<div class=\"styled__Content-mfe-pdp__sc-1od89q4-2 inzabT\"><span class=\"styled__Block-mfe-pdp__sc-1od89q4-1 bICtby\">Bruksanvisning: Etter sjamponering med ORS\u2122 Olive Oil Moisture Restore Creamy Aloe Shampoo\u2122, p\u00e5f\u00f8r en sjener\u00f8s mengde i h\u00e5ret og kam gjennom for jevn fordeling. For best resultat, legg en plasthette over h\u00e5ret og la det sitte under en varm t\u00f8rketrommel i 10-15 minutter, eller la det sitte i h\u00e5ret i 45 minutter til 1 time uten varme. Skyll grundig.  <\/span><\/div>\n","protected":false},"excerpt":{"rendered":"<p>Olive Oil Replenishing Conditioner hjelper til med \u00e5 gi h\u00e5ret dypere fuktighet og glans i hodebunnen. Denne balsamen er formulert med s\u00f8t appelsinolje, olivenolje og marine proteiner. <\/p>\n","protected":false},"featured_media":6693,"comment_status":"open","ping_status":"closed","template":"","meta":[],"product_brand":[1225],"product_cat":[1618,1488,1544],"product_tag":[],"class_list":{"0":"post-7307","1":"product","2":"type-product","3":"status-publish","4":"has-post-thumbnail","6":"product_brand-ors","7":"product_cat-fuktighetsgivende-balsam","8":"product_cat-harpleie","9":"product_cat-strengthening-n-thickening-conditioner-no","11":"first","12":"instock","13":"shipping-taxable","14":"purchasable","15":"product-type-simple"},"_links":{"self":[{"href":"https:\/\/yohannaa.com\/no\/wp-json\/wp\/v2\/product\/7307","targetHints":{"allow":["GET"]}}],"collection":[{"href":"https:\/\/yohannaa.com\/no\/wp-json\/wp\/v2\/product"}],"about":[{"href":"https:\/\/yohannaa.com\/no\/wp-json\/wp\/v2\/types\/product"}],"replies":[{"embeddable":true,"href":"https:\/\/yohannaa.com\/no\/wp-json\/wp\/v2\/comments?post=7307"}],"wp:featuredmedia":[{"embeddable":true,"href":"https:\/\/yohannaa.com\/no\/wp-json\/wp\/v2\/media\/6693"}],"wp:attachment":[{"href":"https:\/\/yohannaa.com\/no\/wp-json\/wp\/v2\/media?parent=7307"}],"wp:term":[{"taxonomy":"product_brand","embeddable":true,"href":"https:\/\/yohannaa.com\/no\/wp-json\/wp\/v2\/product_brand?post=7307"},{"taxonomy":"product_cat","embeddable":true,"href":"https:\/\/yohannaa.com\/no\/wp-json\/wp\/v2\/product_cat?post=7307"},{"taxonomy":"product_tag","embeddable":true,"href":"https:\/\/yohannaa.com\/no\/wp-json\/wp\/v2\/product_tag?post=7307"}],"curies":[{"name":"wp","href":"https:\/\/api.w.org\/{rel}","templated":true}]}}