{"id":7306,"date":"2024-10-17T17:15:25","date_gmt":"2024-10-17T17:15:25","guid":{"rendered":"https:\/\/yohannaa.com\/product\/ors-gulrotolje-creme\/"},"modified":"2024-12-02T20:04:19","modified_gmt":"2024-12-02T20:04:19","slug":"ors-gulrotolje-creme","status":"publish","type":"product","link":"https:\/\/yohannaa.com\/no\/shop\/harpleie\/fuktighetskremer-for-haret\/fuktighetsgivende-krem-og-lotion\/ors-gulrotolje-creme\/","title":{"rendered":"ORS gulrotolje-creme"},"content":{"rendered":"<p>ORS Carrot Oil Creme: Organic ROOT Stimulator har blandet de mest styrkende stoffene som finnes i naturen, for \u00e5 stimulere reparasjonsprosessen i skadet h\u00e5r. Gulrotolje er en vitaminrik krem som trenger dypt inn i h\u00e5rstr\u00e5et for \u00e5 tilf\u00f8re n\u00e6ringsstoffer og vitaminer som reparerer, styrker og gir fuktighet til skadet h\u00e5r. Gulrotoljen er full av betakaroten, vitamin A, E og aminosyrer, og fremmer utviklingen av nye h\u00e5r- og hudceller. Carrot Oil er et petroleumsfritt og mineraloljefritt produkt som etterlater h\u00e5ret utrolig silkemykt og skinnende fra rot til topp. Bruk daglig for best resultat. Passer utmerket til fint til middels tykt h\u00e5r: avslappet, presset, kr\u00f8llete, permanentet og fargebehandlet h\u00e5r.     <\/p>\n","protected":false},"excerpt":{"rendered":"<p>Organic ROOT Stimulator er en blanding av de mest styrkende stoffene som finnes i naturen, og som skynder seg inn i skadet h\u00e5r for \u00e5 stimulere reparasjonsprosessen. Gulrotolje er en vitaminrik krem som trenger dypt inn i h\u00e5rstr\u00e5et for \u00e5 tilf\u00f8re n\u00e6ringsstoffer og vitaminer som reparerer, styrker og gir fuktighet til skadet h\u00e5r. <\/p>\n","protected":false},"featured_media":9229,"comment_status":"open","ping_status":"closed","template":"","meta":[],"product_brand":[1225],"product_cat":[1521,1520,1488],"product_tag":[],"class_list":{"0":"post-7306","1":"product","2":"type-product","3":"status-publish","4":"has-post-thumbnail","6":"product_brand-ors","7":"product_cat-fuktighetsgivende-krem-og-lotion","8":"product_cat-fuktighetskremer-for-haret","9":"product_cat-harpleie","11":"first","12":"instock","13":"featured","14":"shipping-taxable","15":"purchasable","16":"product-type-simple"},"_links":{"self":[{"href":"https:\/\/yohannaa.com\/no\/wp-json\/wp\/v2\/product\/7306","targetHints":{"allow":["GET"]}}],"collection":[{"href":"https:\/\/yohannaa.com\/no\/wp-json\/wp\/v2\/product"}],"about":[{"href":"https:\/\/yohannaa.com\/no\/wp-json\/wp\/v2\/types\/product"}],"replies":[{"embeddable":true,"href":"https:\/\/yohannaa.com\/no\/wp-json\/wp\/v2\/comments?post=7306"}],"wp:featuredmedia":[{"embeddable":true,"href":"https:\/\/yohannaa.com\/no\/wp-json\/wp\/v2\/media\/9229"}],"wp:attachment":[{"href":"https:\/\/yohannaa.com\/no\/wp-json\/wp\/v2\/media?parent=7306"}],"wp:term":[{"taxonomy":"product_brand","embeddable":true,"href":"https:\/\/yohannaa.com\/no\/wp-json\/wp\/v2\/product_brand?post=7306"},{"taxonomy":"product_cat","embeddable":true,"href":"https:\/\/yohannaa.com\/no\/wp-json\/wp\/v2\/product_cat?post=7306"},{"taxonomy":"product_tag","embeddable":true,"href":"https:\/\/yohannaa.com\/no\/wp-json\/wp\/v2\/product_tag?post=7306"}],"curies":[{"name":"wp","href":"https:\/\/api.w.org\/{rel}","templated":true}]}}